{"id":27022,"date":"2026-02-27T00:35:06","date_gmt":"2026-02-27T00:35:06","guid":{"rendered":"https:\/\/nordicmart.andreevmaster.com\/product\/vandmanden-magnet-stjernetegn\/"},"modified":"2026-02-27T09:14:06","modified_gmt":"2026-02-27T09:14:06","slug":"vandmanden-magnet-stjernetegn","status":"publish","type":"product","link":"https:\/\/nordicmart.andreevmaster.com\/da\/vare\/vandmanden-magnet-stjernetegn\/","title":{"rendered":"Vandmanden Magnet stjernetegn"},"content":{"rendered":"<p>Vandmanden Magnet stjernetegn&nbsp;&nbsp;K\u00f8leskabsmagnet til den ambiti\u00f8se, vedholdende og st\u00e6dige stjernetegn Vandmanden. Vandmanden er en person, der v\u00e6rds\u00e6tter uafh\u00e6ngighed, er tolerant og vision\u00e6r. En k\u00f8leskabsmagnet med billedet af stjernetegnet Vandmanden er en god id\u00e9 til en lille gave eller et supplement til en gave til en person, der er f\u00f8dt i Vandmandens tegn, og til fans af astrologi.&nbsp;I midten af magneten er der et billede af stjernetegnet Vandmanden. P\u00e5 den gyldne kant er der symboler for alle stjernetegn.&nbsp;Vandmanden Magnet Stjernetegn Specifikation:&nbsp;Materiale: emaljeret metalFarve: guld, sortSymboler for alle stjernetegn p\u00e5 kantenVandmanden i midtenDimensioner: diameter 6 cm&nbsp;<\/p>\n","protected":false},"excerpt":{"rendered":"<p>Vandmanden Magnet stjernetegn&nbsp;&nbsp;K\u00f8leskabsmagnet til den ambiti\u00f8se, vedholdende og st\u00e6dige stjernetegn Vandmanden. Vandmanden er en person, der v\u00e6rds\u00e6tter uafh\u00e6ngighed, er tolerant og vision\u00e6r. En k\u00f8leskabsmagnet med billedet af stjernetegnet Vandmanden er en god id\u00e9 til en lille gave eller et supplement til en gave til en person, der er f\u00f8dt i Vandmandens tegn, og til fans [&hellip;]<\/p>\n","protected":false},"featured_media":44808,"comment_status":"open","ping_status":"closed","template":"","meta":[],"product_brand":[],"product_cat":[31],"product_tag":[],"class_list":{"0":"post-27022","1":"product","2":"type-product","3":"status-publish","4":"has-post-thumbnail","6":"product_cat-uncategorized-da","8":"first","9":"instock","10":"shipping-taxable","11":"purchasable","12":"product-type-simple"},"_links":{"self":[{"href":"https:\/\/nordicmart.andreevmaster.com\/da\/wp-json\/wp\/v2\/product\/27022","targetHints":{"allow":["GET"]}}],"collection":[{"href":"https:\/\/nordicmart.andreevmaster.com\/da\/wp-json\/wp\/v2\/product"}],"about":[{"href":"https:\/\/nordicmart.andreevmaster.com\/da\/wp-json\/wp\/v2\/types\/product"}],"replies":[{"embeddable":true,"href":"https:\/\/nordicmart.andreevmaster.com\/da\/wp-json\/wp\/v2\/comments?post=27022"}],"wp:featuredmedia":[{"embeddable":true,"href":"https:\/\/nordicmart.andreevmaster.com\/da\/wp-json\/wp\/v2\/media\/44808"}],"wp:attachment":[{"href":"https:\/\/nordicmart.andreevmaster.com\/da\/wp-json\/wp\/v2\/media?parent=27022"}],"wp:term":[{"taxonomy":"product_brand","embeddable":true,"href":"https:\/\/nordicmart.andreevmaster.com\/da\/wp-json\/wp\/v2\/product_brand?post=27022"},{"taxonomy":"product_cat","embeddable":true,"href":"https:\/\/nordicmart.andreevmaster.com\/da\/wp-json\/wp\/v2\/product_cat?post=27022"},{"taxonomy":"product_tag","embeddable":true,"href":"https:\/\/nordicmart.andreevmaster.com\/da\/wp-json\/wp\/v2\/product_tag?post=27022"}],"curies":[{"name":"wp","href":"https:\/\/api.w.org\/{rel}","templated":true}]}}