{"id":27021,"date":"2026-02-27T00:35:06","date_gmt":"2026-02-27T00:35:06","guid":{"rendered":"https:\/\/nordicmart.andreevmaster.com\/product\/vaegt-magnet-stjernetegn\/"},"modified":"2026-02-27T09:14:06","modified_gmt":"2026-02-27T09:14:06","slug":"vaegt-magnet-stjernetegn","status":"publish","type":"product","link":"https:\/\/nordicmart.andreevmaster.com\/da\/vare\/vaegt-magnet-stjernetegn\/","title":{"rendered":"V\u00e6gt Magnet stjernetegn"},"content":{"rendered":"<p>V\u00e6gten Magnet stjernetegn&nbsp;K\u00f8leskabsmagnet til stjernetegnet V\u00e6gten med en st\u00e6rk sans for retf\u00e6rdighed og str\u00e6ben efter balance. V\u00e6gten v\u00e6rds\u00e6tter kunst, elegance og komfort. V\u00e6gten er mennesker, som man kan diskutere mange emner med. En k\u00f8leskabsmagnet med billedet af stjernetegnet V\u00e6gten er en god id\u00e9 til en lille gave eller et supplement til en gave til en person, der er f\u00f8dt i V\u00e6gtens tegn, og til fans af astrologi.&nbsp;I midten af magneten er der et billede af stjernetegnet V\u00e6gten. P\u00e5 den gyldne kant er der symboler for alle stjernetegn.&nbsp;V\u00e6gt Magnet Stjernetegn Specifikation:&nbsp;Materiale: emaljeret metalFarve: guld, sortSymboler for alle stjernetegn p\u00e5 kantenV\u00e6gten i midtenDimensioner: diameter 6 cm&nbsp;<\/p>\n","protected":false},"excerpt":{"rendered":"<p>V\u00e6gten Magnet stjernetegn&nbsp;K\u00f8leskabsmagnet til stjernetegnet V\u00e6gten med en st\u00e6rk sans for retf\u00e6rdighed og str\u00e6ben efter balance. V\u00e6gten v\u00e6rds\u00e6tter kunst, elegance og komfort. V\u00e6gten er mennesker, som man kan diskutere mange emner med. En k\u00f8leskabsmagnet med billedet af stjernetegnet V\u00e6gten er en god id\u00e9 til en lille gave eller et supplement til en gave til en [&hellip;]<\/p>\n","protected":false},"featured_media":44807,"comment_status":"open","ping_status":"closed","template":"","meta":[],"product_brand":[],"product_cat":[31],"product_tag":[],"class_list":{"0":"post-27021","1":"product","2":"type-product","3":"status-publish","4":"has-post-thumbnail","6":"product_cat-uncategorized-da","8":"first","9":"instock","10":"shipping-taxable","11":"purchasable","12":"product-type-simple"},"_links":{"self":[{"href":"https:\/\/nordicmart.andreevmaster.com\/da\/wp-json\/wp\/v2\/product\/27021","targetHints":{"allow":["GET"]}}],"collection":[{"href":"https:\/\/nordicmart.andreevmaster.com\/da\/wp-json\/wp\/v2\/product"}],"about":[{"href":"https:\/\/nordicmart.andreevmaster.com\/da\/wp-json\/wp\/v2\/types\/product"}],"replies":[{"embeddable":true,"href":"https:\/\/nordicmart.andreevmaster.com\/da\/wp-json\/wp\/v2\/comments?post=27021"}],"wp:featuredmedia":[{"embeddable":true,"href":"https:\/\/nordicmart.andreevmaster.com\/da\/wp-json\/wp\/v2\/media\/44807"}],"wp:attachment":[{"href":"https:\/\/nordicmart.andreevmaster.com\/da\/wp-json\/wp\/v2\/media?parent=27021"}],"wp:term":[{"taxonomy":"product_brand","embeddable":true,"href":"https:\/\/nordicmart.andreevmaster.com\/da\/wp-json\/wp\/v2\/product_brand?post=27021"},{"taxonomy":"product_cat","embeddable":true,"href":"https:\/\/nordicmart.andreevmaster.com\/da\/wp-json\/wp\/v2\/product_cat?post=27021"},{"taxonomy":"product_tag","embeddable":true,"href":"https:\/\/nordicmart.andreevmaster.com\/da\/wp-json\/wp\/v2\/product_tag?post=27021"}],"curies":[{"name":"wp","href":"https:\/\/api.w.org\/{rel}","templated":true}]}}