{"id":27020,"date":"2026-02-27T00:35:06","date_gmt":"2026-02-27T00:35:06","guid":{"rendered":"https:\/\/nordicmart.andreevmaster.com\/product\/skorpionen-magnet-stjernetegn\/"},"modified":"2026-02-27T09:14:06","modified_gmt":"2026-02-27T09:14:06","slug":"skorpionen-magnet-stjernetegn","status":"publish","type":"product","link":"https:\/\/nordicmart.andreevmaster.com\/da\/vare\/skorpionen-magnet-stjernetegn\/","title":{"rendered":"Skorpionen Magnet stjernetegn"},"content":{"rendered":"<p>Skorpionens stjernetegn magnet&nbsp;K\u00f8leskabsmagnet til de ekstremt mystiske, modige og st\u00e6rkt intuitive skorpioner. Skorpionen er en person, der hader fiasko, er indsigtsfuld og kompromisl\u00f8s. Han er den type person, man ikke b\u00f8r g\u00f8re til fjende. En k\u00f8leskabsmagnet med billedet af stjernetegnet Skorpionen er en god id\u00e9 til en lille gave til en person, der er f\u00f8dt i Skorpionens tegn, og til fans af astrologi.&nbsp;I midten af magneten er der et billede af stjernetegnet Skorpionen. P\u00e5 den gyldne kant er der symboler for alle stjernetegn.&nbsp;&nbsp;Skorpion-magnet Stjernetegn Specifikationer:&nbsp;Materiale: emaljeret metalFarve: guld, sortSymboler for alle stjernetegn p\u00e5 kantenSkorpionen i midtenDimensioner: diameter 6 cm&nbsp;<\/p>\n","protected":false},"excerpt":{"rendered":"<p>Skorpionens stjernetegn magnet&nbsp;K\u00f8leskabsmagnet til de ekstremt mystiske, modige og st\u00e6rkt intuitive skorpioner. Skorpionen er en person, der hader fiasko, er indsigtsfuld og kompromisl\u00f8s. Han er den type person, man ikke b\u00f8r g\u00f8re til fjende. En k\u00f8leskabsmagnet med billedet af stjernetegnet Skorpionen er en god id\u00e9 til en lille gave til en person, der er f\u00f8dt [&hellip;]<\/p>\n","protected":false},"featured_media":44806,"comment_status":"open","ping_status":"closed","template":"","meta":[],"product_brand":[],"product_cat":[31],"product_tag":[],"class_list":{"0":"post-27020","1":"product","2":"type-product","3":"status-publish","4":"has-post-thumbnail","6":"product_cat-uncategorized-da","8":"first","9":"instock","10":"shipping-taxable","11":"purchasable","12":"product-type-simple"},"_links":{"self":[{"href":"https:\/\/nordicmart.andreevmaster.com\/da\/wp-json\/wp\/v2\/product\/27020","targetHints":{"allow":["GET"]}}],"collection":[{"href":"https:\/\/nordicmart.andreevmaster.com\/da\/wp-json\/wp\/v2\/product"}],"about":[{"href":"https:\/\/nordicmart.andreevmaster.com\/da\/wp-json\/wp\/v2\/types\/product"}],"replies":[{"embeddable":true,"href":"https:\/\/nordicmart.andreevmaster.com\/da\/wp-json\/wp\/v2\/comments?post=27020"}],"wp:featuredmedia":[{"embeddable":true,"href":"https:\/\/nordicmart.andreevmaster.com\/da\/wp-json\/wp\/v2\/media\/44806"}],"wp:attachment":[{"href":"https:\/\/nordicmart.andreevmaster.com\/da\/wp-json\/wp\/v2\/media?parent=27020"}],"wp:term":[{"taxonomy":"product_brand","embeddable":true,"href":"https:\/\/nordicmart.andreevmaster.com\/da\/wp-json\/wp\/v2\/product_brand?post=27020"},{"taxonomy":"product_cat","embeddable":true,"href":"https:\/\/nordicmart.andreevmaster.com\/da\/wp-json\/wp\/v2\/product_cat?post=27020"},{"taxonomy":"product_tag","embeddable":true,"href":"https:\/\/nordicmart.andreevmaster.com\/da\/wp-json\/wp\/v2\/product_tag?post=27020"}],"curies":[{"name":"wp","href":"https:\/\/api.w.org\/{rel}","templated":true}]}}