{"id":27019,"date":"2026-02-27T00:35:05","date_gmt":"2026-02-27T00:35:05","guid":{"rendered":"https:\/\/nordicmart.andreevmaster.com\/product\/fiskene-magnet-stjernetegn\/"},"modified":"2026-02-27T09:14:05","modified_gmt":"2026-02-27T09:14:05","slug":"fiskene-magnet-stjernetegn","status":"publish","type":"product","link":"https:\/\/nordicmart.andreevmaster.com\/da\/vare\/fiskene-magnet-stjernetegn\/","title":{"rendered":"Fiskene Magnet stjernetegn"},"content":{"rendered":"<p>Fiskene Magnet stjernetegn&nbsp;&nbsp;K\u00f8leskabsmagnet til medf\u00f8lende, dedikerede, romantiske og idealistiske Fiskene. Fiskene er intelligente og omg\u00e6ngelige mennesker, der udm\u00e6rker sig i enhver situation takket v\u00e6re deres medf\u00f8dte intuition og empati. En k\u00f8leskabsmagnet med billedet af stjernetegnet Fiskene er en god id\u00e9 til en lille gave til en person f\u00f8dt i Fiskene og til fans af astrologi.&nbsp;I midten af magneten er der et billede af stjernetegnet Fiskene. P\u00e5 den gyldne kant er der symboler for alle stjernetegnene.&nbsp;&nbsp;Magnet Fiskene stjernetegn Specifikationer:&nbsp;Materiale: emaljeret metalFarve: guld, sortSymboler for alle stjernetegnene p\u00e5 kantenFiskene i midtenDimensioner: diameter 6 cm&nbsp;<\/p>\n","protected":false},"excerpt":{"rendered":"<p>Fiskene Magnet stjernetegn&nbsp;&nbsp;K\u00f8leskabsmagnet til medf\u00f8lende, dedikerede, romantiske og idealistiske Fiskene. Fiskene er intelligente og omg\u00e6ngelige mennesker, der udm\u00e6rker sig i enhver situation takket v\u00e6re deres medf\u00f8dte intuition og empati. En k\u00f8leskabsmagnet med billedet af stjernetegnet Fiskene er en god id\u00e9 til en lille gave til en person f\u00f8dt i Fiskene og til fans af astrologi.&nbsp;I [&hellip;]<\/p>\n","protected":false},"featured_media":44805,"comment_status":"open","ping_status":"closed","template":"","meta":[],"product_brand":[],"product_cat":[31],"product_tag":[],"class_list":{"0":"post-27019","1":"product","2":"type-product","3":"status-publish","4":"has-post-thumbnail","6":"product_cat-uncategorized-da","8":"first","9":"instock","10":"shipping-taxable","11":"purchasable","12":"product-type-simple"},"_links":{"self":[{"href":"https:\/\/nordicmart.andreevmaster.com\/da\/wp-json\/wp\/v2\/product\/27019","targetHints":{"allow":["GET"]}}],"collection":[{"href":"https:\/\/nordicmart.andreevmaster.com\/da\/wp-json\/wp\/v2\/product"}],"about":[{"href":"https:\/\/nordicmart.andreevmaster.com\/da\/wp-json\/wp\/v2\/types\/product"}],"replies":[{"embeddable":true,"href":"https:\/\/nordicmart.andreevmaster.com\/da\/wp-json\/wp\/v2\/comments?post=27019"}],"wp:featuredmedia":[{"embeddable":true,"href":"https:\/\/nordicmart.andreevmaster.com\/da\/wp-json\/wp\/v2\/media\/44805"}],"wp:attachment":[{"href":"https:\/\/nordicmart.andreevmaster.com\/da\/wp-json\/wp\/v2\/media?parent=27019"}],"wp:term":[{"taxonomy":"product_brand","embeddable":true,"href":"https:\/\/nordicmart.andreevmaster.com\/da\/wp-json\/wp\/v2\/product_brand?post=27019"},{"taxonomy":"product_cat","embeddable":true,"href":"https:\/\/nordicmart.andreevmaster.com\/da\/wp-json\/wp\/v2\/product_cat?post=27019"},{"taxonomy":"product_tag","embeddable":true,"href":"https:\/\/nordicmart.andreevmaster.com\/da\/wp-json\/wp\/v2\/product_tag?post=27019"}],"curies":[{"name":"wp","href":"https:\/\/api.w.org\/{rel}","templated":true}]}}