{"id":27018,"date":"2026-02-27T00:35:05","date_gmt":"2026-02-27T00:35:05","guid":{"rendered":"https:\/\/nordicmart.andreevmaster.com\/product\/krebsen-magnet-stjernetegn-rak\/"},"modified":"2026-02-27T09:14:05","modified_gmt":"2026-02-27T09:14:05","slug":"krebsen-magnet-stjernetegn-rak","status":"publish","type":"product","link":"https:\/\/nordicmart.andreevmaster.com\/da\/vare\/krebsen-magnet-stjernetegn-rak\/","title":{"rendered":"Krebsen Magnet stjernetegn | RAK"},"content":{"rendered":"<p>Krebsen Magnet stjernetegn&nbsp;&nbsp;K\u00f8leskabsmagnet til f\u00f8lsomme og mystiske Krebsen-stjernetegn. Krebsen er en empatisk, genert, loyal og omsorgsfuld person, der er kendetegnet ved hum\u00f8rsvingninger. En k\u00f8leskabsmagnet med billedet af stjernetegnet Krebsen er en god id\u00e9 til en lille gave eller et supplement til en gave til en person, der er f\u00f8dt i Krebsens tegn, og til fans af astrologi.&nbsp;I midten af magneten er der et billede af stjernetegnet Krebsen. P\u00e5 den gyldne kant er der symboler for alle stjernetegn.&nbsp;&nbsp;Krebs-magnet Stjernetegn Specifikationer:&nbsp;Materiale: emaljeret metalFarve: guld, sortSymboler for alle stjernetegn p\u00e5 kantenKrebs i midtenDimensioner: diameter 6 cm&nbsp;<\/p>\n","protected":false},"excerpt":{"rendered":"<p>Krebsen Magnet stjernetegn&nbsp;&nbsp;K\u00f8leskabsmagnet til f\u00f8lsomme og mystiske Krebsen-stjernetegn. Krebsen er en empatisk, genert, loyal og omsorgsfuld person, der er kendetegnet ved hum\u00f8rsvingninger. En k\u00f8leskabsmagnet med billedet af stjernetegnet Krebsen er en god id\u00e9 til en lille gave eller et supplement til en gave til en person, der er f\u00f8dt i Krebsens tegn, og til fans [&hellip;]<\/p>\n","protected":false},"featured_media":44804,"comment_status":"open","ping_status":"closed","template":"","meta":[],"product_brand":[],"product_cat":[31],"product_tag":[],"class_list":{"0":"post-27018","1":"product","2":"type-product","3":"status-publish","4":"has-post-thumbnail","6":"product_cat-uncategorized-da","8":"first","9":"instock","10":"shipping-taxable","11":"purchasable","12":"product-type-simple"},"_links":{"self":[{"href":"https:\/\/nordicmart.andreevmaster.com\/da\/wp-json\/wp\/v2\/product\/27018","targetHints":{"allow":["GET"]}}],"collection":[{"href":"https:\/\/nordicmart.andreevmaster.com\/da\/wp-json\/wp\/v2\/product"}],"about":[{"href":"https:\/\/nordicmart.andreevmaster.com\/da\/wp-json\/wp\/v2\/types\/product"}],"replies":[{"embeddable":true,"href":"https:\/\/nordicmart.andreevmaster.com\/da\/wp-json\/wp\/v2\/comments?post=27018"}],"wp:featuredmedia":[{"embeddable":true,"href":"https:\/\/nordicmart.andreevmaster.com\/da\/wp-json\/wp\/v2\/media\/44804"}],"wp:attachment":[{"href":"https:\/\/nordicmart.andreevmaster.com\/da\/wp-json\/wp\/v2\/media?parent=27018"}],"wp:term":[{"taxonomy":"product_brand","embeddable":true,"href":"https:\/\/nordicmart.andreevmaster.com\/da\/wp-json\/wp\/v2\/product_brand?post=27018"},{"taxonomy":"product_cat","embeddable":true,"href":"https:\/\/nordicmart.andreevmaster.com\/da\/wp-json\/wp\/v2\/product_cat?post=27018"},{"taxonomy":"product_tag","embeddable":true,"href":"https:\/\/nordicmart.andreevmaster.com\/da\/wp-json\/wp\/v2\/product_tag?post=27018"}],"curies":[{"name":"wp","href":"https:\/\/api.w.org\/{rel}","templated":true}]}}