{"id":27017,"date":"2026-02-27T00:35:05","date_gmt":"2026-02-27T00:35:05","guid":{"rendered":"https:\/\/nordicmart.andreevmaster.com\/product\/jomfruen-magnet-stjernetegn-pan\/"},"modified":"2026-02-27T09:14:05","modified_gmt":"2026-02-27T09:14:05","slug":"jomfruen-magnet-stjernetegn-pan","status":"publish","type":"product","link":"https:\/\/nordicmart.andreevmaster.com\/da\/vare\/jomfruen-magnet-stjernetegn-pan\/","title":{"rendered":"Jomfruen Magnet stjernetegn PAN"},"content":{"rendered":"<p>Jomfruen Magnet stjernetegn PAN&nbsp;&nbsp;K\u00f8leskabsmagnet til praktiske jomfruer, der elsker at l\u00e6re nye ting. Jomfruen er en person med et roligt temperament, der gerne tilbringer tid i en lille vennekreds. Jomfruer er ambiti\u00f8se, indsigtsfulde og t\u00e5lmodige mennesker. En k\u00f8leskabsmagnet med billedet af stjernetegnet Jomfruen er en god id\u00e9 til en lille gave eller et supplement til en gave til en person, der er f\u00f8dt i Jomfruens tegn, og til fans af astrologi.&nbsp;I midten af magneten er der et billede af stjernetegnet Jomfruen. P\u00e5 den gyldne kant er der symboler for alle stjernetegn. Jomfruen Magnet stjernetegn PAN specifikation: Materiale: emaljeret metal Farve: guld, sort Symboler for alle stjernetegn p\u00e5 kanten Jomfruen i midten Dimensioner: diameter 6 cm<\/p>\n","protected":false},"excerpt":{"rendered":"<p>Jomfruen Magnet stjernetegn PAN&nbsp;&nbsp;K\u00f8leskabsmagnet til praktiske jomfruer, der elsker at l\u00e6re nye ting. Jomfruen er en person med et roligt temperament, der gerne tilbringer tid i en lille vennekreds. Jomfruer er ambiti\u00f8se, indsigtsfulde og t\u00e5lmodige mennesker. En k\u00f8leskabsmagnet med billedet af stjernetegnet Jomfruen er en god id\u00e9 til en lille gave eller et supplement til [&hellip;]<\/p>\n","protected":false},"featured_media":44803,"comment_status":"open","ping_status":"closed","template":"","meta":[],"product_brand":[],"product_cat":[31],"product_tag":[],"class_list":{"0":"post-27017","1":"product","2":"type-product","3":"status-publish","4":"has-post-thumbnail","6":"product_cat-uncategorized-da","8":"first","9":"instock","10":"shipping-taxable","11":"purchasable","12":"product-type-simple"},"_links":{"self":[{"href":"https:\/\/nordicmart.andreevmaster.com\/da\/wp-json\/wp\/v2\/product\/27017","targetHints":{"allow":["GET"]}}],"collection":[{"href":"https:\/\/nordicmart.andreevmaster.com\/da\/wp-json\/wp\/v2\/product"}],"about":[{"href":"https:\/\/nordicmart.andreevmaster.com\/da\/wp-json\/wp\/v2\/types\/product"}],"replies":[{"embeddable":true,"href":"https:\/\/nordicmart.andreevmaster.com\/da\/wp-json\/wp\/v2\/comments?post=27017"}],"wp:featuredmedia":[{"embeddable":true,"href":"https:\/\/nordicmart.andreevmaster.com\/da\/wp-json\/wp\/v2\/media\/44803"}],"wp:attachment":[{"href":"https:\/\/nordicmart.andreevmaster.com\/da\/wp-json\/wp\/v2\/media?parent=27017"}],"wp:term":[{"taxonomy":"product_brand","embeddable":true,"href":"https:\/\/nordicmart.andreevmaster.com\/da\/wp-json\/wp\/v2\/product_brand?post=27017"},{"taxonomy":"product_cat","embeddable":true,"href":"https:\/\/nordicmart.andreevmaster.com\/da\/wp-json\/wp\/v2\/product_cat?post=27017"},{"taxonomy":"product_tag","embeddable":true,"href":"https:\/\/nordicmart.andreevmaster.com\/da\/wp-json\/wp\/v2\/product_tag?post=27017"}],"curies":[{"name":"wp","href":"https:\/\/api.w.org\/{rel}","templated":true}]}}