{"id":27016,"date":"2026-02-27T00:35:05","date_gmt":"2026-02-27T00:35:05","guid":{"rendered":"https:\/\/nordicmart.andreevmaster.com\/product\/love-dekorativ-figur-leo\/"},"modified":"2026-02-27T09:14:05","modified_gmt":"2026-02-27T09:14:05","slug":"love-dekorativ-figur-leo","status":"publish","type":"product","link":"https:\/\/nordicmart.andreevmaster.com\/da\/vare\/love-dekorativ-figur-leo\/","title":{"rendered":"L\u00f8ve \u2013 Dekorativ figur &#8211; LEO"},"content":{"rendered":"<p>L\u00f8ve \u2013 Dekorativ figur &#8211; LEO&nbsp;&nbsp;Vi pr\u00e6senterer en figur lavet af aluminium \u2013 en l\u00f8ve. Den dekorative figur LEO er en perfekt gave til stjernetegnet L\u00f8ven, som vil fremh\u00e6ve alle tegnets fordele. Den s\u00f8lvfarvede statuette vil se smuk ud i glamour\u00f8se og art deco-interi\u00f8rer. Den vil ogs\u00e5 fungere som et interessant supplement til eklektiske interi\u00f8rer.&nbsp;I gamle mellem\u00f8stlige kulturer var l\u00f8ven et attribut for Moder Gudinde, vogter af Inanas og Ishtars trone. I Hellas blev stjernebilledet L\u00f8ven identificeret med den nemeiske l\u00f8ve, hvis hud ikke kunne gennembores af noget sv\u00e6rd. L\u00f8ven, junglens konge, solens dyr, der tilh\u00f8rer elementet ild, er en hersker, der elsker, n\u00e5r alle \u00f8jne er rettet mod ham.&nbsp;&nbsp;Dimensioner:&nbsp;H\u00f8jde 24 cmBredde 7 cmDybde 15 cm&nbsp;Andre produktegenskaber:&nbsp;Materiale &ndash; AluminiumFarve &#8211; s\u00f8lv&nbsp;&nbsp;<\/p>\n","protected":false},"excerpt":{"rendered":"<p>L\u00f8ve \u2013 Dekorativ figur &#8211; LEO&nbsp;&nbsp;Vi pr\u00e6senterer en figur lavet af aluminium \u2013 en l\u00f8ve. Den dekorative figur LEO er en perfekt gave til stjernetegnet L\u00f8ven, som vil fremh\u00e6ve alle tegnets fordele. Den s\u00f8lvfarvede statuette vil se smuk ud i glamour\u00f8se og art deco-interi\u00f8rer. Den vil ogs\u00e5 fungere som et interessant supplement til eklektiske interi\u00f8rer.&nbsp;I [&hellip;]<\/p>\n","protected":false},"featured_media":44802,"comment_status":"open","ping_status":"closed","template":"","meta":[],"product_brand":[],"product_cat":[31],"product_tag":[],"class_list":{"0":"post-27016","1":"product","2":"type-product","3":"status-publish","4":"has-post-thumbnail","6":"product_cat-uncategorized-da","8":"first","9":"instock","10":"shipping-taxable","11":"purchasable","12":"product-type-simple"},"_links":{"self":[{"href":"https:\/\/nordicmart.andreevmaster.com\/da\/wp-json\/wp\/v2\/product\/27016","targetHints":{"allow":["GET"]}}],"collection":[{"href":"https:\/\/nordicmart.andreevmaster.com\/da\/wp-json\/wp\/v2\/product"}],"about":[{"href":"https:\/\/nordicmart.andreevmaster.com\/da\/wp-json\/wp\/v2\/types\/product"}],"replies":[{"embeddable":true,"href":"https:\/\/nordicmart.andreevmaster.com\/da\/wp-json\/wp\/v2\/comments?post=27016"}],"wp:featuredmedia":[{"embeddable":true,"href":"https:\/\/nordicmart.andreevmaster.com\/da\/wp-json\/wp\/v2\/media\/44802"}],"wp:attachment":[{"href":"https:\/\/nordicmart.andreevmaster.com\/da\/wp-json\/wp\/v2\/media?parent=27016"}],"wp:term":[{"taxonomy":"product_brand","embeddable":true,"href":"https:\/\/nordicmart.andreevmaster.com\/da\/wp-json\/wp\/v2\/product_brand?post=27016"},{"taxonomy":"product_cat","embeddable":true,"href":"https:\/\/nordicmart.andreevmaster.com\/da\/wp-json\/wp\/v2\/product_cat?post=27016"},{"taxonomy":"product_tag","embeddable":true,"href":"https:\/\/nordicmart.andreevmaster.com\/da\/wp-json\/wp\/v2\/product_tag?post=27016"}],"curies":[{"name":"wp","href":"https:\/\/api.w.org\/{rel}","templated":true}]}}