{"id":27015,"date":"2026-02-27T00:35:05","date_gmt":"2026-02-27T00:35:05","guid":{"rendered":"https:\/\/nordicmart.andreevmaster.com\/product\/leo-magnet-stjernetegn-lew\/"},"modified":"2026-02-27T09:14:05","modified_gmt":"2026-02-27T09:14:05","slug":"leo-magnet-stjernetegn-lew","status":"publish","type":"product","link":"https:\/\/nordicmart.andreevmaster.com\/da\/vare\/leo-magnet-stjernetegn-lew\/","title":{"rendered":"Leo Magnet stjernetegn | LEW"},"content":{"rendered":"<p>Leo Magnet stjernetegn&nbsp;&nbsp;K\u00f8leskabsmagnet til selvsikre stjernetegn Leoer, der forf\u00f8lger deres m\u00e5l. Leo er en ambiti\u00f8s person, der str\u00e6ber efter at forbedre sig selv. Stjernetegn Leoer er fulde af energi og optimisme. En k\u00f8leskabsmagnet med billedet af stjernetegnet L\u00f8ven er en god id\u00e9 til en lille gave eller et supplement til en gave til en person, der er f\u00f8dt i L\u00f8vens tegn, og til fans af astrologi.&nbsp;I midten af magneten er der et billede af stjernetegnet L\u00f8ven. P\u00e5 den gyldne kant er der symboler for alle stjernetegn.&nbsp;&nbsp;Magnet Leo Stjernetegn Specifikation:&nbsp;Materiale: emaljeret metalFarve: guld, sortSymboler for alle stjernetegn p\u00e5 kantenLeo i midtenDimensioner: diameter 6 cm&nbsp;<\/p>\n","protected":false},"excerpt":{"rendered":"<p>Leo Magnet stjernetegn&nbsp;&nbsp;K\u00f8leskabsmagnet til selvsikre stjernetegn Leoer, der forf\u00f8lger deres m\u00e5l. Leo er en ambiti\u00f8s person, der str\u00e6ber efter at forbedre sig selv. Stjernetegn Leoer er fulde af energi og optimisme. En k\u00f8leskabsmagnet med billedet af stjernetegnet L\u00f8ven er en god id\u00e9 til en lille gave eller et supplement til en gave til en person, [&hellip;]<\/p>\n","protected":false},"featured_media":44801,"comment_status":"open","ping_status":"closed","template":"","meta":[],"product_brand":[],"product_cat":[31],"product_tag":[],"class_list":{"0":"post-27015","1":"product","2":"type-product","3":"status-publish","4":"has-post-thumbnail","6":"product_cat-uncategorized-da","8":"first","9":"instock","10":"shipping-taxable","11":"purchasable","12":"product-type-simple"},"_links":{"self":[{"href":"https:\/\/nordicmart.andreevmaster.com\/da\/wp-json\/wp\/v2\/product\/27015","targetHints":{"allow":["GET"]}}],"collection":[{"href":"https:\/\/nordicmart.andreevmaster.com\/da\/wp-json\/wp\/v2\/product"}],"about":[{"href":"https:\/\/nordicmart.andreevmaster.com\/da\/wp-json\/wp\/v2\/types\/product"}],"replies":[{"embeddable":true,"href":"https:\/\/nordicmart.andreevmaster.com\/da\/wp-json\/wp\/v2\/comments?post=27015"}],"wp:featuredmedia":[{"embeddable":true,"href":"https:\/\/nordicmart.andreevmaster.com\/da\/wp-json\/wp\/v2\/media\/44801"}],"wp:attachment":[{"href":"https:\/\/nordicmart.andreevmaster.com\/da\/wp-json\/wp\/v2\/media?parent=27015"}],"wp:term":[{"taxonomy":"product_brand","embeddable":true,"href":"https:\/\/nordicmart.andreevmaster.com\/da\/wp-json\/wp\/v2\/product_brand?post=27015"},{"taxonomy":"product_cat","embeddable":true,"href":"https:\/\/nordicmart.andreevmaster.com\/da\/wp-json\/wp\/v2\/product_cat?post=27015"},{"taxonomy":"product_tag","embeddable":true,"href":"https:\/\/nordicmart.andreevmaster.com\/da\/wp-json\/wp\/v2\/product_tag?post=27015"}],"curies":[{"name":"wp","href":"https:\/\/api.w.org\/{rel}","templated":true}]}}