{"id":27014,"date":"2026-02-27T00:35:04","date_gmt":"2026-02-27T00:35:04","guid":{"rendered":"https:\/\/nordicmart.andreevmaster.com\/product\/stenbukken-dekorativ-figur-cap\/"},"modified":"2026-02-27T09:14:04","modified_gmt":"2026-02-27T09:14:04","slug":"stenbukken-dekorativ-figur-cap","status":"publish","type":"product","link":"https:\/\/nordicmart.andreevmaster.com\/da\/vare\/stenbukken-dekorativ-figur-cap\/","title":{"rendered":"Stenbukken \u2013 Dekorativ figur &#8211; CAP"},"content":{"rendered":"<p>Stenbukken \u2013 Dekorativ figur &#8211; CAP&nbsp;&nbsp;Vi pr\u00e6senterer en figur lavet af aluminium \u2013 stjernetegnet Stenbukken. Hvis du leder efter en interessant gave til en person, der er f\u00f8dt under dette stjernetegn, er du kommet til det rette sted. Denne dekorative figur viser det symbolske stjernetegn Stenbukken. Den s\u00f8lvfarvede finish giver figuren elegance, hvilket g\u00f8r den perfekt til klassiske, glamour\u00f8se og art deco-interi\u00f8rer. CAP-figuren er en god gaveid\u00e9 til stjernetegnet Stenbukken og astrologi-elskere.&nbsp;Vintersolhverv og den astronomiske vinter markeres af Solen i stjernebilledet Stenbukken. De gamle gr\u00e6kere troede, at den hornede gud Pan, s\u00f8n af Hermes og nymfen Dryope, hjalp med at redde verden fra monsteret Typhon ved at samle den leml\u00e6stede Zeus til en helhed. Zeus placerede ham taknemmeligt blandt stjernerne. Den l\u00e6ngste nat og den korteste dag i \u00e5rets perspektiv tilh\u00f8rer stjernetegnet Stenbukken. Stenbukken er yderst praktisk og t\u00e5lmodig, med en stor ansvarsf\u00f8lelse, og betragtes som en ret utiln\u00e6rmelig person. Men n\u00e5r vi giver ham tid, vil han overraske os med sin f\u00f8lsomhed og modenhed.&nbsp;&nbsp;M\u00e5l:&nbsp;H\u00f8jde 23,5 cmBredde 21 cmDybde 6 cm&nbsp;Andre produktegenskaber:&nbsp;Materiale &ndash; aluminiumFarve &ndash; s\u00f8lv&nbsp;<\/p>\n","protected":false},"excerpt":{"rendered":"<p>Stenbukken \u2013 Dekorativ figur &#8211; CAP&nbsp;&nbsp;Vi pr\u00e6senterer en figur lavet af aluminium \u2013 stjernetegnet Stenbukken. Hvis du leder efter en interessant gave til en person, der er f\u00f8dt under dette stjernetegn, er du kommet til det rette sted. Denne dekorative figur viser det symbolske stjernetegn Stenbukken. Den s\u00f8lvfarvede finish giver figuren elegance, hvilket g\u00f8r den [&hellip;]<\/p>\n","protected":false},"featured_media":44800,"comment_status":"open","ping_status":"closed","template":"","meta":[],"product_brand":[],"product_cat":[31],"product_tag":[],"class_list":{"0":"post-27014","1":"product","2":"type-product","3":"status-publish","4":"has-post-thumbnail","6":"product_cat-uncategorized-da","8":"first","9":"instock","10":"shipping-taxable","11":"purchasable","12":"product-type-simple"},"_links":{"self":[{"href":"https:\/\/nordicmart.andreevmaster.com\/da\/wp-json\/wp\/v2\/product\/27014","targetHints":{"allow":["GET"]}}],"collection":[{"href":"https:\/\/nordicmart.andreevmaster.com\/da\/wp-json\/wp\/v2\/product"}],"about":[{"href":"https:\/\/nordicmart.andreevmaster.com\/da\/wp-json\/wp\/v2\/types\/product"}],"replies":[{"embeddable":true,"href":"https:\/\/nordicmart.andreevmaster.com\/da\/wp-json\/wp\/v2\/comments?post=27014"}],"wp:featuredmedia":[{"embeddable":true,"href":"https:\/\/nordicmart.andreevmaster.com\/da\/wp-json\/wp\/v2\/media\/44800"}],"wp:attachment":[{"href":"https:\/\/nordicmart.andreevmaster.com\/da\/wp-json\/wp\/v2\/media?parent=27014"}],"wp:term":[{"taxonomy":"product_brand","embeddable":true,"href":"https:\/\/nordicmart.andreevmaster.com\/da\/wp-json\/wp\/v2\/product_brand?post=27014"},{"taxonomy":"product_cat","embeddable":true,"href":"https:\/\/nordicmart.andreevmaster.com\/da\/wp-json\/wp\/v2\/product_cat?post=27014"},{"taxonomy":"product_tag","embeddable":true,"href":"https:\/\/nordicmart.andreevmaster.com\/da\/wp-json\/wp\/v2\/product_tag?post=27014"}],"curies":[{"name":"wp","href":"https:\/\/api.w.org\/{rel}","templated":true}]}}