{"id":27013,"date":"2026-02-27T00:35:04","date_gmt":"2026-02-27T00:35:04","guid":{"rendered":"https:\/\/nordicmart.andreevmaster.com\/product\/stenbukken-magnet-stjernetegn-koz\/"},"modified":"2026-02-27T09:14:04","modified_gmt":"2026-02-27T09:14:04","slug":"stenbukken-magnet-stjernetegn-koz","status":"publish","type":"product","link":"https:\/\/nordicmart.andreevmaster.com\/da\/vare\/stenbukken-magnet-stjernetegn-koz\/","title":{"rendered":"Stenbukken Magnet stjernetegn KOZ"},"content":{"rendered":"<p>Stenbukken Magnet stjernetegn KOZ&nbsp;&nbsp;K\u00f8leskabsmagnet til ekstremt t\u00e5lmodige og praktiske Stenbukken-stjernetegn. Stenbukken er en person med en stor ansvarsf\u00f8lelse. Stenbukke betragtes som utiln\u00e6rmelige mennesker, men efter nogen tid overrasker de dig med deres f\u00f8lsomhed og modenhed. En k\u00f8leskabsmagnet med billedet af stjernetegnet Stenbukken er en god id\u00e9 til en lille gave eller et supplement til en gave til en person, der er f\u00f8dt i Stenbukkens tegn, og til fans af astrologi.&nbsp;I midten af magneten er der et billede af stjernetegnet Stenbukken. P\u00e5 den gyldne kant er der symboler for alle stjernetegn.&nbsp;&nbsp;Stenbukken Magnet stjernetegn KOZ specifikation:&nbsp;Materiale: emaljeret metalFarve: guld, sortSymboler for alle stjernetegn p\u00e5 kantenStenbukken i midtenDimensioner: diameter 6 cm&nbsp;<\/p>\n","protected":false},"excerpt":{"rendered":"<p>Stenbukken Magnet stjernetegn KOZ&nbsp;&nbsp;K\u00f8leskabsmagnet til ekstremt t\u00e5lmodige og praktiske Stenbukken-stjernetegn. Stenbukken er en person med en stor ansvarsf\u00f8lelse. Stenbukke betragtes som utiln\u00e6rmelige mennesker, men efter nogen tid overrasker de dig med deres f\u00f8lsomhed og modenhed. En k\u00f8leskabsmagnet med billedet af stjernetegnet Stenbukken er en god id\u00e9 til en lille gave eller et supplement til en [&hellip;]<\/p>\n","protected":false},"featured_media":44799,"comment_status":"open","ping_status":"closed","template":"","meta":[],"product_brand":[],"product_cat":[31],"product_tag":[],"class_list":{"0":"post-27013","1":"product","2":"type-product","3":"status-publish","4":"has-post-thumbnail","6":"product_cat-uncategorized-da","8":"first","9":"instock","10":"shipping-taxable","11":"purchasable","12":"product-type-simple"},"_links":{"self":[{"href":"https:\/\/nordicmart.andreevmaster.com\/da\/wp-json\/wp\/v2\/product\/27013","targetHints":{"allow":["GET"]}}],"collection":[{"href":"https:\/\/nordicmart.andreevmaster.com\/da\/wp-json\/wp\/v2\/product"}],"about":[{"href":"https:\/\/nordicmart.andreevmaster.com\/da\/wp-json\/wp\/v2\/types\/product"}],"replies":[{"embeddable":true,"href":"https:\/\/nordicmart.andreevmaster.com\/da\/wp-json\/wp\/v2\/comments?post=27013"}],"wp:featuredmedia":[{"embeddable":true,"href":"https:\/\/nordicmart.andreevmaster.com\/da\/wp-json\/wp\/v2\/media\/44799"}],"wp:attachment":[{"href":"https:\/\/nordicmart.andreevmaster.com\/da\/wp-json\/wp\/v2\/media?parent=27013"}],"wp:term":[{"taxonomy":"product_brand","embeddable":true,"href":"https:\/\/nordicmart.andreevmaster.com\/da\/wp-json\/wp\/v2\/product_brand?post=27013"},{"taxonomy":"product_cat","embeddable":true,"href":"https:\/\/nordicmart.andreevmaster.com\/da\/wp-json\/wp\/v2\/product_cat?post=27013"},{"taxonomy":"product_tag","embeddable":true,"href":"https:\/\/nordicmart.andreevmaster.com\/da\/wp-json\/wp\/v2\/product_tag?post=27013"}],"curies":[{"name":"wp","href":"https:\/\/api.w.org\/{rel}","templated":true}]}}