{"id":27012,"date":"2026-02-27T00:35:04","date_gmt":"2026-02-27T00:35:04","guid":{"rendered":"https:\/\/nordicmart.andreevmaster.com\/product\/taurus-magnet-stjernetegn\/"},"modified":"2026-02-27T09:14:04","modified_gmt":"2026-02-27T09:14:04","slug":"taurus-magnet-stjernetegn","status":"publish","type":"product","link":"https:\/\/nordicmart.andreevmaster.com\/da\/vare\/taurus-magnet-stjernetegn\/","title":{"rendered":"Taurus Magnet stjernetegn"},"content":{"rendered":"<p>Taurus Magnet stjernetegn&nbsp;&nbsp;En k\u00f8leskabsmagnet til det konsekvente, jordn\u00e6re stjernetegn Taurus. Tyren er en person, der v\u00e6rds\u00e6tter sk\u00f8nhed, glitter, men ogs\u00e5 loyalitet. Tyren er f\u00f8dt finansmand, der elsker nipsgenstande. En k\u00f8leskabsmagnet med billedet af stjernetegnet Tyren er en god id\u00e9 til en lille gave eller et supplement til en gave til en person, der er f\u00f8dt i Tyren, og til fans af astrologi.&nbsp;I midten af magneten er der et billede af stjernetegnet Tyren. P\u00e5 den gyldne kant er der symboler for alle stjernetegn.&nbsp;&nbsp;Taurus Magnet Stjernetegn Specifikation:&nbsp;Materiale: emaljeret metalFarve: guld, sortSymboler for alle stjernetegn p\u00e5 kantenTaurus i midtenDimensioner: diameter 6 cm&nbsp;<\/p>\n","protected":false},"excerpt":{"rendered":"<p>Taurus Magnet stjernetegn&nbsp;&nbsp;En k\u00f8leskabsmagnet til det konsekvente, jordn\u00e6re stjernetegn Taurus. Tyren er en person, der v\u00e6rds\u00e6tter sk\u00f8nhed, glitter, men ogs\u00e5 loyalitet. Tyren er f\u00f8dt finansmand, der elsker nipsgenstande. En k\u00f8leskabsmagnet med billedet af stjernetegnet Tyren er en god id\u00e9 til en lille gave eller et supplement til en gave til en person, der er f\u00f8dt [&hellip;]<\/p>\n","protected":false},"featured_media":44798,"comment_status":"open","ping_status":"closed","template":"","meta":[],"product_brand":[],"product_cat":[31],"product_tag":[],"class_list":{"0":"post-27012","1":"product","2":"type-product","3":"status-publish","4":"has-post-thumbnail","6":"product_cat-uncategorized-da","8":"first","9":"instock","10":"shipping-taxable","11":"purchasable","12":"product-type-simple"},"_links":{"self":[{"href":"https:\/\/nordicmart.andreevmaster.com\/da\/wp-json\/wp\/v2\/product\/27012","targetHints":{"allow":["GET"]}}],"collection":[{"href":"https:\/\/nordicmart.andreevmaster.com\/da\/wp-json\/wp\/v2\/product"}],"about":[{"href":"https:\/\/nordicmart.andreevmaster.com\/da\/wp-json\/wp\/v2\/types\/product"}],"replies":[{"embeddable":true,"href":"https:\/\/nordicmart.andreevmaster.com\/da\/wp-json\/wp\/v2\/comments?post=27012"}],"wp:featuredmedia":[{"embeddable":true,"href":"https:\/\/nordicmart.andreevmaster.com\/da\/wp-json\/wp\/v2\/media\/44798"}],"wp:attachment":[{"href":"https:\/\/nordicmart.andreevmaster.com\/da\/wp-json\/wp\/v2\/media?parent=27012"}],"wp:term":[{"taxonomy":"product_brand","embeddable":true,"href":"https:\/\/nordicmart.andreevmaster.com\/da\/wp-json\/wp\/v2\/product_brand?post=27012"},{"taxonomy":"product_cat","embeddable":true,"href":"https:\/\/nordicmart.andreevmaster.com\/da\/wp-json\/wp\/v2\/product_cat?post=27012"},{"taxonomy":"product_tag","embeddable":true,"href":"https:\/\/nordicmart.andreevmaster.com\/da\/wp-json\/wp\/v2\/product_tag?post=27012"}],"curies":[{"name":"wp","href":"https:\/\/api.w.org\/{rel}","templated":true}]}}