{"id":27011,"date":"2026-02-27T00:35:03","date_gmt":"2026-02-27T00:35:03","guid":{"rendered":"https:\/\/nordicmart.andreevmaster.com\/product\/gemini-magnet-stjernetegn-bli\/"},"modified":"2026-02-27T09:14:04","modified_gmt":"2026-02-27T09:14:04","slug":"gemini-magnet-stjernetegn-bli","status":"publish","type":"product","link":"https:\/\/nordicmart.andreevmaster.com\/da\/vare\/gemini-magnet-stjernetegn-bli\/","title":{"rendered":"Gemini Magnet stjernetegn BLI"},"content":{"rendered":"<p>Gemini Magnet stjernetegn BLI&nbsp;K\u00f8leskabsmagnet til stjernetegnet Gemini, der jagter konstante udfordringer og oplevelser. Gemini kan ikke udst\u00e5 kedsomhed og monotoni. De betragtes som det mest omg\u00e6ngelige og livlige af stjernetegnene. En k\u00f8leskabsmagnet med billedet af stjernetegnet Gemini er en god id\u00e9 til en lille gave eller en tilf\u00f8jelse til en gave til en person, der er f\u00f8dt i stjernetegnet Gemini, og til fans af astrologi.&nbsp;I midten af magneten er der et billede af stjernetegnet Gemini. P\u00e5 den gyldne kant er der symboler for alle stjernetegn.&nbsp;&nbsp;Tvillingemagnet Stjernetegn Specifikation:&nbsp;Materiale: emaljeret metalFarve: guld, sortSymboler for alle stjernetegn p\u00e5 kantenTvillingerne i midtenDimensioner: diameter 6 cm&nbsp;<\/p>\n","protected":false},"excerpt":{"rendered":"<p>Gemini Magnet stjernetegn BLI&nbsp;K\u00f8leskabsmagnet til stjernetegnet Gemini, der jagter konstante udfordringer og oplevelser. Gemini kan ikke udst\u00e5 kedsomhed og monotoni. De betragtes som det mest omg\u00e6ngelige og livlige af stjernetegnene. En k\u00f8leskabsmagnet med billedet af stjernetegnet Gemini er en god id\u00e9 til en lille gave eller en tilf\u00f8jelse til en gave til en person, der [&hellip;]<\/p>\n","protected":false},"featured_media":44797,"comment_status":"open","ping_status":"closed","template":"","meta":[],"product_brand":[],"product_cat":[31],"product_tag":[],"class_list":{"0":"post-27011","1":"product","2":"type-product","3":"status-publish","4":"has-post-thumbnail","6":"product_cat-uncategorized-da","8":"first","9":"instock","10":"shipping-taxable","11":"purchasable","12":"product-type-simple"},"_links":{"self":[{"href":"https:\/\/nordicmart.andreevmaster.com\/da\/wp-json\/wp\/v2\/product\/27011","targetHints":{"allow":["GET"]}}],"collection":[{"href":"https:\/\/nordicmart.andreevmaster.com\/da\/wp-json\/wp\/v2\/product"}],"about":[{"href":"https:\/\/nordicmart.andreevmaster.com\/da\/wp-json\/wp\/v2\/types\/product"}],"replies":[{"embeddable":true,"href":"https:\/\/nordicmart.andreevmaster.com\/da\/wp-json\/wp\/v2\/comments?post=27011"}],"wp:featuredmedia":[{"embeddable":true,"href":"https:\/\/nordicmart.andreevmaster.com\/da\/wp-json\/wp\/v2\/media\/44797"}],"wp:attachment":[{"href":"https:\/\/nordicmart.andreevmaster.com\/da\/wp-json\/wp\/v2\/media?parent=27011"}],"wp:term":[{"taxonomy":"product_brand","embeddable":true,"href":"https:\/\/nordicmart.andreevmaster.com\/da\/wp-json\/wp\/v2\/product_brand?post=27011"},{"taxonomy":"product_cat","embeddable":true,"href":"https:\/\/nordicmart.andreevmaster.com\/da\/wp-json\/wp\/v2\/product_cat?post=27011"},{"taxonomy":"product_tag","embeddable":true,"href":"https:\/\/nordicmart.andreevmaster.com\/da\/wp-json\/wp\/v2\/product_tag?post=27011"}],"curies":[{"name":"wp","href":"https:\/\/api.w.org\/{rel}","templated":true}]}}