{"id":27010,"date":"2026-02-27T00:35:03","date_gmt":"2026-02-27T00:35:03","guid":{"rendered":"https:\/\/nordicmart.andreevmaster.com\/product\/vaedderen-magnet-stjernetegn-bar\/"},"modified":"2026-02-27T09:14:03","modified_gmt":"2026-02-27T09:14:03","slug":"vaedderen-magnet-stjernetegn-bar","status":"publish","type":"product","link":"https:\/\/nordicmart.andreevmaster.com\/da\/vare\/vaedderen-magnet-stjernetegn-bar\/","title":{"rendered":"V\u00e6dderen Magnet stjernetegn BAR"},"content":{"rendered":"<p>V\u00e6dderen Magnet stjernetegn BAR&nbsp;&nbsp;K\u00f8leskabsmagnet til den f\u00f8dte leder, stjernetegnet V\u00e6dderen, der altid str\u00e6ber efter at opfylde sine dr\u00f8mme. Stjernetegnet V\u00e6dderen er en modig og selvsikker person, der gerne tager ansvaret for alt. En k\u00f8leskabsmagnet med billedet af stjernetegnet V\u00e6dderen er en god id\u00e9 til en billig gave eller en tilf\u00f8jelse til en gave til en V\u00e6dder og astrologi-elsker.&nbsp;I midten af magneten er der et billede af stjernetegnet V\u00e6dderen. P\u00e5 den gyldne kant er der symboler for alle stjernetegn. V\u00e6dderen Magnet stjernetegn BAR Specifikation: Materiale: emaljeret metal Farve: guld, sort Symboler for alle stjernetegn p\u00e5 kanten Stjernetegnet V\u00e6dderen i midten Dimensioner: diameter 6 cm En magnet fremstillet ved hj\u00e6lp af emaljeteknikken, p\u00e5 n\u00f8jagtig samme m\u00e5de som vejskilte. Teknikken er ekstremt modstandsdygtig over for vejrforhold. Emaljering er en af de \u00e6ldste og mest holdbare kunsth\u00e5ndv\u00e6rksteknikker, der var kendt allerede i det f\u00f8rste \u00e5rtusinde f.Kr. Hovedelementet i emaljen er pulveriseret glas, der smeltes ved h\u00f8j temperatur, farves med metaloxider og p\u00e5f\u00f8res et metalunderlag. Der dannes en glasagtig, holdbar og farvet bel\u00e6gning, der kan slibes og poleres.<\/p>\n","protected":false},"excerpt":{"rendered":"<p>V\u00e6dderen Magnet stjernetegn BAR&nbsp;&nbsp;K\u00f8leskabsmagnet til den f\u00f8dte leder, stjernetegnet V\u00e6dderen, der altid str\u00e6ber efter at opfylde sine dr\u00f8mme. Stjernetegnet V\u00e6dderen er en modig og selvsikker person, der gerne tager ansvaret for alt. En k\u00f8leskabsmagnet med billedet af stjernetegnet V\u00e6dderen er en god id\u00e9 til en billig gave eller en tilf\u00f8jelse til en gave til en [&hellip;]<\/p>\n","protected":false},"featured_media":44796,"comment_status":"open","ping_status":"closed","template":"","meta":[],"product_brand":[],"product_cat":[31],"product_tag":[],"class_list":{"0":"post-27010","1":"product","2":"type-product","3":"status-publish","4":"has-post-thumbnail","6":"product_cat-uncategorized-da","8":"first","9":"instock","10":"shipping-taxable","11":"purchasable","12":"product-type-simple"},"_links":{"self":[{"href":"https:\/\/nordicmart.andreevmaster.com\/da\/wp-json\/wp\/v2\/product\/27010","targetHints":{"allow":["GET"]}}],"collection":[{"href":"https:\/\/nordicmart.andreevmaster.com\/da\/wp-json\/wp\/v2\/product"}],"about":[{"href":"https:\/\/nordicmart.andreevmaster.com\/da\/wp-json\/wp\/v2\/types\/product"}],"replies":[{"embeddable":true,"href":"https:\/\/nordicmart.andreevmaster.com\/da\/wp-json\/wp\/v2\/comments?post=27010"}],"wp:featuredmedia":[{"embeddable":true,"href":"https:\/\/nordicmart.andreevmaster.com\/da\/wp-json\/wp\/v2\/media\/44796"}],"wp:attachment":[{"href":"https:\/\/nordicmart.andreevmaster.com\/da\/wp-json\/wp\/v2\/media?parent=27010"}],"wp:term":[{"taxonomy":"product_brand","embeddable":true,"href":"https:\/\/nordicmart.andreevmaster.com\/da\/wp-json\/wp\/v2\/product_brand?post=27010"},{"taxonomy":"product_cat","embeddable":true,"href":"https:\/\/nordicmart.andreevmaster.com\/da\/wp-json\/wp\/v2\/product_cat?post=27010"},{"taxonomy":"product_tag","embeddable":true,"href":"https:\/\/nordicmart.andreevmaster.com\/da\/wp-json\/wp\/v2\/product_tag?post=27010"}],"curies":[{"name":"wp","href":"https:\/\/api.w.org\/{rel}","templated":true}]}}