{"id":27009,"date":"2026-02-27T00:35:03","date_gmt":"2026-02-27T00:35:03","guid":{"rendered":"https:\/\/nordicmart.andreevmaster.com\/product\/ur-lavet-af-messing-clk-0569\/"},"modified":"2026-02-27T09:14:03","modified_gmt":"2026-02-27T09:14:03","slug":"ur-lavet-af-messing-clk-0569","status":"publish","type":"product","link":"https:\/\/nordicmart.andreevmaster.com\/da\/vare\/ur-lavet-af-messing-clk-0569\/","title":{"rendered":"Ur lavet af messing &#8211; CLK-0569"},"content":{"rendered":"<p>Ur i messing &#8211; CLK-0569&nbsp;Det lille messingur er en funktionel og charmerende gadget, der vil pynte p\u00e5 dit skrivebord eller natbordet i sovev\u00e6relset. Det konvekse lenticularglas giver uret en kugleform. Urkassen er lavet af messing. Den hvide urskive er dekoreret med sorte romertal og diskrete visere. Takket v\u00e6re det lenticular glas virker urskivens overflade delikat og tiln\u00e6rmelsesvis. Uret passer ind i retrostilen, der minder om gamle lommeure. Det passer perfekt ind i kabinet-, kolonistil- og vintageindretninger.&nbsp;Andre oplysninger:&nbsp;M\u00e5l: h\u00f8jde 4 cm x bredde 4 cmMateriale: Ur lavet af messing.Kugleformet urLenticular glasHvid urskiveSorte romertalDrivkraft: batteri. For at udskifte batteriet skal du skrue bagsiden af kuglen af. L\u00e6derm\u00e6rke p\u00e5 urets ring.<\/p>\n","protected":false},"excerpt":{"rendered":"<p>Ur i messing &#8211; CLK-0569&nbsp;Det lille messingur er en funktionel og charmerende gadget, der vil pynte p\u00e5 dit skrivebord eller natbordet i sovev\u00e6relset. Det konvekse lenticularglas giver uret en kugleform. Urkassen er lavet af messing. Den hvide urskive er dekoreret med sorte romertal og diskrete visere. Takket v\u00e6re det lenticular glas virker urskivens overflade delikat [&hellip;]<\/p>\n","protected":false},"featured_media":44795,"comment_status":"open","ping_status":"closed","template":"","meta":[],"product_brand":[],"product_cat":[31],"product_tag":[],"class_list":{"0":"post-27009","1":"product","2":"type-product","3":"status-publish","4":"has-post-thumbnail","6":"product_cat-uncategorized-da","8":"first","9":"instock","10":"shipping-taxable","11":"purchasable","12":"product-type-simple"},"_links":{"self":[{"href":"https:\/\/nordicmart.andreevmaster.com\/da\/wp-json\/wp\/v2\/product\/27009","targetHints":{"allow":["GET"]}}],"collection":[{"href":"https:\/\/nordicmart.andreevmaster.com\/da\/wp-json\/wp\/v2\/product"}],"about":[{"href":"https:\/\/nordicmart.andreevmaster.com\/da\/wp-json\/wp\/v2\/types\/product"}],"replies":[{"embeddable":true,"href":"https:\/\/nordicmart.andreevmaster.com\/da\/wp-json\/wp\/v2\/comments?post=27009"}],"wp:featuredmedia":[{"embeddable":true,"href":"https:\/\/nordicmart.andreevmaster.com\/da\/wp-json\/wp\/v2\/media\/44795"}],"wp:attachment":[{"href":"https:\/\/nordicmart.andreevmaster.com\/da\/wp-json\/wp\/v2\/media?parent=27009"}],"wp:term":[{"taxonomy":"product_brand","embeddable":true,"href":"https:\/\/nordicmart.andreevmaster.com\/da\/wp-json\/wp\/v2\/product_brand?post=27009"},{"taxonomy":"product_cat","embeddable":true,"href":"https:\/\/nordicmart.andreevmaster.com\/da\/wp-json\/wp\/v2\/product_cat?post=27009"},{"taxonomy":"product_tag","embeddable":true,"href":"https:\/\/nordicmart.andreevmaster.com\/da\/wp-json\/wp\/v2\/product_tag?post=27009"}],"curies":[{"name":"wp","href":"https:\/\/api.w.org\/{rel}","templated":true}]}}