{"id":27006,"date":"2026-02-27T00:35:02","date_gmt":"2026-02-27T00:35:02","guid":{"rendered":"https:\/\/nordicmart.andreevmaster.com\/product\/traefotoramme-orient-fotostorrelse-15x10cm-29727\/"},"modified":"2026-02-27T09:14:03","modified_gmt":"2026-02-27T09:14:03","slug":"traefotoramme-orient-fotostorrelse-15x10cm-29727","status":"publish","type":"product","link":"https:\/\/nordicmart.andreevmaster.com\/da\/vare\/traefotoramme-orient-fotostorrelse-15x10cm-29727\/","title":{"rendered":"Tr\u00e6fotoramme \u201eOrient\u201d Fotost\u00f8rrelse 15x10cm | 29727"},"content":{"rendered":"<p>Tr\u00e6fotoramme \u201eOrient\u201d Fotost\u00f8rrelse 15&#215;10 cm | 29727&nbsp;&nbsp;Produktinformation:&nbsp;Rammens m\u00e5l: 30,5 x 26 cmFotost\u00f8rrelse 15 x 10 cmMateriale: Mangotr\u00e6Unikke, orientalske dekorationerRammens blomsterornamenter er et motiv, der er st\u00e6rkt forbundet med Asien.&nbsp;<\/p>\n","protected":false},"excerpt":{"rendered":"<p>Tr\u00e6fotoramme \u201eOrient\u201d Fotost\u00f8rrelse 15&#215;10 cm | 29727&nbsp;&nbsp;Produktinformation:&nbsp;Rammens m\u00e5l: 30,5 x 26 cmFotost\u00f8rrelse 15 x 10 cmMateriale: Mangotr\u00e6Unikke, orientalske dekorationerRammens blomsterornamenter er et motiv, der er st\u00e6rkt forbundet med Asien.&nbsp;<\/p>\n","protected":false},"featured_media":44792,"comment_status":"open","ping_status":"closed","template":"","meta":[],"product_brand":[],"product_cat":[31],"product_tag":[],"class_list":{"0":"post-27006","1":"product","2":"type-product","3":"status-publish","4":"has-post-thumbnail","6":"product_cat-uncategorized-da","8":"first","9":"instock","10":"shipping-taxable","11":"purchasable","12":"product-type-simple"},"_links":{"self":[{"href":"https:\/\/nordicmart.andreevmaster.com\/da\/wp-json\/wp\/v2\/product\/27006","targetHints":{"allow":["GET"]}}],"collection":[{"href":"https:\/\/nordicmart.andreevmaster.com\/da\/wp-json\/wp\/v2\/product"}],"about":[{"href":"https:\/\/nordicmart.andreevmaster.com\/da\/wp-json\/wp\/v2\/types\/product"}],"replies":[{"embeddable":true,"href":"https:\/\/nordicmart.andreevmaster.com\/da\/wp-json\/wp\/v2\/comments?post=27006"}],"wp:featuredmedia":[{"embeddable":true,"href":"https:\/\/nordicmart.andreevmaster.com\/da\/wp-json\/wp\/v2\/media\/44792"}],"wp:attachment":[{"href":"https:\/\/nordicmart.andreevmaster.com\/da\/wp-json\/wp\/v2\/media?parent=27006"}],"wp:term":[{"taxonomy":"product_brand","embeddable":true,"href":"https:\/\/nordicmart.andreevmaster.com\/da\/wp-json\/wp\/v2\/product_brand?post=27006"},{"taxonomy":"product_cat","embeddable":true,"href":"https:\/\/nordicmart.andreevmaster.com\/da\/wp-json\/wp\/v2\/product_cat?post=27006"},{"taxonomy":"product_tag","embeddable":true,"href":"https:\/\/nordicmart.andreevmaster.com\/da\/wp-json\/wp\/v2\/product_tag?post=27006"}],"curies":[{"name":"wp","href":"https:\/\/api.w.org\/{rel}","templated":true}]}}