{"id":27005,"date":"2026-02-27T00:35:02","date_gmt":"2026-02-27T00:35:02","guid":{"rendered":"https:\/\/nordicmart.andreevmaster.com\/product\/traefotoramme-marokkansk-klover-fotostorrelse-13x18-cm-a-1155\/"},"modified":"2026-02-27T09:14:02","modified_gmt":"2026-02-27T09:14:02","slug":"traefotoramme-marokkansk-klover-fotostorrelse-13x18-cm-a-1155","status":"publish","type":"product","link":"https:\/\/nordicmart.andreevmaster.com\/da\/vare\/traefotoramme-marokkansk-klover-fotostorrelse-13x18-cm-a-1155\/","title":{"rendered":"Tr\u00e6fotoramme marokkansk kl\u00f8ver Fotost\u00f8rrelse 13&#215;18 cm | A-1155"},"content":{"rendered":"<p>Tr\u00e6fotoramme Marokkansk kl\u00f8ver Fotost\u00f8rrelse 13&#215;18 cm | A-1155&nbsp;Materiale: Mangotr\u00e6 med metalelementerM\u00f8nster: Marokkansk kl\u00f8verFarve: Naturligt mangotr\u00e6 med sorte metalelementerElegant, stilfuld ramme, perfekt til unikke billeder. Fantastisk dekorativt element&nbsp;M\u00e5l: Ramme 28 x 22,5 cm Fotost\u00f8rrelse 13 x 18 cm&nbsp;<\/p>\n","protected":false},"excerpt":{"rendered":"<p>Tr\u00e6fotoramme Marokkansk kl\u00f8ver Fotost\u00f8rrelse 13&#215;18 cm | A-1155&nbsp;Materiale: Mangotr\u00e6 med metalelementerM\u00f8nster: Marokkansk kl\u00f8verFarve: Naturligt mangotr\u00e6 med sorte metalelementerElegant, stilfuld ramme, perfekt til unikke billeder. Fantastisk dekorativt element&nbsp;M\u00e5l: Ramme 28 x 22,5 cm Fotost\u00f8rrelse 13 x 18 cm&nbsp;<\/p>\n","protected":false},"featured_media":44791,"comment_status":"open","ping_status":"closed","template":"","meta":[],"product_brand":[],"product_cat":[31],"product_tag":[],"class_list":{"0":"post-27005","1":"product","2":"type-product","3":"status-publish","4":"has-post-thumbnail","6":"product_cat-uncategorized-da","8":"first","9":"instock","10":"shipping-taxable","11":"purchasable","12":"product-type-simple"},"_links":{"self":[{"href":"https:\/\/nordicmart.andreevmaster.com\/da\/wp-json\/wp\/v2\/product\/27005","targetHints":{"allow":["GET"]}}],"collection":[{"href":"https:\/\/nordicmart.andreevmaster.com\/da\/wp-json\/wp\/v2\/product"}],"about":[{"href":"https:\/\/nordicmart.andreevmaster.com\/da\/wp-json\/wp\/v2\/types\/product"}],"replies":[{"embeddable":true,"href":"https:\/\/nordicmart.andreevmaster.com\/da\/wp-json\/wp\/v2\/comments?post=27005"}],"wp:featuredmedia":[{"embeddable":true,"href":"https:\/\/nordicmart.andreevmaster.com\/da\/wp-json\/wp\/v2\/media\/44791"}],"wp:attachment":[{"href":"https:\/\/nordicmart.andreevmaster.com\/da\/wp-json\/wp\/v2\/media?parent=27005"}],"wp:term":[{"taxonomy":"product_brand","embeddable":true,"href":"https:\/\/nordicmart.andreevmaster.com\/da\/wp-json\/wp\/v2\/product_brand?post=27005"},{"taxonomy":"product_cat","embeddable":true,"href":"https:\/\/nordicmart.andreevmaster.com\/da\/wp-json\/wp\/v2\/product_cat?post=27005"},{"taxonomy":"product_tag","embeddable":true,"href":"https:\/\/nordicmart.andreevmaster.com\/da\/wp-json\/wp\/v2\/product_tag?post=27005"}],"curies":[{"name":"wp","href":"https:\/\/api.w.org\/{rel}","templated":true}]}}