{"id":27004,"date":"2026-02-27T00:35:02","date_gmt":"2026-02-27T00:35:02","guid":{"rendered":"https:\/\/nordicmart.andreevmaster.com\/product\/traefotoramme-med-plade-fotostorrelse-10-x-10-cm-a-1106\/"},"modified":"2026-02-27T09:14:02","modified_gmt":"2026-02-27T09:14:02","slug":"traefotoramme-med-plade-fotostorrelse-10-x-10-cm-a-1106","status":"publish","type":"product","link":"https:\/\/nordicmart.andreevmaster.com\/da\/vare\/traefotoramme-med-plade-fotostorrelse-10-x-10-cm-a-1106\/","title":{"rendered":"Tr\u00e6fotoramme med plade Fotost\u00f8rrelse 10 x 10 cm | A-1106"},"content":{"rendered":"<p>Tr\u00e6ramme til fotopapir i st\u00f8rrelsen 10 x 10 cm | A-1106&nbsp;Mangotr\u00e6sramme bekl\u00e6dt med metalplade med beslag Stil: vintage, n\u00e6sten rustent nogle steder Farver: kobber, sort, brun, guld&nbsp;M\u00e5l: Ramme 20 x 20 cm Fotost\u00f8rrelse 10 x 10 cm&nbsp;<\/p>\n","protected":false},"excerpt":{"rendered":"<p>Tr\u00e6ramme til fotopapir i st\u00f8rrelsen 10 x 10 cm | A-1106&nbsp;Mangotr\u00e6sramme bekl\u00e6dt med metalplade med beslag Stil: vintage, n\u00e6sten rustent nogle steder Farver: kobber, sort, brun, guld&nbsp;M\u00e5l: Ramme 20 x 20 cm Fotost\u00f8rrelse 10 x 10 cm&nbsp;<\/p>\n","protected":false},"featured_media":44790,"comment_status":"open","ping_status":"closed","template":"","meta":[],"product_brand":[],"product_cat":[31],"product_tag":[],"class_list":{"0":"post-27004","1":"product","2":"type-product","3":"status-publish","4":"has-post-thumbnail","6":"product_cat-uncategorized-da","8":"first","9":"instock","10":"shipping-taxable","11":"purchasable","12":"product-type-simple"},"_links":{"self":[{"href":"https:\/\/nordicmart.andreevmaster.com\/da\/wp-json\/wp\/v2\/product\/27004","targetHints":{"allow":["GET"]}}],"collection":[{"href":"https:\/\/nordicmart.andreevmaster.com\/da\/wp-json\/wp\/v2\/product"}],"about":[{"href":"https:\/\/nordicmart.andreevmaster.com\/da\/wp-json\/wp\/v2\/types\/product"}],"replies":[{"embeddable":true,"href":"https:\/\/nordicmart.andreevmaster.com\/da\/wp-json\/wp\/v2\/comments?post=27004"}],"wp:featuredmedia":[{"embeddable":true,"href":"https:\/\/nordicmart.andreevmaster.com\/da\/wp-json\/wp\/v2\/media\/44790"}],"wp:attachment":[{"href":"https:\/\/nordicmart.andreevmaster.com\/da\/wp-json\/wp\/v2\/media?parent=27004"}],"wp:term":[{"taxonomy":"product_brand","embeddable":true,"href":"https:\/\/nordicmart.andreevmaster.com\/da\/wp-json\/wp\/v2\/product_brand?post=27004"},{"taxonomy":"product_cat","embeddable":true,"href":"https:\/\/nordicmart.andreevmaster.com\/da\/wp-json\/wp\/v2\/product_cat?post=27004"},{"taxonomy":"product_tag","embeddable":true,"href":"https:\/\/nordicmart.andreevmaster.com\/da\/wp-json\/wp\/v2\/product_tag?post=27004"}],"curies":[{"name":"wp","href":"https:\/\/api.w.org\/{rel}","templated":true}]}}