{"id":27001,"date":"2026-02-27T00:35:01","date_gmt":"2026-02-27T00:35:01","guid":{"rendered":"https:\/\/nordicmart.andreevmaster.com\/product\/stort-forstorrelsesglas-i-messing-med-tradhandtag-70718\/"},"modified":"2026-02-27T09:14:01","modified_gmt":"2026-02-27T09:14:01","slug":"stort-forstorrelsesglas-i-messing-med-tradhandtag-70718","status":"publish","type":"product","link":"https:\/\/nordicmart.andreevmaster.com\/da\/vare\/stort-forstorrelsesglas-i-messing-med-tradhandtag-70718\/","title":{"rendered":"Stort forst\u00f8rrelsesglas i messing med tr\u00e5dh\u00e5ndtag | 70718"},"content":{"rendered":"<p>Stort rektangul\u00e6rt forst\u00f8rrelsesglas i messing med tr\u00e5dh\u00e5ndtag &#8211; 70718&nbsp;&nbsp;Forst\u00f8rrelsesglasset er perfekt til at l\u00e6se kort, gamle dokumenter eller sm\u00e5 inskriptioner. Det er nyttigt til arbejde, der kr\u00e6ver pr\u00e6cision, s\u00e5som numismatik, filateli eller modelbygning. Takket v\u00e6re sit unikke design kan forst\u00f8rrelsesglasset ogs\u00e5 v\u00e6re en dekoration til et skrivebord, en bogreol eller et arbejdsv\u00e6relse.&nbsp;&nbsp;Produktinformation:&nbsp;Forst\u00f8rrelse: forst\u00f8rrer 3,5 gangeMateriale: messingDimensioner: l\u00e6ngde 27,5 cm x bredde 12 cm<\/p>\n","protected":false},"excerpt":{"rendered":"<p>Stort rektangul\u00e6rt forst\u00f8rrelsesglas i messing med tr\u00e5dh\u00e5ndtag &#8211; 70718&nbsp;&nbsp;Forst\u00f8rrelsesglasset er perfekt til at l\u00e6se kort, gamle dokumenter eller sm\u00e5 inskriptioner. Det er nyttigt til arbejde, der kr\u00e6ver pr\u00e6cision, s\u00e5som numismatik, filateli eller modelbygning. Takket v\u00e6re sit unikke design kan forst\u00f8rrelsesglasset ogs\u00e5 v\u00e6re en dekoration til et skrivebord, en bogreol eller et arbejdsv\u00e6relse.&nbsp;&nbsp;Produktinformation:&nbsp;Forst\u00f8rrelse: forst\u00f8rrer 3,5 gangeMateriale: [&hellip;]<\/p>\n","protected":false},"featured_media":44787,"comment_status":"open","ping_status":"closed","template":"","meta":[],"product_brand":[],"product_cat":[31],"product_tag":[],"class_list":{"0":"post-27001","1":"product","2":"type-product","3":"status-publish","4":"has-post-thumbnail","6":"product_cat-uncategorized-da","8":"first","9":"instock","10":"shipping-taxable","11":"purchasable","12":"product-type-simple"},"_links":{"self":[{"href":"https:\/\/nordicmart.andreevmaster.com\/da\/wp-json\/wp\/v2\/product\/27001","targetHints":{"allow":["GET"]}}],"collection":[{"href":"https:\/\/nordicmart.andreevmaster.com\/da\/wp-json\/wp\/v2\/product"}],"about":[{"href":"https:\/\/nordicmart.andreevmaster.com\/da\/wp-json\/wp\/v2\/types\/product"}],"replies":[{"embeddable":true,"href":"https:\/\/nordicmart.andreevmaster.com\/da\/wp-json\/wp\/v2\/comments?post=27001"}],"wp:featuredmedia":[{"embeddable":true,"href":"https:\/\/nordicmart.andreevmaster.com\/da\/wp-json\/wp\/v2\/media\/44787"}],"wp:attachment":[{"href":"https:\/\/nordicmart.andreevmaster.com\/da\/wp-json\/wp\/v2\/media?parent=27001"}],"wp:term":[{"taxonomy":"product_brand","embeddable":true,"href":"https:\/\/nordicmart.andreevmaster.com\/da\/wp-json\/wp\/v2\/product_brand?post=27001"},{"taxonomy":"product_cat","embeddable":true,"href":"https:\/\/nordicmart.andreevmaster.com\/da\/wp-json\/wp\/v2\/product_cat?post=27001"},{"taxonomy":"product_tag","embeddable":true,"href":"https:\/\/nordicmart.andreevmaster.com\/da\/wp-json\/wp\/v2\/product_tag?post=27001"}],"curies":[{"name":"wp","href":"https:\/\/api.w.org\/{rel}","templated":true}]}}