{"id":27000,"date":"2026-02-27T00:35:01","date_gmt":"2026-02-27T00:35:01","guid":{"rendered":"https:\/\/nordicmart.andreevmaster.com\/product\/timeglas-i-traekasse-3-minutter-stp99\/"},"modified":"2026-02-27T09:14:01","modified_gmt":"2026-02-27T09:14:01","slug":"timeglas-i-traekasse-3-minutter-stp99","status":"publish","type":"product","link":"https:\/\/nordicmart.andreevmaster.com\/da\/vare\/timeglas-i-traekasse-3-minutter-stp99\/","title":{"rendered":"Timeglas i tr\u00e6kasse &#8211; 3 minutter &#8211; STP99"},"content":{"rendered":"<p>Timeglas i tr\u00e6kasse &#8211; 3 minutter &#8211; STP99&nbsp;&nbsp;Det 3-minutters sandur i messinghus er en elegant gadget til dit skrivebord. &nbsp;&nbsp;Produktinformation:&nbsp;Materiale: messing, glasForm: cylindriskFarve: gyldenSand: hvidTid: ca. 3 minutterM\u00e5l: 12 x 5,5 x 5,5 cm&nbsp;\u00c6ske:&nbsp;Materiale: tr\u00e6Foret med marinebl\u00e5t filt&nbsp;&nbsp;<\/p>\n","protected":false},"excerpt":{"rendered":"<p>Timeglas i tr\u00e6kasse &#8211; 3 minutter &#8211; STP99&nbsp;&nbsp;Det 3-minutters sandur i messinghus er en elegant gadget til dit skrivebord. &nbsp;&nbsp;Produktinformation:&nbsp;Materiale: messing, glasForm: cylindriskFarve: gyldenSand: hvidTid: ca. 3 minutterM\u00e5l: 12 x 5,5 x 5,5 cm&nbsp;\u00c6ske:&nbsp;Materiale: tr\u00e6Foret med marinebl\u00e5t filt&nbsp;&nbsp;<\/p>\n","protected":false},"featured_media":44786,"comment_status":"open","ping_status":"closed","template":"","meta":[],"product_brand":[],"product_cat":[31],"product_tag":[],"class_list":{"0":"post-27000","1":"product","2":"type-product","3":"status-publish","4":"has-post-thumbnail","6":"product_cat-uncategorized-da","8":"first","9":"instock","10":"shipping-taxable","11":"purchasable","12":"product-type-simple"},"_links":{"self":[{"href":"https:\/\/nordicmart.andreevmaster.com\/da\/wp-json\/wp\/v2\/product\/27000","targetHints":{"allow":["GET"]}}],"collection":[{"href":"https:\/\/nordicmart.andreevmaster.com\/da\/wp-json\/wp\/v2\/product"}],"about":[{"href":"https:\/\/nordicmart.andreevmaster.com\/da\/wp-json\/wp\/v2\/types\/product"}],"replies":[{"embeddable":true,"href":"https:\/\/nordicmart.andreevmaster.com\/da\/wp-json\/wp\/v2\/comments?post=27000"}],"wp:featuredmedia":[{"embeddable":true,"href":"https:\/\/nordicmart.andreevmaster.com\/da\/wp-json\/wp\/v2\/media\/44786"}],"wp:attachment":[{"href":"https:\/\/nordicmart.andreevmaster.com\/da\/wp-json\/wp\/v2\/media?parent=27000"}],"wp:term":[{"taxonomy":"product_brand","embeddable":true,"href":"https:\/\/nordicmart.andreevmaster.com\/da\/wp-json\/wp\/v2\/product_brand?post=27000"},{"taxonomy":"product_cat","embeddable":true,"href":"https:\/\/nordicmart.andreevmaster.com\/da\/wp-json\/wp\/v2\/product_cat?post=27000"},{"taxonomy":"product_tag","embeddable":true,"href":"https:\/\/nordicmart.andreevmaster.com\/da\/wp-json\/wp\/v2\/product_tag?post=27000"}],"curies":[{"name":"wp","href":"https:\/\/api.w.org\/{rel}","templated":true}]}}