{"id":26999,"date":"2026-02-27T00:35:00","date_gmt":"2026-02-27T00:35:00","guid":{"rendered":"https:\/\/nordicmart.andreevmaster.com\/product\/skytten-dekorativ-figur-sag\/"},"modified":"2026-02-27T09:14:01","modified_gmt":"2026-02-27T09:14:01","slug":"skytten-dekorativ-figur-sag","status":"publish","type":"product","link":"https:\/\/nordicmart.andreevmaster.com\/da\/vare\/skytten-dekorativ-figur-sag\/","title":{"rendered":"Skytten \u2013 Dekorativ figur &#8211; SAG"},"content":{"rendered":"<p>Skytten \u2013 Dekorativ figur &#8211; SAG&nbsp;&nbsp;Vi pr\u00e6senterer en dekorativ figur \u2013 stjernetegnet Skytten. Figuren er lavet af aluminium og st\u00e5r p\u00e5 en tr\u00e6fod. Statuen har et moderne design, der g\u00f8r den til en perfekt dekoration til en kommode i et art deco-interi\u00f8r. Den dekorative figur SAG er en god gaveid\u00e9 til stjernetegn Skytten og astrologifans.&nbsp;M\u00e5l:&nbsp;H\u00f8jde 25 cmBredde 21,5 cmDybde 4,5 cm&nbsp;Andre produktegenskaber:&nbsp;Materiale &ndash; Aluminium \/ Tr\u00e6fod Farve \u2013 S\u00f8lv \/ M\u00f8rk fod I tr\u00e5d med en tradition, der g\u00e5r tilbage til oldtidens gr\u00e6kere og romere, afbildes Skytten som en kentaur, der skyder med bue. Vores Skytten-statuette viser dette mytiske v\u00e6sen, der sigter med buen i fuld galop, hvilket henviser til dette stjernetegns karakteristika: vitalitet, energi og styrke.<\/p>\n","protected":false},"excerpt":{"rendered":"<p>Skytten \u2013 Dekorativ figur &#8211; SAG&nbsp;&nbsp;Vi pr\u00e6senterer en dekorativ figur \u2013 stjernetegnet Skytten. Figuren er lavet af aluminium og st\u00e5r p\u00e5 en tr\u00e6fod. Statuen har et moderne design, der g\u00f8r den til en perfekt dekoration til en kommode i et art deco-interi\u00f8r. Den dekorative figur SAG er en god gaveid\u00e9 til stjernetegn Skytten og astrologifans.&nbsp;M\u00e5l:&nbsp;H\u00f8jde [&hellip;]<\/p>\n","protected":false},"featured_media":44785,"comment_status":"open","ping_status":"closed","template":"","meta":[],"product_brand":[],"product_cat":[31],"product_tag":[],"class_list":{"0":"post-26999","1":"product","2":"type-product","3":"status-publish","4":"has-post-thumbnail","6":"product_cat-uncategorized-da","8":"first","9":"instock","10":"shipping-taxable","11":"purchasable","12":"product-type-simple"},"_links":{"self":[{"href":"https:\/\/nordicmart.andreevmaster.com\/da\/wp-json\/wp\/v2\/product\/26999","targetHints":{"allow":["GET"]}}],"collection":[{"href":"https:\/\/nordicmart.andreevmaster.com\/da\/wp-json\/wp\/v2\/product"}],"about":[{"href":"https:\/\/nordicmart.andreevmaster.com\/da\/wp-json\/wp\/v2\/types\/product"}],"replies":[{"embeddable":true,"href":"https:\/\/nordicmart.andreevmaster.com\/da\/wp-json\/wp\/v2\/comments?post=26999"}],"wp:featuredmedia":[{"embeddable":true,"href":"https:\/\/nordicmart.andreevmaster.com\/da\/wp-json\/wp\/v2\/media\/44785"}],"wp:attachment":[{"href":"https:\/\/nordicmart.andreevmaster.com\/da\/wp-json\/wp\/v2\/media?parent=26999"}],"wp:term":[{"taxonomy":"product_brand","embeddable":true,"href":"https:\/\/nordicmart.andreevmaster.com\/da\/wp-json\/wp\/v2\/product_brand?post=26999"},{"taxonomy":"product_cat","embeddable":true,"href":"https:\/\/nordicmart.andreevmaster.com\/da\/wp-json\/wp\/v2\/product_cat?post=26999"},{"taxonomy":"product_tag","embeddable":true,"href":"https:\/\/nordicmart.andreevmaster.com\/da\/wp-json\/wp\/v2\/product_tag?post=26999"}],"curies":[{"name":"wp","href":"https:\/\/api.w.org\/{rel}","templated":true}]}}