{"id":26998,"date":"2026-02-27T00:35:00","date_gmt":"2026-02-27T00:35:00","guid":{"rendered":"https:\/\/nordicmart.andreevmaster.com\/product\/danser-dekorativ-figur-vir\/"},"modified":"2026-02-27T09:14:01","modified_gmt":"2026-02-27T09:14:01","slug":"danser-dekorativ-figur-vir","status":"publish","type":"product","link":"https:\/\/nordicmart.andreevmaster.com\/da\/vare\/danser-dekorativ-figur-vir\/","title":{"rendered":"Danser \u2013 Dekorativ figur &#8211; VIR"},"content":{"rendered":"<p>Danser \u2013 Dekorativ figur &#8211; VIR Vi pr\u00e6senterer en figur lavet af aluminium \u2013 model Danser. Dans er en udtryksform, det er frihed og sublimitet. Det er undertiden en metafor for himmellegemernes bev\u00e6gelse og undertiden en r\u00f8rende historie, der ber\u00f8rer hjertet. Dans handler selvf\u00f8lgelig om mange \u00e5rs arbejde med at opn\u00e5 perfektion, som er v\u00e6rd at v\u00e6rds\u00e6tte. &nbsp;Denne dekorative figur vil v\u00e6re en fantastisk gave til dem, der l\u00e6gger deres hjerte p\u00e5 scenen og dansegulvet. Det er en unik gave til en danser, ballerina eller til stjernetegnet Jomfruen. Den vil fungere som en pr\u00e6mie for at vinde en dansekonkurrence, som vil indtage en \u00e6resplads i hjemmets vitrineskab.&nbsp;&nbsp;Dimensioner:&nbsp;H\u00f8jde 28 cmBredde 20 cmDybde 7 cm&nbsp;&nbsp;Andre produktegenskaber:&nbsp;Materiale &ndash; aluminiumFarve &ndash; s\u00f8lv&nbsp;<\/p>\n","protected":false},"excerpt":{"rendered":"<p>Danser \u2013 Dekorativ figur &#8211; VIR Vi pr\u00e6senterer en figur lavet af aluminium \u2013 model Danser. Dans er en udtryksform, det er frihed og sublimitet. Det er undertiden en metafor for himmellegemernes bev\u00e6gelse og undertiden en r\u00f8rende historie, der ber\u00f8rer hjertet. Dans handler selvf\u00f8lgelig om mange \u00e5rs arbejde med at opn\u00e5 perfektion, som er v\u00e6rd [&hellip;]<\/p>\n","protected":false},"featured_media":44784,"comment_status":"open","ping_status":"closed","template":"","meta":[],"product_brand":[],"product_cat":[31],"product_tag":[],"class_list":{"0":"post-26998","1":"product","2":"type-product","3":"status-publish","4":"has-post-thumbnail","6":"product_cat-uncategorized-da","8":"first","9":"instock","10":"shipping-taxable","11":"purchasable","12":"product-type-simple"},"_links":{"self":[{"href":"https:\/\/nordicmart.andreevmaster.com\/da\/wp-json\/wp\/v2\/product\/26998","targetHints":{"allow":["GET"]}}],"collection":[{"href":"https:\/\/nordicmart.andreevmaster.com\/da\/wp-json\/wp\/v2\/product"}],"about":[{"href":"https:\/\/nordicmart.andreevmaster.com\/da\/wp-json\/wp\/v2\/types\/product"}],"replies":[{"embeddable":true,"href":"https:\/\/nordicmart.andreevmaster.com\/da\/wp-json\/wp\/v2\/comments?post=26998"}],"wp:featuredmedia":[{"embeddable":true,"href":"https:\/\/nordicmart.andreevmaster.com\/da\/wp-json\/wp\/v2\/media\/44784"}],"wp:attachment":[{"href":"https:\/\/nordicmart.andreevmaster.com\/da\/wp-json\/wp\/v2\/media?parent=26998"}],"wp:term":[{"taxonomy":"product_brand","embeddable":true,"href":"https:\/\/nordicmart.andreevmaster.com\/da\/wp-json\/wp\/v2\/product_brand?post=26998"},{"taxonomy":"product_cat","embeddable":true,"href":"https:\/\/nordicmart.andreevmaster.com\/da\/wp-json\/wp\/v2\/product_cat?post=26998"},{"taxonomy":"product_tag","embeddable":true,"href":"https:\/\/nordicmart.andreevmaster.com\/da\/wp-json\/wp\/v2\/product_tag?post=26998"}],"curies":[{"name":"wp","href":"https:\/\/api.w.org\/{rel}","templated":true}]}}