{"id":26997,"date":"2026-02-27T00:35:00","date_gmt":"2026-02-27T00:35:00","guid":{"rendered":"https:\/\/nordicmart.andreevmaster.com\/product\/gemini-dekorativ-figur-gem\/"},"modified":"2026-02-27T09:14:00","modified_gmt":"2026-02-27T09:14:00","slug":"gemini-dekorativ-figur-gem","status":"publish","type":"product","link":"https:\/\/nordicmart.andreevmaster.com\/da\/vare\/gemini-dekorativ-figur-gem\/","title":{"rendered":"Gemini \u2013 Dekorativ figur &#8211; GEM"},"content":{"rendered":"<p>Tvillingerne \u2013 Dekorativ figur \u2013 GEM&nbsp;&nbsp;Vi pr\u00e6senterer en dekorativ figur \u2013 Tvillingerne-modellen \u2013 et stjernetegn. Figuren er lavet af aluminium og st\u00e5r p\u00e5 en tr\u00e6base. Den dekorative figur GEM er et tilbud til astrologientusiaster, der er f\u00f8dt i stjernetegnet Tvillingerne. Figuren viser den dobbelte natur hos mennesker f\u00f8dt under dette stjernetegn: p\u00e5 den ene side en t\u00e6nker, der er dybt begravet i sine tanker og kontemplerer verden, og p\u00e5 den anden side en person, der er \u00e5ben, energisk og klar til ethvert eventyr.&nbsp;Figuren med sin form og elegante farver vil pryde en kommode, en pejs eller et skrivebord i en moderne, ikke-standardiseret stil. Det er en moderne stue-skulptur, der helt sikkert vil gl\u00e6de stjernetegnet Tvillingene.&nbsp;M\u00e5l:&nbsp;H\u00f8jde 18 cmBredde 17 cmDybde 10 cm&nbsp;Andre produktegenskaber:&nbsp;Materiale &ndash; aluminiumFarve &ndash; s\u00f8lvfarvet, sort base&nbsp;<\/p>\n","protected":false},"excerpt":{"rendered":"<p>Tvillingerne \u2013 Dekorativ figur \u2013 GEM&nbsp;&nbsp;Vi pr\u00e6senterer en dekorativ figur \u2013 Tvillingerne-modellen \u2013 et stjernetegn. Figuren er lavet af aluminium og st\u00e5r p\u00e5 en tr\u00e6base. Den dekorative figur GEM er et tilbud til astrologientusiaster, der er f\u00f8dt i stjernetegnet Tvillingerne. Figuren viser den dobbelte natur hos mennesker f\u00f8dt under dette stjernetegn: p\u00e5 den ene side [&hellip;]<\/p>\n","protected":false},"featured_media":44783,"comment_status":"open","ping_status":"closed","template":"","meta":[],"product_brand":[],"product_cat":[31],"product_tag":[],"class_list":{"0":"post-26997","1":"product","2":"type-product","3":"status-publish","4":"has-post-thumbnail","6":"product_cat-uncategorized-da","8":"first","9":"instock","10":"shipping-taxable","11":"purchasable","12":"product-type-simple"},"_links":{"self":[{"href":"https:\/\/nordicmart.andreevmaster.com\/da\/wp-json\/wp\/v2\/product\/26997","targetHints":{"allow":["GET"]}}],"collection":[{"href":"https:\/\/nordicmart.andreevmaster.com\/da\/wp-json\/wp\/v2\/product"}],"about":[{"href":"https:\/\/nordicmart.andreevmaster.com\/da\/wp-json\/wp\/v2\/types\/product"}],"replies":[{"embeddable":true,"href":"https:\/\/nordicmart.andreevmaster.com\/da\/wp-json\/wp\/v2\/comments?post=26997"}],"wp:featuredmedia":[{"embeddable":true,"href":"https:\/\/nordicmart.andreevmaster.com\/da\/wp-json\/wp\/v2\/media\/44783"}],"wp:attachment":[{"href":"https:\/\/nordicmart.andreevmaster.com\/da\/wp-json\/wp\/v2\/media?parent=26997"}],"wp:term":[{"taxonomy":"product_brand","embeddable":true,"href":"https:\/\/nordicmart.andreevmaster.com\/da\/wp-json\/wp\/v2\/product_brand?post=26997"},{"taxonomy":"product_cat","embeddable":true,"href":"https:\/\/nordicmart.andreevmaster.com\/da\/wp-json\/wp\/v2\/product_cat?post=26997"},{"taxonomy":"product_tag","embeddable":true,"href":"https:\/\/nordicmart.andreevmaster.com\/da\/wp-json\/wp\/v2\/product_tag?post=26997"}],"curies":[{"name":"wp","href":"https:\/\/api.w.org\/{rel}","templated":true}]}}