{"id":26996,"date":"2026-02-27T00:35:00","date_gmt":"2026-02-27T00:35:00","guid":{"rendered":"https:\/\/nordicmart.andreevmaster.com\/product\/lenticular-kompas-i-traekasse-cleb\/"},"modified":"2026-02-27T09:14:00","modified_gmt":"2026-02-27T09:14:00","slug":"lenticular-kompas-i-traekasse-cleb","status":"publish","type":"product","link":"https:\/\/nordicmart.andreevmaster.com\/da\/vare\/lenticular-kompas-i-traekasse-cleb\/","title":{"rendered":"Lenticular kompas i tr\u00e6kasse &#8211; CLEB"},"content":{"rendered":"<p>Lentikul\u00e6rt kompas i tr\u00e6kasse &#8211; CLEB &nbsp;&nbsp;Elegant lentikul\u00e6rt kompas, der kan bruges b\u00e5de p\u00e5 farten og derhjemme som en globetrotter-brevpresser. Det er en god gave til en s\u00e6lger, der ofte er p\u00e5 farten. &nbsp;Takket v\u00e6re linsen forst\u00f8rres kompassets skive og ser ud som om den flyder i vand. Kompasset har ingen magnetn\u00e5l, men skiven fungerer som normalt. &nbsp;Lenticular kompasset er en original og elegant dekoration til skrivebordet. Det kan bruges som brevpresser til at holde styr p\u00e5 papirer, der flyder rundt p\u00e5 bordet. &nbsp;Kompasset er pakket i en tr\u00e6kasse foret med stof. &nbsp;&nbsp;Produktinformation:&nbsp;M\u00e5l: 5,7 x 5,7 x 2,5 cmMateriale: messing, glasFarver p\u00e5 etui: messing&nbsp;\u00c6ske:&nbsp;Materiale: tr\u00e6M\u00e5l: 8,5 x 8,5 x 4,2 cmPolstret med stof&nbsp;<\/p>\n","protected":false},"excerpt":{"rendered":"<p>Lentikul\u00e6rt kompas i tr\u00e6kasse &#8211; CLEB &nbsp;&nbsp;Elegant lentikul\u00e6rt kompas, der kan bruges b\u00e5de p\u00e5 farten og derhjemme som en globetrotter-brevpresser. Det er en god gave til en s\u00e6lger, der ofte er p\u00e5 farten. &nbsp;Takket v\u00e6re linsen forst\u00f8rres kompassets skive og ser ud som om den flyder i vand. Kompasset har ingen magnetn\u00e5l, men skiven fungerer [&hellip;]<\/p>\n","protected":false},"featured_media":44782,"comment_status":"open","ping_status":"closed","template":"","meta":[],"product_brand":[],"product_cat":[31],"product_tag":[],"class_list":{"0":"post-26996","1":"product","2":"type-product","3":"status-publish","4":"has-post-thumbnail","6":"product_cat-uncategorized-da","8":"first","9":"instock","10":"shipping-taxable","11":"purchasable","12":"product-type-simple"},"_links":{"self":[{"href":"https:\/\/nordicmart.andreevmaster.com\/da\/wp-json\/wp\/v2\/product\/26996","targetHints":{"allow":["GET"]}}],"collection":[{"href":"https:\/\/nordicmart.andreevmaster.com\/da\/wp-json\/wp\/v2\/product"}],"about":[{"href":"https:\/\/nordicmart.andreevmaster.com\/da\/wp-json\/wp\/v2\/types\/product"}],"replies":[{"embeddable":true,"href":"https:\/\/nordicmart.andreevmaster.com\/da\/wp-json\/wp\/v2\/comments?post=26996"}],"wp:featuredmedia":[{"embeddable":true,"href":"https:\/\/nordicmart.andreevmaster.com\/da\/wp-json\/wp\/v2\/media\/44782"}],"wp:attachment":[{"href":"https:\/\/nordicmart.andreevmaster.com\/da\/wp-json\/wp\/v2\/media?parent=26996"}],"wp:term":[{"taxonomy":"product_brand","embeddable":true,"href":"https:\/\/nordicmart.andreevmaster.com\/da\/wp-json\/wp\/v2\/product_brand?post=26996"},{"taxonomy":"product_cat","embeddable":true,"href":"https:\/\/nordicmart.andreevmaster.com\/da\/wp-json\/wp\/v2\/product_cat?post=26996"},{"taxonomy":"product_tag","embeddable":true,"href":"https:\/\/nordicmart.andreevmaster.com\/da\/wp-json\/wp\/v2\/product_tag?post=26996"}],"curies":[{"name":"wp","href":"https:\/\/api.w.org\/{rel}","templated":true}]}}