{"id":26995,"date":"2026-02-27T00:34:59","date_gmt":"2026-02-27T00:34:59","guid":{"rendered":"https:\/\/nordicmart.andreevmaster.com\/product\/smoby-baby-nurse-large-doll-care-corner-2\/"},"modified":"2026-02-27T09:14:00","modified_gmt":"2026-02-27T09:14:00","slug":"smoby-baby-nurse-large-doll-care-corner-2","status":"publish","type":"product","link":"https:\/\/nordicmart.andreevmaster.com\/da\/vare\/smoby-baby-nurse-large-doll-care-corner-2\/","title":{"rendered":"SMOBY Baby Nurse Large Doll Care Corner"},"content":{"rendered":"<p>Alle sm\u00e5 b\u00f8rn har brug for b\u00e5de varme og k\u00e6rlighed for at dulme deres sorg eller t\u00e5rer. B\u00f8rn observerer voksnes adf\u00e6rd og overf\u00f8rer disse adf\u00e6rdsm\u00f8nstre til deres leg, hvorigennem de l\u00e6rer om livet og hvordan man viser f\u00f8lelser og empati.<\/p>\n<p>Egenskaber:<\/p>\n<p>* &#8211; best\u00e5r af tre forskellige omr\u00e5der &#8211; k\u00f8kken, badev\u00e6relse og sovev\u00e6relse,<br \/>\n* &#8211; det er et s\u00e6t, hvor du kan tage dig fuldt ud af en dukke,<br \/>\n* &#8211; s\u00e6ttet indeholder 23 tilbeh\u00f8rsdele,<br \/>\n* &#8211; k\u00f8kkenet har en vask med vandhane, en gryde, en tallerken og en sutteflaske,* &#8211; badev\u00e6relset har et aftageligt badekar, brusebad, puslebord, beholdere og en fotoramme (du kan s\u00e6tte dit foto i den),<br \/>\n* &#8211; sovev\u00e6relset har en vugge med en mobil og en lampe med en skygge, der lyser i m\u00f8rke,<br \/>\n* &#8211; huset kan let foldes sammen og transporteres til et andet sted,<br \/>\n* &#8211; Baby Nurse-serien &#8211; andet tilbeh\u00f8r fra denne serie kan k\u00f8bes i vores butik,<br \/>\n* &#8211; s\u00e6t til dukker op til 42 cm h\u00f8je,<br \/>\n* &#8211; s\u00e6ttet indeholder ikke en dukke,<br \/>\n* &#8211; s\u00e6t til selvmontering,<br \/>\n* &#8211; m\u00e5l p\u00e5 det udfoldede s\u00e6t &#8211; 71 x 149 x 71 (cm),* &#8211; m\u00e5l p\u00e5 det samlede s\u00e6t &#8211; 71 x 71 x 68 (cm).<\/p>\n","protected":false},"excerpt":{"rendered":"<p>Alle sm\u00e5 b\u00f8rn har brug for b\u00e5de varme og k\u00e6rlighed for at dulme deres sorg eller t\u00e5rer. B\u00f8rn observerer voksnes adf\u00e6rd og overf\u00f8rer disse adf\u00e6rdsm\u00f8nstre til deres leg, hvorigennem de l\u00e6rer om livet og hvordan man viser f\u00f8lelser og empati. Egenskaber: * &#8211; best\u00e5r af tre forskellige omr\u00e5der &#8211; k\u00f8kken, badev\u00e6relse og sovev\u00e6relse, * &#8211; [&hellip;]<\/p>\n","protected":false},"featured_media":0,"comment_status":"open","ping_status":"closed","template":"","meta":[],"product_brand":[],"product_cat":[31],"product_tag":[],"class_list":{"0":"post-26995","1":"product","2":"type-product","3":"status-publish","5":"product_cat-uncategorized-da","7":"first","8":"instock","9":"shipping-taxable","10":"purchasable","11":"product-type-simple"},"_links":{"self":[{"href":"https:\/\/nordicmart.andreevmaster.com\/da\/wp-json\/wp\/v2\/product\/26995","targetHints":{"allow":["GET"]}}],"collection":[{"href":"https:\/\/nordicmart.andreevmaster.com\/da\/wp-json\/wp\/v2\/product"}],"about":[{"href":"https:\/\/nordicmart.andreevmaster.com\/da\/wp-json\/wp\/v2\/types\/product"}],"replies":[{"embeddable":true,"href":"https:\/\/nordicmart.andreevmaster.com\/da\/wp-json\/wp\/v2\/comments?post=26995"}],"wp:attachment":[{"href":"https:\/\/nordicmart.andreevmaster.com\/da\/wp-json\/wp\/v2\/media?parent=26995"}],"wp:term":[{"taxonomy":"product_brand","embeddable":true,"href":"https:\/\/nordicmart.andreevmaster.com\/da\/wp-json\/wp\/v2\/product_brand?post=26995"},{"taxonomy":"product_cat","embeddable":true,"href":"https:\/\/nordicmart.andreevmaster.com\/da\/wp-json\/wp\/v2\/product_cat?post=26995"},{"taxonomy":"product_tag","embeddable":true,"href":"https:\/\/nordicmart.andreevmaster.com\/da\/wp-json\/wp\/v2\/product_tag?post=26995"}],"curies":[{"name":"wp","href":"https:\/\/api.w.org\/{rel}","templated":true}]}}