{"id":26994,"date":"2026-02-27T00:34:59","date_gmt":"2026-02-27T00:34:59","guid":{"rendered":"https:\/\/nordicmart.andreevmaster.com\/product\/smoby-baby-nurse-vugge-med-baldakin-til-dukker\/"},"modified":"2026-02-27T09:14:00","modified_gmt":"2026-02-27T09:14:00","slug":"smoby-baby-nurse-vugge-med-baldakin-til-dukker","status":"publish","type":"product","link":"https:\/\/nordicmart.andreevmaster.com\/da\/vare\/smoby-baby-nurse-vugge-med-baldakin-til-dukker\/","title":{"rendered":"SMOBY Baby Nurse vugge med baldakin til dukker"},"content":{"rendered":"<p>Alle sm\u00e5 b\u00f8rn har brug for b\u00e5de varme og k\u00e6rlighed for at dulme deres sorg eller t\u00e5rer. B\u00f8rn observerer voksnes adf\u00e6rd og overf\u00f8rer disse adf\u00e6rdsm\u00f8nstre til deres leg, hvorigennem de l\u00e6rer om livet og hvordan man viser f\u00f8lelser og empati.<br \/>\nEgenskaber:<br \/>\n* &#8211; vugge med baldakin,<br \/>\n* &#8211; baldakin lavet af stof med et delikat m\u00f8nster,<br \/>\n* &#8211; Baby Nurse-serien &#8211; andet tilbeh\u00f8r fra denne serie kan k\u00f8bes i vores butik,<br \/>\n* &#8211; s\u00e6t til dukker op til 42 cm h\u00f8je,<br \/>\n* &#8211; dukke medf\u00f8lger ikke.<\/p>\n","protected":false},"excerpt":{"rendered":"<p>Alle sm\u00e5 b\u00f8rn har brug for b\u00e5de varme og k\u00e6rlighed for at dulme deres sorg eller t\u00e5rer. B\u00f8rn observerer voksnes adf\u00e6rd og overf\u00f8rer disse adf\u00e6rdsm\u00f8nstre til deres leg, hvorigennem de l\u00e6rer om livet og hvordan man viser f\u00f8lelser og empati. Egenskaber: * &#8211; vugge med baldakin, * &#8211; baldakin lavet af stof med et delikat [&hellip;]<\/p>\n","protected":false},"featured_media":0,"comment_status":"open","ping_status":"closed","template":"","meta":[],"product_brand":[],"product_cat":[31],"product_tag":[],"class_list":{"0":"post-26994","1":"product","2":"type-product","3":"status-publish","5":"product_cat-uncategorized-da","7":"first","8":"instock","9":"shipping-taxable","10":"purchasable","11":"product-type-simple"},"_links":{"self":[{"href":"https:\/\/nordicmart.andreevmaster.com\/da\/wp-json\/wp\/v2\/product\/26994","targetHints":{"allow":["GET"]}}],"collection":[{"href":"https:\/\/nordicmart.andreevmaster.com\/da\/wp-json\/wp\/v2\/product"}],"about":[{"href":"https:\/\/nordicmart.andreevmaster.com\/da\/wp-json\/wp\/v2\/types\/product"}],"replies":[{"embeddable":true,"href":"https:\/\/nordicmart.andreevmaster.com\/da\/wp-json\/wp\/v2\/comments?post=26994"}],"wp:attachment":[{"href":"https:\/\/nordicmart.andreevmaster.com\/da\/wp-json\/wp\/v2\/media?parent=26994"}],"wp:term":[{"taxonomy":"product_brand","embeddable":true,"href":"https:\/\/nordicmart.andreevmaster.com\/da\/wp-json\/wp\/v2\/product_brand?post=26994"},{"taxonomy":"product_cat","embeddable":true,"href":"https:\/\/nordicmart.andreevmaster.com\/da\/wp-json\/wp\/v2\/product_cat?post=26994"},{"taxonomy":"product_tag","embeddable":true,"href":"https:\/\/nordicmart.andreevmaster.com\/da\/wp-json\/wp\/v2\/product_tag?post=26994"}],"curies":[{"name":"wp","href":"https:\/\/api.w.org\/{rel}","templated":true}]}}