{"id":26993,"date":"2026-02-27T00:34:59","date_gmt":"2026-02-27T00:34:59","guid":{"rendered":"https:\/\/nordicmart.andreevmaster.com\/product\/metal-decorative-globe-gwb61-2\/"},"modified":"2026-02-27T09:13:59","modified_gmt":"2026-02-27T09:13:59","slug":"metal-decorative-globe-gwb61-2","status":"publish","type":"product","link":"https:\/\/nordicmart.andreevmaster.com\/da\/vare\/metal-decorative-globe-gwb61-2\/","title":{"rendered":"Metal Decorative Globe &#8211; GWB61"},"content":{"rendered":"<p>Metal Decorative Globe &#8211; GWB61&nbsp;&nbsp;&nbsp;Decorative Metal Globe er en h\u00e5ndgraveret globus, der er perfekt som lille borddekoration. Den lille st\u00f8rrelse p\u00e5 globussen fylder ikke p\u00e5 bordet, men tilf\u00f8jer et internationalt pr\u00e6g til rummet. Den minimalistiske metalglobus passer ind i art deco- og glamourindretninger med sine smukke farver. Den lille globus er en yndefuld gave til en rejsende, en gave til en geografil\u00e6rer og en moderne dekoration til kontoret. Globussen er graveret med et gitter af meridianer og paralleller, kontinenternes omrids og navne p\u00e5 engelsk. Specifikationer for dekorativ metalglobus: M\u00e5l: 8,5 x 6,5 x 13 cm Materiale: metal, tr\u00e6 H\u00e5ndsk\u00e5rne kontinenters omrids, geografisk gitter og navne Den dekorative metalglobus er velegnet som: Gave til en rejsende Gave til en geografil\u00e6rer Gave til en geograf Moderne dekoration til kontoret Lille dekoration til skrivebordet p\u00e5 arbejdet<\/p>\n","protected":false},"excerpt":{"rendered":"<p>Metal Decorative Globe &#8211; GWB61&nbsp;&nbsp;&nbsp;Decorative Metal Globe er en h\u00e5ndgraveret globus, der er perfekt som lille borddekoration. Den lille st\u00f8rrelse p\u00e5 globussen fylder ikke p\u00e5 bordet, men tilf\u00f8jer et internationalt pr\u00e6g til rummet. Den minimalistiske metalglobus passer ind i art deco- og glamourindretninger med sine smukke farver. Den lille globus er en yndefuld gave til [&hellip;]<\/p>\n","protected":false},"featured_media":44781,"comment_status":"open","ping_status":"closed","template":"","meta":[],"product_brand":[],"product_cat":[31],"product_tag":[],"class_list":{"0":"post-26993","1":"product","2":"type-product","3":"status-publish","4":"has-post-thumbnail","6":"product_cat-uncategorized-da","8":"first","9":"instock","10":"shipping-taxable","11":"purchasable","12":"product-type-simple"},"_links":{"self":[{"href":"https:\/\/nordicmart.andreevmaster.com\/da\/wp-json\/wp\/v2\/product\/26993","targetHints":{"allow":["GET"]}}],"collection":[{"href":"https:\/\/nordicmart.andreevmaster.com\/da\/wp-json\/wp\/v2\/product"}],"about":[{"href":"https:\/\/nordicmart.andreevmaster.com\/da\/wp-json\/wp\/v2\/types\/product"}],"replies":[{"embeddable":true,"href":"https:\/\/nordicmart.andreevmaster.com\/da\/wp-json\/wp\/v2\/comments?post=26993"}],"wp:featuredmedia":[{"embeddable":true,"href":"https:\/\/nordicmart.andreevmaster.com\/da\/wp-json\/wp\/v2\/media\/44781"}],"wp:attachment":[{"href":"https:\/\/nordicmart.andreevmaster.com\/da\/wp-json\/wp\/v2\/media?parent=26993"}],"wp:term":[{"taxonomy":"product_brand","embeddable":true,"href":"https:\/\/nordicmart.andreevmaster.com\/da\/wp-json\/wp\/v2\/product_brand?post=26993"},{"taxonomy":"product_cat","embeddable":true,"href":"https:\/\/nordicmart.andreevmaster.com\/da\/wp-json\/wp\/v2\/product_cat?post=26993"},{"taxonomy":"product_tag","embeddable":true,"href":"https:\/\/nordicmart.andreevmaster.com\/da\/wp-json\/wp\/v2\/product_tag?post=26993"}],"curies":[{"name":"wp","href":"https:\/\/api.w.org\/{rel}","templated":true}]}}