{"id":26992,"date":"2026-02-27T00:34:59","date_gmt":"2026-02-27T00:34:59","guid":{"rendered":"https:\/\/nordicmart.andreevmaster.com\/product\/injusa-4-i-1-cars-sandkasse-pool-shell\/"},"modified":"2026-02-27T09:13:59","modified_gmt":"2026-02-27T09:13:59","slug":"injusa-4-i-1-cars-sandkasse-pool-shell","status":"publish","type":"product","link":"https:\/\/nordicmart.andreevmaster.com\/da\/vare\/injusa-4-i-1-cars-sandkasse-pool-shell\/","title":{"rendered":"INJUSA 4-i-1 Cars Sandkasse Pool Shell"},"content":{"rendered":"<p>Den afl\u00e5selige sandkasse med licens fra Cars fra det kendte firma INJUSA er et produkt, der kan bruges p\u00e5 mange m\u00e5der takket v\u00e6re sin holdbarhed. P\u00e5 varme dage kan den bruges som pool eller sandkasse, og p\u00e5 k\u00f8ligere dage kan den flyttes indend\u00f8rs og bruges som leget\u00f8jskasse eller t\u00f8r boldbane. Holdbare klisterm\u00e6rker og plast af h\u00f8j kvalitet sikrer, at produktet vil holde i mange \u00e5r fremover.<br \/>\nEgenskaber:<br \/>\n* &#8211; 4-i-1 multifunktionelt produkt: pool, sandkasse, t\u00f8r boldbassin eller leget\u00f8jskasse,<br \/>\n* &#8211; formet som en r\u00f8d skal med Cars-tema,<br \/>\n* &#8211; har et l\u00e5g, der nemt og hurtigt kan fjernes og udskiftes,<br \/>\n* &#8211; d\u00e6kket med en ANTI-UV-bel\u00e6gning &#8211; vejrbestandigt produkt,<br \/>\n* &#8211; designet til b\u00f8rn fra 12 m\u00e5neder.* &#8211; klisterm\u00e6rker indlejret i plast ved hj\u00e6lp af IML-teknologi garanterer holdbarhed og kvalitet<\/p>\n<p>INJUSA &#8211; Produkter fra et kendt spansk firma, der har v\u00e6ret p\u00e5 markedet siden 1947, kendetegnet ved h\u00f8j kvalitet og ekstraordin\u00e6r opm\u00e6rksomhed for detaljer. Alle produkter, s\u00e5som elektriske k\u00f8ret\u00f8jer, cykler, l\u00f8becykler, trehjulede cykler og legehuse, er designet med sikkerhed og uendelig sjov for \u00f8je, hvilket har en positiv indvirkning p\u00e5 b\u00f8rns motoriske udvikling og fantasi. Hvert produkt er testet og designet af et team af specialister, der er involveret i produktionen af leget\u00f8j til b\u00f8rn. Injusa-leget\u00f8j er den bedste gave, du kan give, og ikke kun til dine b\u00f8rn. Injusa vil g\u00f8re dit barns verden endnu mere munter og farverig med gl\u00e6delig leg.<\/p>\n","protected":false},"excerpt":{"rendered":"<p>Den afl\u00e5selige sandkasse med licens fra Cars fra det kendte firma INJUSA er et produkt, der kan bruges p\u00e5 mange m\u00e5der takket v\u00e6re sin holdbarhed. P\u00e5 varme dage kan den bruges som pool eller sandkasse, og p\u00e5 k\u00f8ligere dage kan den flyttes indend\u00f8rs og bruges som leget\u00f8jskasse eller t\u00f8r boldbane. Holdbare klisterm\u00e6rker og plast af [&hellip;]<\/p>\n","protected":false},"featured_media":0,"comment_status":"open","ping_status":"closed","template":"","meta":[],"product_brand":[],"product_cat":[31],"product_tag":[],"class_list":{"0":"post-26992","1":"product","2":"type-product","3":"status-publish","5":"product_cat-uncategorized-da","7":"first","8":"instock","9":"shipping-taxable","10":"purchasable","11":"product-type-simple"},"_links":{"self":[{"href":"https:\/\/nordicmart.andreevmaster.com\/da\/wp-json\/wp\/v2\/product\/26992","targetHints":{"allow":["GET"]}}],"collection":[{"href":"https:\/\/nordicmart.andreevmaster.com\/da\/wp-json\/wp\/v2\/product"}],"about":[{"href":"https:\/\/nordicmart.andreevmaster.com\/da\/wp-json\/wp\/v2\/types\/product"}],"replies":[{"embeddable":true,"href":"https:\/\/nordicmart.andreevmaster.com\/da\/wp-json\/wp\/v2\/comments?post=26992"}],"wp:attachment":[{"href":"https:\/\/nordicmart.andreevmaster.com\/da\/wp-json\/wp\/v2\/media?parent=26992"}],"wp:term":[{"taxonomy":"product_brand","embeddable":true,"href":"https:\/\/nordicmart.andreevmaster.com\/da\/wp-json\/wp\/v2\/product_brand?post=26992"},{"taxonomy":"product_cat","embeddable":true,"href":"https:\/\/nordicmart.andreevmaster.com\/da\/wp-json\/wp\/v2\/product_cat?post=26992"},{"taxonomy":"product_tag","embeddable":true,"href":"https:\/\/nordicmart.andreevmaster.com\/da\/wp-json\/wp\/v2\/product_tag?post=26992"}],"curies":[{"name":"wp","href":"https:\/\/api.w.org\/{rel}","templated":true}]}}