{"id":26991,"date":"2026-02-27T00:34:58","date_gmt":"2026-02-27T00:34:58","guid":{"rendered":"https:\/\/nordicmart.andreevmaster.com\/product\/injusa-honda-racing-ride-on-motorcykel\/"},"modified":"2026-02-27T09:13:59","modified_gmt":"2026-02-27T09:13:59","slug":"injusa-honda-racing-ride-on-motorcykel","status":"publish","type":"product","link":"https:\/\/nordicmart.andreevmaster.com\/da\/vare\/injusa-honda-racing-ride-on-motorcykel\/","title":{"rendered":"INJUSA Honda Racing Ride-On Motorcykel"},"content":{"rendered":"<p>En sikker og robust ride-on motorcykel fra det kendte spanske firma INJUSA. Den perfekte replika af en \u00e6gte racercykel tiltr\u00e6kker opm\u00e6rksomhed med sine mindste detaljer. Pr\u00e6cis finish af hvert element, indlejrede klisterm\u00e6rker, brede hjul &#8211; alt dette for at sikre maksimal komfort og sikkerhed! En perfekt gave til enhver lejlighed for alle b\u00f8rn fra 18 m\u00e5neder. Denne sporty motorcykel vil helt sikkert gl\u00e6de alle unge motorentusiaster.<br \/>\nEgenskaber:<br \/>\n* &#8211; Replika af en \u00e6gte racercykel,<br \/>\n* &#8211; Designet til b\u00f8rn fra 18 m\u00e5neder og opefter<br \/>\n* &#8211; Bl\u00e5 farve og interessant design<br \/>\n* &#8211; Brede hjul for bedre stabilitet<br \/>\n* &#8211; Har et h\u00e5ndtag for nem transport<br \/>\n* &#8211; Maksimal belastningskapacitet 30 kg<br \/>\n* &#8211; Ergonomisk form hj\u00e6lper b\u00f8rn med at udvikle motoriske og rumlige f\u00e6rdigheder<br \/>\n* &#8211; Leget\u00f8jet har IML-klisterm\u00e6rker<br \/>\n* &#8211; S\u00e6det er 33 cm h\u00f8jt og rattet er 49 cm h\u00f8jt<\/p>\n","protected":false},"excerpt":{"rendered":"<p>En sikker og robust ride-on motorcykel fra det kendte spanske firma INJUSA. Den perfekte replika af en \u00e6gte racercykel tiltr\u00e6kker opm\u00e6rksomhed med sine mindste detaljer. Pr\u00e6cis finish af hvert element, indlejrede klisterm\u00e6rker, brede hjul &#8211; alt dette for at sikre maksimal komfort og sikkerhed! En perfekt gave til enhver lejlighed for alle b\u00f8rn fra 18 [&hellip;]<\/p>\n","protected":false},"featured_media":0,"comment_status":"open","ping_status":"closed","template":"","meta":[],"product_brand":[],"product_cat":[31],"product_tag":[],"class_list":{"0":"post-26991","1":"product","2":"type-product","3":"status-publish","5":"product_cat-uncategorized-da","7":"first","8":"instock","9":"shipping-taxable","10":"purchasable","11":"product-type-simple"},"_links":{"self":[{"href":"https:\/\/nordicmart.andreevmaster.com\/da\/wp-json\/wp\/v2\/product\/26991","targetHints":{"allow":["GET"]}}],"collection":[{"href":"https:\/\/nordicmart.andreevmaster.com\/da\/wp-json\/wp\/v2\/product"}],"about":[{"href":"https:\/\/nordicmart.andreevmaster.com\/da\/wp-json\/wp\/v2\/types\/product"}],"replies":[{"embeddable":true,"href":"https:\/\/nordicmart.andreevmaster.com\/da\/wp-json\/wp\/v2\/comments?post=26991"}],"wp:attachment":[{"href":"https:\/\/nordicmart.andreevmaster.com\/da\/wp-json\/wp\/v2\/media?parent=26991"}],"wp:term":[{"taxonomy":"product_brand","embeddable":true,"href":"https:\/\/nordicmart.andreevmaster.com\/da\/wp-json\/wp\/v2\/product_brand?post=26991"},{"taxonomy":"product_cat","embeddable":true,"href":"https:\/\/nordicmart.andreevmaster.com\/da\/wp-json\/wp\/v2\/product_cat?post=26991"},{"taxonomy":"product_tag","embeddable":true,"href":"https:\/\/nordicmart.andreevmaster.com\/da\/wp-json\/wp\/v2\/product_tag?post=26991"}],"curies":[{"name":"wp","href":"https:\/\/api.w.org\/{rel}","templated":true}]}}