{"id":26990,"date":"2026-02-27T00:34:58","date_gmt":"2026-02-27T00:34:58","guid":{"rendered":"https:\/\/nordicmart.andreevmaster.com\/product\/injusa-spider-motor-ride-on-toy-fra-3-ar\/"},"modified":"2026-02-27T09:13:59","modified_gmt":"2026-02-27T09:13:59","slug":"injusa-spider-motor-ride-on-toy-fra-3-ar","status":"publish","type":"product","link":"https:\/\/nordicmart.andreevmaster.com\/da\/vare\/injusa-spider-motor-ride-on-toy-fra-3-ar\/","title":{"rendered":"INJUSA Spider Motor Ride-on Toy fra 3 \u00e5r"},"content":{"rendered":"<p>Sikkert og stilfuldt INJUSA-leget\u00f8j med k\u00f8replads, licenseret af Spider-Man Dette leget\u00f8j med k\u00f8replads fra det kendte spanske firma INJUSA er det perfekte valg til sm\u00e5 b\u00f8rn, der elsker aktiv leg. Takket v\u00e6re de brede hjul kan dit barn nemt holde balancen, mens det ergonomiske, konturerede s\u00e6de og det komfortable rat med drejeligt forhjul sikrer en behagelig og sikker k\u00f8reoplevelse. Det er fremstillet af holdbart plast og er perfekt til brug derhjemme, i legerum og i b\u00f8rnehaver. <\/p>\n<p>Egenskaber:<\/p>\n<p>* &#8211; Spider-Man-licens \u2013 attraktivt design inspireret af en popul\u00e6r superhelt<br \/>\n* &#8211; Stabil konstruktion \u2013 brede hjul g\u00f8r det nemt at holde balancen<br \/>\n* &#8211; Komfort og sikkerhed \u2013 ergonomisk s\u00e6de og nem h\u00e5ndtering<br \/>\n* &#8211; Udvikling af motoriske f\u00e6rdigheder \u2013 hj\u00e6lper med at l\u00e6re koordination og balance<br \/>\n* &#8211; Holdbarhed \u2013 maksimal belastning op til 30 kg<br \/>\n* &#8211; Til b\u00f8rn fra 3 \u00e5r og opefter<br \/>\n* &#8211; Perfekt som gave.<br \/>\n* &#8211; S\u00e6deh\u00f8jde: 41 (cm)<br \/>\n* &#8211; Hjulst\u00f8rrelse: 12 (tommer)<\/p>\n","protected":false},"excerpt":{"rendered":"<p>Sikkert og stilfuldt INJUSA-leget\u00f8j med k\u00f8replads, licenseret af Spider-Man Dette leget\u00f8j med k\u00f8replads fra det kendte spanske firma INJUSA er det perfekte valg til sm\u00e5 b\u00f8rn, der elsker aktiv leg. Takket v\u00e6re de brede hjul kan dit barn nemt holde balancen, mens det ergonomiske, konturerede s\u00e6de og det komfortable rat med drejeligt forhjul sikrer en [&hellip;]<\/p>\n","protected":false},"featured_media":0,"comment_status":"open","ping_status":"closed","template":"","meta":[],"product_brand":[],"product_cat":[31],"product_tag":[],"class_list":{"0":"post-26990","1":"product","2":"type-product","3":"status-publish","5":"product_cat-uncategorized-da","7":"first","8":"instock","9":"shipping-taxable","10":"purchasable","11":"product-type-simple"},"_links":{"self":[{"href":"https:\/\/nordicmart.andreevmaster.com\/da\/wp-json\/wp\/v2\/product\/26990","targetHints":{"allow":["GET"]}}],"collection":[{"href":"https:\/\/nordicmart.andreevmaster.com\/da\/wp-json\/wp\/v2\/product"}],"about":[{"href":"https:\/\/nordicmart.andreevmaster.com\/da\/wp-json\/wp\/v2\/types\/product"}],"replies":[{"embeddable":true,"href":"https:\/\/nordicmart.andreevmaster.com\/da\/wp-json\/wp\/v2\/comments?post=26990"}],"wp:attachment":[{"href":"https:\/\/nordicmart.andreevmaster.com\/da\/wp-json\/wp\/v2\/media?parent=26990"}],"wp:term":[{"taxonomy":"product_brand","embeddable":true,"href":"https:\/\/nordicmart.andreevmaster.com\/da\/wp-json\/wp\/v2\/product_brand?post=26990"},{"taxonomy":"product_cat","embeddable":true,"href":"https:\/\/nordicmart.andreevmaster.com\/da\/wp-json\/wp\/v2\/product_cat?post=26990"},{"taxonomy":"product_tag","embeddable":true,"href":"https:\/\/nordicmart.andreevmaster.com\/da\/wp-json\/wp\/v2\/product_tag?post=26990"}],"curies":[{"name":"wp","href":"https:\/\/api.w.org\/{rel}","templated":true}]}}