{"id":26989,"date":"2026-02-27T00:34:58","date_gmt":"2026-02-27T00:34:58","guid":{"rendered":"https:\/\/nordicmart.andreevmaster.com\/product\/injusa-winner-750-sx-push-bike-fra-3-ar\/"},"modified":"2026-02-27T09:13:59","modified_gmt":"2026-02-27T09:13:59","slug":"injusa-winner-750-sx-push-bike-fra-3-ar","status":"publish","type":"product","link":"https:\/\/nordicmart.andreevmaster.com\/da\/vare\/injusa-winner-750-sx-push-bike-fra-3-ar\/","title":{"rendered":"INJUSA Winner 750 sx Push Bike (fra 3 \u00e5r)"},"content":{"rendered":"<p>Winner Balance Bike fra den spanske leget\u00f8jsproducent INJUSA er en fantastisk gaveid\u00e9 til b\u00f8rn fra 18 m\u00e5neder og opefter. Det konturerede s\u00e6de og rattet med drejeligt forhjul g\u00f8r k\u00f8rslen behagelig og sikker. De brede hjul giver k\u00f8ret\u00f8jet stabilitet, og det sporty look tiltr\u00e6kker opm\u00e6rksomhed.<br \/>\nEgenskaber:<br \/>\n* &#8211; gul Winner 750 xs Balance Bike,<br \/>\n* &#8211; designet til b\u00f8rn fra 3 \u00e5r og opefter,<br \/>\n* &#8211; ergonomisk, kontureret s\u00e6de sikrer komfort under k\u00f8rsel,<br \/>\n* &#8211; motorcyklen har et drejeligt forhjul,* &#8211; klisterm\u00e6rker fremstillet ved hj\u00e6lp af IML-teknologi &#8211; det betyder, at de er indlejret i plasten og modstandsdygtige over for vejrforhold,* &#8211; fremstillet af materialer af h\u00f8j kvalitet, der er sikre for b\u00f8rn,* &#8211; maksimalt tilladt belastning op til 50 kg,* &#8211; s\u00e6deh\u00f8jde: 41 cm,* &#8211; hjulst\u00f8rrelse: 12 tommer.<\/p>\n<p>INJUSA \u2013 leget\u00f8j fra et kendt spansk firma, der har v\u00e6ret p\u00e5 markedet siden 1947. De er kendetegnet ved h\u00f8j kvalitet og ekstraordin\u00e6r opm\u00e6rksomhed for detaljer. Kendt for leget\u00f8j s\u00e5som elektriske k\u00f8ret\u00f8jer, cykler, l\u00f8becykler, trehjulede cykler og legehuse.<\/p>\n","protected":false},"excerpt":{"rendered":"<p>Winner Balance Bike fra den spanske leget\u00f8jsproducent INJUSA er en fantastisk gaveid\u00e9 til b\u00f8rn fra 18 m\u00e5neder og opefter. Det konturerede s\u00e6de og rattet med drejeligt forhjul g\u00f8r k\u00f8rslen behagelig og sikker. De brede hjul giver k\u00f8ret\u00f8jet stabilitet, og det sporty look tiltr\u00e6kker opm\u00e6rksomhed. Egenskaber: * &#8211; gul Winner 750 xs Balance Bike, * &#8211; [&hellip;]<\/p>\n","protected":false},"featured_media":0,"comment_status":"open","ping_status":"closed","template":"","meta":[],"product_brand":[],"product_cat":[31],"product_tag":[],"class_list":{"0":"post-26989","1":"product","2":"type-product","3":"status-publish","5":"product_cat-uncategorized-da","7":"first","8":"instock","9":"shipping-taxable","10":"purchasable","11":"product-type-simple"},"_links":{"self":[{"href":"https:\/\/nordicmart.andreevmaster.com\/da\/wp-json\/wp\/v2\/product\/26989","targetHints":{"allow":["GET"]}}],"collection":[{"href":"https:\/\/nordicmart.andreevmaster.com\/da\/wp-json\/wp\/v2\/product"}],"about":[{"href":"https:\/\/nordicmart.andreevmaster.com\/da\/wp-json\/wp\/v2\/types\/product"}],"replies":[{"embeddable":true,"href":"https:\/\/nordicmart.andreevmaster.com\/da\/wp-json\/wp\/v2\/comments?post=26989"}],"wp:attachment":[{"href":"https:\/\/nordicmart.andreevmaster.com\/da\/wp-json\/wp\/v2\/media?parent=26989"}],"wp:term":[{"taxonomy":"product_brand","embeddable":true,"href":"https:\/\/nordicmart.andreevmaster.com\/da\/wp-json\/wp\/v2\/product_brand?post=26989"},{"taxonomy":"product_cat","embeddable":true,"href":"https:\/\/nordicmart.andreevmaster.com\/da\/wp-json\/wp\/v2\/product_cat?post=26989"},{"taxonomy":"product_tag","embeddable":true,"href":"https:\/\/nordicmart.andreevmaster.com\/da\/wp-json\/wp\/v2\/product_tag?post=26989"}],"curies":[{"name":"wp","href":"https:\/\/api.w.org\/{rel}","templated":true}]}}