{"id":26988,"date":"2026-02-27T00:34:58","date_gmt":"2026-02-27T00:34:58","guid":{"rendered":"https:\/\/nordicmart.andreevmaster.com\/product\/katana-papirkniv-sw-199\/"},"modified":"2026-02-27T09:13:58","modified_gmt":"2026-02-27T09:13:58","slug":"katana-papirkniv-sw-199","status":"publish","type":"product","link":"https:\/\/nordicmart.andreevmaster.com\/da\/vare\/katana-papirkniv-sw-199\/","title":{"rendered":"Katana &#8211; papirkniv &#8211; SW-199"},"content":{"rendered":"<p>Katana &#8211; papirkniv &#8211; SW-199&nbsp;&nbsp;Papirkniven i form af en katana er et fremragende valg til en original kontor-gadget. Den er perfekt som en lille gave til enhver, der elsker japansk historie og kultur.&nbsp;Den fungerer perfekt som papirkniv. Den medf\u00f8lgende skede g\u00f8r den nem at opbevare.&nbsp;&nbsp;Produktinformation:&nbsp;Papirkniv i form af en katanaH\u00f8jde: 18 cmV\u00e6gt: 0,05 kgDekorativ skede til katanaen medf\u00f8lgerDette er ikke et v\u00e5ben \u2013 katanaen har en sl\u00f8vet klinge&nbsp;<\/p>\n","protected":false},"excerpt":{"rendered":"<p>Katana &#8211; papirkniv &#8211; SW-199&nbsp;&nbsp;Papirkniven i form af en katana er et fremragende valg til en original kontor-gadget. Den er perfekt som en lille gave til enhver, der elsker japansk historie og kultur.&nbsp;Den fungerer perfekt som papirkniv. Den medf\u00f8lgende skede g\u00f8r den nem at opbevare.&nbsp;&nbsp;Produktinformation:&nbsp;Papirkniv i form af en katanaH\u00f8jde: 18 cmV\u00e6gt: 0,05 kgDekorativ skede [&hellip;]<\/p>\n","protected":false},"featured_media":44780,"comment_status":"open","ping_status":"closed","template":"","meta":[],"product_brand":[],"product_cat":[31],"product_tag":[],"class_list":{"0":"post-26988","1":"product","2":"type-product","3":"status-publish","4":"has-post-thumbnail","6":"product_cat-uncategorized-da","8":"first","9":"instock","10":"shipping-taxable","11":"purchasable","12":"product-type-simple"},"_links":{"self":[{"href":"https:\/\/nordicmart.andreevmaster.com\/da\/wp-json\/wp\/v2\/product\/26988","targetHints":{"allow":["GET"]}}],"collection":[{"href":"https:\/\/nordicmart.andreevmaster.com\/da\/wp-json\/wp\/v2\/product"}],"about":[{"href":"https:\/\/nordicmart.andreevmaster.com\/da\/wp-json\/wp\/v2\/types\/product"}],"replies":[{"embeddable":true,"href":"https:\/\/nordicmart.andreevmaster.com\/da\/wp-json\/wp\/v2\/comments?post=26988"}],"wp:featuredmedia":[{"embeddable":true,"href":"https:\/\/nordicmart.andreevmaster.com\/da\/wp-json\/wp\/v2\/media\/44780"}],"wp:attachment":[{"href":"https:\/\/nordicmart.andreevmaster.com\/da\/wp-json\/wp\/v2\/media?parent=26988"}],"wp:term":[{"taxonomy":"product_brand","embeddable":true,"href":"https:\/\/nordicmart.andreevmaster.com\/da\/wp-json\/wp\/v2\/product_brand?post=26988"},{"taxonomy":"product_cat","embeddable":true,"href":"https:\/\/nordicmart.andreevmaster.com\/da\/wp-json\/wp\/v2\/product_cat?post=26988"},{"taxonomy":"product_tag","embeddable":true,"href":"https:\/\/nordicmart.andreevmaster.com\/da\/wp-json\/wp\/v2\/product_tag?post=26988"}],"curies":[{"name":"wp","href":"https:\/\/api.w.org\/{rel}","templated":true}]}}