{"id":26987,"date":"2026-02-27T00:34:57","date_gmt":"2026-02-27T00:34:57","guid":{"rendered":"https:\/\/nordicmart.andreevmaster.com\/product\/svaerdreplika-excalibur-sw-195\/"},"modified":"2026-02-27T09:13:58","modified_gmt":"2026-02-27T09:13:58","slug":"svaerdreplika-excalibur-sw-195","status":"publish","type":"product","link":"https:\/\/nordicmart.andreevmaster.com\/da\/vare\/svaerdreplika-excalibur-sw-195\/","title":{"rendered":"Sv\u00e6rdreplika \u2013 Excalibur \u2013 SW-195"},"content":{"rendered":"<p>Sv\u00e6rdreplika \u2013 Excalibur \u2013 SW-195&nbsp;Replika af Kong Arthurs ber\u00f8mte sv\u00e6rd, fremstillet af st\u00e5l. Det er et ideelt dekorativt stykke for elskere af mytologi og historie. St\u00e5lklingen og det detaljerede h\u00e5ndtag og skede g\u00f8r sv\u00e6rdet realistisk. Dekorativt element for elskere af fantasy, middelalder og Arthur-mytologi.&nbsp;Produktinformation:&nbsp;Sv\u00e6rd med st\u00e5lklinge.Skede Dimensioner: l\u00e6ngde 84 cm x bredde 16 cm x dybde 2 cm&nbsp;Dette er ikke et leget\u00f8j!Kun for personer over 18 \u00e5r!&nbsp;<\/p>\n","protected":false},"excerpt":{"rendered":"<p>Sv\u00e6rdreplika \u2013 Excalibur \u2013 SW-195&nbsp;Replika af Kong Arthurs ber\u00f8mte sv\u00e6rd, fremstillet af st\u00e5l. Det er et ideelt dekorativt stykke for elskere af mytologi og historie. St\u00e5lklingen og det detaljerede h\u00e5ndtag og skede g\u00f8r sv\u00e6rdet realistisk. Dekorativt element for elskere af fantasy, middelalder og Arthur-mytologi.&nbsp;Produktinformation:&nbsp;Sv\u00e6rd med st\u00e5lklinge.Skede Dimensioner: l\u00e6ngde 84 cm x bredde 16 cm x [&hellip;]<\/p>\n","protected":false},"featured_media":44779,"comment_status":"open","ping_status":"closed","template":"","meta":[],"product_brand":[],"product_cat":[31],"product_tag":[],"class_list":{"0":"post-26987","1":"product","2":"type-product","3":"status-publish","4":"has-post-thumbnail","6":"product_cat-uncategorized-da","8":"first","9":"instock","10":"shipping-taxable","11":"purchasable","12":"product-type-simple"},"_links":{"self":[{"href":"https:\/\/nordicmart.andreevmaster.com\/da\/wp-json\/wp\/v2\/product\/26987","targetHints":{"allow":["GET"]}}],"collection":[{"href":"https:\/\/nordicmart.andreevmaster.com\/da\/wp-json\/wp\/v2\/product"}],"about":[{"href":"https:\/\/nordicmart.andreevmaster.com\/da\/wp-json\/wp\/v2\/types\/product"}],"replies":[{"embeddable":true,"href":"https:\/\/nordicmart.andreevmaster.com\/da\/wp-json\/wp\/v2\/comments?post=26987"}],"wp:featuredmedia":[{"embeddable":true,"href":"https:\/\/nordicmart.andreevmaster.com\/da\/wp-json\/wp\/v2\/media\/44779"}],"wp:attachment":[{"href":"https:\/\/nordicmart.andreevmaster.com\/da\/wp-json\/wp\/v2\/media?parent=26987"}],"wp:term":[{"taxonomy":"product_brand","embeddable":true,"href":"https:\/\/nordicmart.andreevmaster.com\/da\/wp-json\/wp\/v2\/product_brand?post=26987"},{"taxonomy":"product_cat","embeddable":true,"href":"https:\/\/nordicmart.andreevmaster.com\/da\/wp-json\/wp\/v2\/product_cat?post=26987"},{"taxonomy":"product_tag","embeddable":true,"href":"https:\/\/nordicmart.andreevmaster.com\/da\/wp-json\/wp\/v2\/product_tag?post=26987"}],"curies":[{"name":"wp","href":"https:\/\/api.w.org\/{rel}","templated":true}]}}