{"id":26986,"date":"2026-02-27T00:34:57","date_gmt":"2026-02-27T00:34:57","guid":{"rendered":"https:\/\/nordicmart.andreevmaster.com\/product\/staldolk-dragehandtag-dekorativ-sw-189\/"},"modified":"2026-02-27T09:13:58","modified_gmt":"2026-02-27T09:13:58","slug":"staldolk-dragehandtag-dekorativ-sw-189","status":"publish","type":"product","link":"https:\/\/nordicmart.andreevmaster.com\/da\/vare\/staldolk-dragehandtag-dekorativ-sw-189\/","title":{"rendered":"St\u00e5ldolk \u2013 Drageh\u00e5ndtag \u2013 Dekorativ \u2013 SW-189"},"content":{"rendered":"<p>St\u00e5ldolk \u2013 Drageh\u00e5ndtag \u2013 Dekorativ \u2013 SW-189&nbsp;&nbsp;Produktinformation:&nbsp;Dolkens dimensioner: L\u00e6ngde: 35 cm, bredde 6,50 cm, dybde 1,50 cm.Dimensioner p\u00e5 skeden: l\u00e6ngde 20,50 cm, bredde 4,00 cm, dybde 1,50 cmKlinge: L\u00e6ngde 17,00 cm, bredde 3,00 cmH\u00e5ndtag: l\u00e6ngde 14,00 cm, bredde 3,50 cmSt\u00e5lklingeSkede medf\u00f8lgerBem\u00e6rk: Dette er ikke et leget\u00f8j \u2013 produktet er beregnet til personer over 18 \u00e5r.&nbsp;<\/p>\n","protected":false},"excerpt":{"rendered":"<p>St\u00e5ldolk \u2013 Drageh\u00e5ndtag \u2013 Dekorativ \u2013 SW-189&nbsp;&nbsp;Produktinformation:&nbsp;Dolkens dimensioner: L\u00e6ngde: 35 cm, bredde 6,50 cm, dybde 1,50 cm.Dimensioner p\u00e5 skeden: l\u00e6ngde 20,50 cm, bredde 4,00 cm, dybde 1,50 cmKlinge: L\u00e6ngde 17,00 cm, bredde 3,00 cmH\u00e5ndtag: l\u00e6ngde 14,00 cm, bredde 3,50 cmSt\u00e5lklingeSkede medf\u00f8lgerBem\u00e6rk: Dette er ikke et leget\u00f8j \u2013 produktet er beregnet til personer over 18 \u00e5r.&nbsp;<\/p>\n","protected":false},"featured_media":44778,"comment_status":"open","ping_status":"closed","template":"","meta":[],"product_brand":[],"product_cat":[31],"product_tag":[],"class_list":{"0":"post-26986","1":"product","2":"type-product","3":"status-publish","4":"has-post-thumbnail","6":"product_cat-uncategorized-da","8":"first","9":"instock","10":"shipping-taxable","11":"purchasable","12":"product-type-simple"},"_links":{"self":[{"href":"https:\/\/nordicmart.andreevmaster.com\/da\/wp-json\/wp\/v2\/product\/26986","targetHints":{"allow":["GET"]}}],"collection":[{"href":"https:\/\/nordicmart.andreevmaster.com\/da\/wp-json\/wp\/v2\/product"}],"about":[{"href":"https:\/\/nordicmart.andreevmaster.com\/da\/wp-json\/wp\/v2\/types\/product"}],"replies":[{"embeddable":true,"href":"https:\/\/nordicmart.andreevmaster.com\/da\/wp-json\/wp\/v2\/comments?post=26986"}],"wp:featuredmedia":[{"embeddable":true,"href":"https:\/\/nordicmart.andreevmaster.com\/da\/wp-json\/wp\/v2\/media\/44778"}],"wp:attachment":[{"href":"https:\/\/nordicmart.andreevmaster.com\/da\/wp-json\/wp\/v2\/media?parent=26986"}],"wp:term":[{"taxonomy":"product_brand","embeddable":true,"href":"https:\/\/nordicmart.andreevmaster.com\/da\/wp-json\/wp\/v2\/product_brand?post=26986"},{"taxonomy":"product_cat","embeddable":true,"href":"https:\/\/nordicmart.andreevmaster.com\/da\/wp-json\/wp\/v2\/product_cat?post=26986"},{"taxonomy":"product_tag","embeddable":true,"href":"https:\/\/nordicmart.andreevmaster.com\/da\/wp-json\/wp\/v2\/product_tag?post=26986"}],"curies":[{"name":"wp","href":"https:\/\/api.w.org\/{rel}","templated":true}]}}