{"id":26985,"date":"2026-02-27T00:34:57","date_gmt":"2026-02-27T00:34:57","guid":{"rendered":"https:\/\/nordicmart.andreevmaster.com\/product\/dekorativ-dolk-med-dragehandtag-pa-stativ-34-cm-fantasy-rustfrit-stal-sw-185\/"},"modified":"2026-02-27T09:13:58","modified_gmt":"2026-02-27T09:13:58","slug":"dekorativ-dolk-med-dragehandtag-pa-stativ-34-cm-fantasy-rustfrit-stal-sw-185","status":"publish","type":"product","link":"https:\/\/nordicmart.andreevmaster.com\/da\/vare\/dekorativ-dolk-med-dragehandtag-pa-stativ-34-cm-fantasy-rustfrit-stal-sw-185\/","title":{"rendered":"Dekorativ dolk med drageh\u00e5ndtag p\u00e5 stativ 34 cm \u2013 Fantasy \u2013 Rustfrit st\u00e5l \u2013 SW-185"},"content":{"rendered":"<p>Dekorativ dolk med drageh\u00e5ndtag p\u00e5 stativ 34 cm \u2013 Fantasy \u2013 Rustfrit st\u00e5l \u2013 SW-185&nbsp;Dekorativ dolk designet til entusiaster af fantasy, drager og middelalderlige temaer. H\u00e5ndtaget, der er formet som en drage, har detaljerede ornamenter og raffinerede detaljer. Klingen, der er prydet med et ildmotiv, understreger det fantasifulde pr\u00e6g p\u00e5 dette karakteristiske dekorative stykke. Dolken har en stump kant.&nbsp;Velegnet som samlerobjekt, temagave eller i\u00f8jnefaldende dekorativt element i gotiske, steampunk- eller middelalderlige interi\u00f8rer.&nbsp;&nbsp;Produktinformation:&nbsp;Materiale: Rustfrit st\u00e5l, tr\u00e6L\u00e6ngde: 34 cmBredde: 6 cmStump klinge \u2013 rent dekorativt objektRigeligt dekoreret h\u00e5ndtag formet som en drageStil: Fantasi, drage, middelalder&nbsp;N\u00f8gleegenskaber:&nbsp;Unikt design med rigt dekoreret h\u00e5ndtagH\u00f8jkvalitets h\u00e5ndv\u00e6rk i rustfrit st\u00e5l og med en solid baseVelegnet som gave takket v\u00e6re sin dekorative form og \u00e6stetiske emballage&nbsp;<\/p>\n","protected":false},"excerpt":{"rendered":"<p>Dekorativ dolk med drageh\u00e5ndtag p\u00e5 stativ 34 cm \u2013 Fantasy \u2013 Rustfrit st\u00e5l \u2013 SW-185&nbsp;Dekorativ dolk designet til entusiaster af fantasy, drager og middelalderlige temaer. H\u00e5ndtaget, der er formet som en drage, har detaljerede ornamenter og raffinerede detaljer. Klingen, der er prydet med et ildmotiv, understreger det fantasifulde pr\u00e6g p\u00e5 dette karakteristiske dekorative stykke. Dolken [&hellip;]<\/p>\n","protected":false},"featured_media":44777,"comment_status":"open","ping_status":"closed","template":"","meta":[],"product_brand":[],"product_cat":[31],"product_tag":[],"class_list":{"0":"post-26985","1":"product","2":"type-product","3":"status-publish","4":"has-post-thumbnail","6":"product_cat-uncategorized-da","8":"first","9":"instock","10":"shipping-taxable","11":"purchasable","12":"product-type-simple"},"_links":{"self":[{"href":"https:\/\/nordicmart.andreevmaster.com\/da\/wp-json\/wp\/v2\/product\/26985","targetHints":{"allow":["GET"]}}],"collection":[{"href":"https:\/\/nordicmart.andreevmaster.com\/da\/wp-json\/wp\/v2\/product"}],"about":[{"href":"https:\/\/nordicmart.andreevmaster.com\/da\/wp-json\/wp\/v2\/types\/product"}],"replies":[{"embeddable":true,"href":"https:\/\/nordicmart.andreevmaster.com\/da\/wp-json\/wp\/v2\/comments?post=26985"}],"wp:featuredmedia":[{"embeddable":true,"href":"https:\/\/nordicmart.andreevmaster.com\/da\/wp-json\/wp\/v2\/media\/44777"}],"wp:attachment":[{"href":"https:\/\/nordicmart.andreevmaster.com\/da\/wp-json\/wp\/v2\/media?parent=26985"}],"wp:term":[{"taxonomy":"product_brand","embeddable":true,"href":"https:\/\/nordicmart.andreevmaster.com\/da\/wp-json\/wp\/v2\/product_brand?post=26985"},{"taxonomy":"product_cat","embeddable":true,"href":"https:\/\/nordicmart.andreevmaster.com\/da\/wp-json\/wp\/v2\/product_cat?post=26985"},{"taxonomy":"product_tag","embeddable":true,"href":"https:\/\/nordicmart.andreevmaster.com\/da\/wp-json\/wp\/v2\/product_tag?post=26985"}],"curies":[{"name":"wp","href":"https:\/\/api.w.org\/{rel}","templated":true}]}}