{"id":26984,"date":"2026-02-27T00:34:56","date_gmt":"2026-02-27T00:34:56","guid":{"rendered":"https:\/\/nordicmart.andreevmaster.com\/product\/stalridderdolk-replika-sw-178\/"},"modified":"2026-02-27T09:13:57","modified_gmt":"2026-02-27T09:13:57","slug":"stalridderdolk-replika-sw-178","status":"publish","type":"product","link":"https:\/\/nordicmart.andreevmaster.com\/da\/vare\/stalridderdolk-replika-sw-178\/","title":{"rendered":"St\u00e5lridderdolk &#8211; replika SW-178"},"content":{"rendered":"<p>St\u00e5lridderdolk &#8211; replika SW-178&nbsp;&nbsp;En st\u00e5ldolk kan v\u00e6re en fantastisk gave til en historieinteresseret, da den giver mulighed for at f\u00f8le en forbindelse til fortiden og til forskellige tidsaldres kulturer og traditioner. H\u00e5ndv\u00e6rket og opm\u00e6rksomheden for detaljer i en elegant st\u00e5ldolk kan ogs\u00e5 g\u00f8re den til et visuelt sl\u00e5ende og sofistikeret dekorativt stykke. Derudover kan en elegant st\u00e5lkniv v\u00e6re en meningsfuld og unik gave til en historieinteresseret, da den repr\u00e6senterer v\u00e6rdier og idealer fra forskellige historiske samfund.&nbsp;Produktinformation:&nbsp;Replika af en middelalderlig ridderdolk i en skede \u2013 et dekorativt element Dette er ikke et v\u00e5ben \u2013 dolken har en sl\u00f8vet klinge L\u00e6ngde \u2013 34 cm V\u00e6gt \u2013 0,23 kg Fremstillet af rustfrit st\u00e5l Dekorativ skede medf\u00f8lger \u00c6stetisk gave\u00e6ske Bem\u00e6rk: Dolken er ikke et leget\u00f8j. Den har en dekorativ karakter. Den skal opbevares utilg\u00e6ngeligt for b\u00f8rn. M\u00e5 ikke overlades til personer under 18 \u00e5r!<\/p>\n","protected":false},"excerpt":{"rendered":"<p>St\u00e5lridderdolk &#8211; replika SW-178&nbsp;&nbsp;En st\u00e5ldolk kan v\u00e6re en fantastisk gave til en historieinteresseret, da den giver mulighed for at f\u00f8le en forbindelse til fortiden og til forskellige tidsaldres kulturer og traditioner. H\u00e5ndv\u00e6rket og opm\u00e6rksomheden for detaljer i en elegant st\u00e5ldolk kan ogs\u00e5 g\u00f8re den til et visuelt sl\u00e5ende og sofistikeret dekorativt stykke. Derudover kan en [&hellip;]<\/p>\n","protected":false},"featured_media":44776,"comment_status":"open","ping_status":"closed","template":"","meta":[],"product_brand":[],"product_cat":[31],"product_tag":[],"class_list":{"0":"post-26984","1":"product","2":"type-product","3":"status-publish","4":"has-post-thumbnail","6":"product_cat-uncategorized-da","8":"first","9":"instock","10":"shipping-taxable","11":"purchasable","12":"product-type-simple"},"_links":{"self":[{"href":"https:\/\/nordicmart.andreevmaster.com\/da\/wp-json\/wp\/v2\/product\/26984","targetHints":{"allow":["GET"]}}],"collection":[{"href":"https:\/\/nordicmart.andreevmaster.com\/da\/wp-json\/wp\/v2\/product"}],"about":[{"href":"https:\/\/nordicmart.andreevmaster.com\/da\/wp-json\/wp\/v2\/types\/product"}],"replies":[{"embeddable":true,"href":"https:\/\/nordicmart.andreevmaster.com\/da\/wp-json\/wp\/v2\/comments?post=26984"}],"wp:featuredmedia":[{"embeddable":true,"href":"https:\/\/nordicmart.andreevmaster.com\/da\/wp-json\/wp\/v2\/media\/44776"}],"wp:attachment":[{"href":"https:\/\/nordicmart.andreevmaster.com\/da\/wp-json\/wp\/v2\/media?parent=26984"}],"wp:term":[{"taxonomy":"product_brand","embeddable":true,"href":"https:\/\/nordicmart.andreevmaster.com\/da\/wp-json\/wp\/v2\/product_brand?post=26984"},{"taxonomy":"product_cat","embeddable":true,"href":"https:\/\/nordicmart.andreevmaster.com\/da\/wp-json\/wp\/v2\/product_cat?post=26984"},{"taxonomy":"product_tag","embeddable":true,"href":"https:\/\/nordicmart.andreevmaster.com\/da\/wp-json\/wp\/v2\/product_tag?post=26984"}],"curies":[{"name":"wp","href":"https:\/\/api.w.org\/{rel}","templated":true}]}}