{"id":26983,"date":"2026-02-27T00:34:56","date_gmt":"2026-02-27T00:34:56","guid":{"rendered":"https:\/\/nordicmart.andreevmaster.com\/product\/stalridderdolk-replika-sw-116\/"},"modified":"2026-02-27T09:13:57","modified_gmt":"2026-02-27T09:13:57","slug":"stalridderdolk-replika-sw-116","status":"publish","type":"product","link":"https:\/\/nordicmart.andreevmaster.com\/da\/vare\/stalridderdolk-replika-sw-116\/","title":{"rendered":"St\u00e5lridderdolk \u2013 replika SW-116"},"content":{"rendered":"<p>St\u00e5lridderdolk &#8211; replika SW-116&nbsp;&nbsp;St\u00e5lridderdolk er en fantastisk gave til en mand, da den er et visuelt sl\u00e5ende og veludf\u00f8rt stykke, der udstr\u00e5ler styrke og \u00e6re. Den kan bruges som samlerobjekt eller dekoration, eller den kan bruges til udstilling i en middelalderlig reenactment-gruppe. V\u00e6gten og fornemmelsen af st\u00e5lh\u00e5ndtaget og bladet kan ogs\u00e5 give en f\u00f8lelse af tilfredshed og en h\u00e5ndgribelig forbindelse til historien.&nbsp;&nbsp;Produktinformation:&nbsp;Replika af en middelalderlig ridderdolk i skede &#8211; et dekorativt objekt.Dette er ikke et v\u00e5ben \u2013 dolken har et stumpt blad. L\u00e6ngde \u2013 35 cm, v\u00e6gt \u2013 0,23 kg. Fremstillet af rustfrit st\u00e5l. Inkluderer dekorativ skede. \u00c6stetisk gave\u00e6ske. Bem\u00e6rk: Dolken er ikke et leget\u00f8j. Den har en dekorativ karakter. Den skal holdes v\u00e6k fra b\u00f8rn. Overlad den ikke til personer under 18 \u00e5r!<\/p>\n","protected":false},"excerpt":{"rendered":"<p>St\u00e5lridderdolk &#8211; replika SW-116&nbsp;&nbsp;St\u00e5lridderdolk er en fantastisk gave til en mand, da den er et visuelt sl\u00e5ende og veludf\u00f8rt stykke, der udstr\u00e5ler styrke og \u00e6re. Den kan bruges som samlerobjekt eller dekoration, eller den kan bruges til udstilling i en middelalderlig reenactment-gruppe. V\u00e6gten og fornemmelsen af st\u00e5lh\u00e5ndtaget og bladet kan ogs\u00e5 give en f\u00f8lelse af [&hellip;]<\/p>\n","protected":false},"featured_media":44775,"comment_status":"open","ping_status":"closed","template":"","meta":[],"product_brand":[],"product_cat":[31],"product_tag":[],"class_list":{"0":"post-26983","1":"product","2":"type-product","3":"status-publish","4":"has-post-thumbnail","6":"product_cat-uncategorized-da","8":"first","9":"instock","10":"shipping-taxable","11":"purchasable","12":"product-type-simple"},"_links":{"self":[{"href":"https:\/\/nordicmart.andreevmaster.com\/da\/wp-json\/wp\/v2\/product\/26983","targetHints":{"allow":["GET"]}}],"collection":[{"href":"https:\/\/nordicmart.andreevmaster.com\/da\/wp-json\/wp\/v2\/product"}],"about":[{"href":"https:\/\/nordicmart.andreevmaster.com\/da\/wp-json\/wp\/v2\/types\/product"}],"replies":[{"embeddable":true,"href":"https:\/\/nordicmart.andreevmaster.com\/da\/wp-json\/wp\/v2\/comments?post=26983"}],"wp:featuredmedia":[{"embeddable":true,"href":"https:\/\/nordicmart.andreevmaster.com\/da\/wp-json\/wp\/v2\/media\/44775"}],"wp:attachment":[{"href":"https:\/\/nordicmart.andreevmaster.com\/da\/wp-json\/wp\/v2\/media?parent=26983"}],"wp:term":[{"taxonomy":"product_brand","embeddable":true,"href":"https:\/\/nordicmart.andreevmaster.com\/da\/wp-json\/wp\/v2\/product_brand?post=26983"},{"taxonomy":"product_cat","embeddable":true,"href":"https:\/\/nordicmart.andreevmaster.com\/da\/wp-json\/wp\/v2\/product_cat?post=26983"},{"taxonomy":"product_tag","embeddable":true,"href":"https:\/\/nordicmart.andreevmaster.com\/da\/wp-json\/wp\/v2\/product_tag?post=26983"}],"curies":[{"name":"wp","href":"https:\/\/api.w.org\/{rel}","templated":true}]}}