{"id":26982,"date":"2026-02-27T00:34:56","date_gmt":"2026-02-27T00:34:56","guid":{"rendered":"https:\/\/nordicmart.andreevmaster.com\/product\/stalridder-svaerd-replika-sw-114\/"},"modified":"2026-02-27T09:13:57","modified_gmt":"2026-02-27T09:13:57","slug":"stalridder-svaerd-replika-sw-114","status":"publish","type":"product","link":"https:\/\/nordicmart.andreevmaster.com\/da\/vare\/stalridder-svaerd-replika-sw-114\/","title":{"rendered":"St\u00e5lridder-sv\u00e6rd \u2013 replika \u2013 SW-114"},"content":{"rendered":"<p>St\u00e5lridder-sv\u00e6rd &#8211; replika &#8211; SW-114 &nbsp;&nbsp;&nbsp;St\u00e5lridder-sv\u00e6rdet er et fremragende produkt til dem, der s\u00e6tter pris p\u00e5 originale og unikke gaver. Det er ikke kun en interessant dekoration, men ogs\u00e5 en perfekt gave til en historieinteresseret eller en samler af replikaer af v\u00e5ben og historiske genstande.&nbsp;Dette er ikke et v\u00e5ben &#8211; sv\u00e6rdet har en sl\u00f8vet klinge.&nbsp;&nbsp;Produktinformation:&nbsp;L\u00e6ngde: 84 cmV\u00e6gt: 1,2 kgFremstillet af rustfrit st\u00e5lReplika af et middelalderligt ridder-sv\u00e6rd i skede &#8211; en dekorativ genstand.Dekorativ skede medf\u00f8lger&nbsp;<\/p>\n","protected":false},"excerpt":{"rendered":"<p>St\u00e5lridder-sv\u00e6rd &#8211; replika &#8211; SW-114 &nbsp;&nbsp;&nbsp;St\u00e5lridder-sv\u00e6rdet er et fremragende produkt til dem, der s\u00e6tter pris p\u00e5 originale og unikke gaver. Det er ikke kun en interessant dekoration, men ogs\u00e5 en perfekt gave til en historieinteresseret eller en samler af replikaer af v\u00e5ben og historiske genstande.&nbsp;Dette er ikke et v\u00e5ben &#8211; sv\u00e6rdet har en sl\u00f8vet klinge.&nbsp;&nbsp;Produktinformation:&nbsp;L\u00e6ngde: [&hellip;]<\/p>\n","protected":false},"featured_media":44774,"comment_status":"open","ping_status":"closed","template":"","meta":[],"product_brand":[],"product_cat":[31],"product_tag":[],"class_list":{"0":"post-26982","1":"product","2":"type-product","3":"status-publish","4":"has-post-thumbnail","6":"product_cat-uncategorized-da","8":"first","9":"instock","10":"shipping-taxable","11":"purchasable","12":"product-type-simple"},"_links":{"self":[{"href":"https:\/\/nordicmart.andreevmaster.com\/da\/wp-json\/wp\/v2\/product\/26982","targetHints":{"allow":["GET"]}}],"collection":[{"href":"https:\/\/nordicmart.andreevmaster.com\/da\/wp-json\/wp\/v2\/product"}],"about":[{"href":"https:\/\/nordicmart.andreevmaster.com\/da\/wp-json\/wp\/v2\/types\/product"}],"replies":[{"embeddable":true,"href":"https:\/\/nordicmart.andreevmaster.com\/da\/wp-json\/wp\/v2\/comments?post=26982"}],"wp:featuredmedia":[{"embeddable":true,"href":"https:\/\/nordicmart.andreevmaster.com\/da\/wp-json\/wp\/v2\/media\/44774"}],"wp:attachment":[{"href":"https:\/\/nordicmart.andreevmaster.com\/da\/wp-json\/wp\/v2\/media?parent=26982"}],"wp:term":[{"taxonomy":"product_brand","embeddable":true,"href":"https:\/\/nordicmart.andreevmaster.com\/da\/wp-json\/wp\/v2\/product_brand?post=26982"},{"taxonomy":"product_cat","embeddable":true,"href":"https:\/\/nordicmart.andreevmaster.com\/da\/wp-json\/wp\/v2\/product_cat?post=26982"},{"taxonomy":"product_tag","embeddable":true,"href":"https:\/\/nordicmart.andreevmaster.com\/da\/wp-json\/wp\/v2\/product_tag?post=26982"}],"curies":[{"name":"wp","href":"https:\/\/api.w.org\/{rel}","templated":true}]}}