{"id":26981,"date":"2026-02-27T00:34:56","date_gmt":"2026-02-27T00:34:56","guid":{"rendered":"https:\/\/nordicmart.andreevmaster.com\/product\/middelalderlig-dolk-sw-075\/"},"modified":"2026-02-27T09:13:57","modified_gmt":"2026-02-27T09:13:57","slug":"middelalderlig-dolk-sw-075","status":"publish","type":"product","link":"https:\/\/nordicmart.andreevmaster.com\/da\/vare\/middelalderlig-dolk-sw-075\/","title":{"rendered":"Middelalderlig dolk &#8211; SW-075"},"content":{"rendered":"<p>Middelalderlig dolk &#8211; SW-075&nbsp;&nbsp;&nbsp;Smuk ridderdolk &#8211; replika &#8211; dekorativ genstand. Det er et elegant, unikt tilbeh\u00f8r, der kan v\u00e6re en interessant gave, der vil tage modtageren med tilbage til middelalderens slutning, en tid pr\u00e6get af store intriger.&nbsp;Dolken er et kort, hvidt v\u00e5ben, der hovedsageligt blev brugt i det 16. til 19. \u00e5rhundrede. Dolke har i \u00e5rtier v\u00e6ret et symbol p\u00e5 mord \u2013 i mange \u00e5r blev de brugt til lydl\u00f8se mord, herunder eliminering af politiske modstandere, s\u00e5som Julius C\u00e6sar.&nbsp;Dette er ikke et v\u00e5ben \u2013 dolken har en sl\u00f8vet klinge.&nbsp;&nbsp;Produktinformation:&nbsp;L\u00e6ngde \u2013 34 cm Materiale: st\u00e5l og plast Emballage: pap\u00e6ske, farvet, foret med gult.&nbsp;<\/p>\n","protected":false},"excerpt":{"rendered":"<p>Middelalderlig dolk &#8211; SW-075&nbsp;&nbsp;&nbsp;Smuk ridderdolk &#8211; replika &#8211; dekorativ genstand. Det er et elegant, unikt tilbeh\u00f8r, der kan v\u00e6re en interessant gave, der vil tage modtageren med tilbage til middelalderens slutning, en tid pr\u00e6get af store intriger.&nbsp;Dolken er et kort, hvidt v\u00e5ben, der hovedsageligt blev brugt i det 16. til 19. \u00e5rhundrede. Dolke har i [&hellip;]<\/p>\n","protected":false},"featured_media":44773,"comment_status":"open","ping_status":"closed","template":"","meta":[],"product_brand":[],"product_cat":[31],"product_tag":[],"class_list":{"0":"post-26981","1":"product","2":"type-product","3":"status-publish","4":"has-post-thumbnail","6":"product_cat-uncategorized-da","8":"first","9":"instock","10":"shipping-taxable","11":"purchasable","12":"product-type-simple"},"_links":{"self":[{"href":"https:\/\/nordicmart.andreevmaster.com\/da\/wp-json\/wp\/v2\/product\/26981","targetHints":{"allow":["GET"]}}],"collection":[{"href":"https:\/\/nordicmart.andreevmaster.com\/da\/wp-json\/wp\/v2\/product"}],"about":[{"href":"https:\/\/nordicmart.andreevmaster.com\/da\/wp-json\/wp\/v2\/types\/product"}],"replies":[{"embeddable":true,"href":"https:\/\/nordicmart.andreevmaster.com\/da\/wp-json\/wp\/v2\/comments?post=26981"}],"wp:featuredmedia":[{"embeddable":true,"href":"https:\/\/nordicmart.andreevmaster.com\/da\/wp-json\/wp\/v2\/media\/44773"}],"wp:attachment":[{"href":"https:\/\/nordicmart.andreevmaster.com\/da\/wp-json\/wp\/v2\/media?parent=26981"}],"wp:term":[{"taxonomy":"product_brand","embeddable":true,"href":"https:\/\/nordicmart.andreevmaster.com\/da\/wp-json\/wp\/v2\/product_brand?post=26981"},{"taxonomy":"product_cat","embeddable":true,"href":"https:\/\/nordicmart.andreevmaster.com\/da\/wp-json\/wp\/v2\/product_cat?post=26981"},{"taxonomy":"product_tag","embeddable":true,"href":"https:\/\/nordicmart.andreevmaster.com\/da\/wp-json\/wp\/v2\/product_tag?post=26981"}],"curies":[{"name":"wp","href":"https:\/\/api.w.org\/{rel}","templated":true}]}}