{"id":26980,"date":"2026-02-27T00:34:55","date_gmt":"2026-02-27T00:34:55","guid":{"rendered":"https:\/\/nordicmart.andreevmaster.com\/product\/injusa-spidey-ride-on-motorcykel-push-toy\/"},"modified":"2026-02-27T09:13:57","modified_gmt":"2026-02-27T09:13:57","slug":"injusa-spidey-ride-on-motorcykel-push-toy","status":"publish","type":"product","link":"https:\/\/nordicmart.andreevmaster.com\/da\/vare\/injusa-spidey-ride-on-motorcykel-push-toy\/","title":{"rendered":"INJUSA Spidey Ride-On Motorcykel Push Toy"},"content":{"rendered":"<p>Et fantastisk 2-hjulet k\u00f8ret\u00f8j fra INJUSA, som alle sm\u00e5 motorcyklister dr\u00f8mmer om. Det har store, brede hjul, der sikrer sikkerhed, stabilitet og nem balance. Leget\u00f8jet er lavet af materialer af h\u00f8j kvalitet, der er modstandsdygtige over for vejrforhold. Takket v\u00e6re IML-teknologi er klisterm\u00e6rkerne p\u00e5 motorcyklen indlejret i produktet, hvilket forhindrer dem i at skr\u00e6lle af.<\/p>\n<p>Egenskaber:<\/p>\n<p>* &#8211; bl\u00e5 og r\u00f8d Spider-Man-motorcykel med k\u00f8relicens til b\u00f8rn fra 18 m\u00e5neder,<br \/>\n* &#8211; brede hjul giver mulighed for sikker og tryg l\u00e6ring af at k\u00f8re p\u00e5 leget\u00f8jet,<br \/>\n* &#8211; leget\u00f8jet er udstyret med store hjul, der er perfekte til forskellige overflader. Derudover er forhjulet drejeligt for mere komfortabel styring og drejning,<br \/>\n* &#8211; leget\u00f8jet har ogs\u00e5 et praktisk b\u00e6reh\u00e5ndtag placeret ved siden af rattet,<br \/>\n* &#8211; Klisterm\u00e6rker indlejret i plasten ved hj\u00e6lp af IML-teknologi garanterer holdbarhed og kvalitet.* &#8211; k\u00f8ret\u00f8jet kr\u00e6ver ikke samling,<br \/>\n* &#8211; den maksimale belastning er 30 kg,<br \/>\n* &#8211; s\u00e6det er 32 cm h\u00f8jt,<br \/>\n* &#8211; hjulst\u00f8rrelse: 9 tommer.<\/p>\n<p>INJUSA &#8211; Produkter fra et kendt spansk firma, der har v\u00e6ret p\u00e5 markedet siden 1947, kendetegnet ved h\u00f8j kvalitet og ekstraordin\u00e6r opm\u00e6rksomhed for detaljer. Alle produkter, s\u00e5som elektriske k\u00f8ret\u00f8jer, cykler, l\u00f8becykler, trehjulede cykler og legehuse, er designet med sikkerhed og uendelig sjov for \u00f8je, hvilket har en positiv indvirkning p\u00e5 b\u00f8rns motoriske udvikling og fantasi. Hvert produkt er testet og designet af et team af specialister, der er involveret i produktionen af leget\u00f8j til b\u00f8rn. Injusa-leget\u00f8j er den bedste gave, du kan give, og ikke kun til dine b\u00f8rn. Injusa vil g\u00f8re dit barns verden endnu mere munter og farverig med gl\u00e6delig leg.<\/p>\n","protected":false},"excerpt":{"rendered":"<p>Et fantastisk 2-hjulet k\u00f8ret\u00f8j fra INJUSA, som alle sm\u00e5 motorcyklister dr\u00f8mmer om. Det har store, brede hjul, der sikrer sikkerhed, stabilitet og nem balance. Leget\u00f8jet er lavet af materialer af h\u00f8j kvalitet, der er modstandsdygtige over for vejrforhold. Takket v\u00e6re IML-teknologi er klisterm\u00e6rkerne p\u00e5 motorcyklen indlejret i produktet, hvilket forhindrer dem i at skr\u00e6lle af. [&hellip;]<\/p>\n","protected":false},"featured_media":0,"comment_status":"open","ping_status":"closed","template":"","meta":[],"product_brand":[],"product_cat":[31],"product_tag":[],"class_list":{"0":"post-26980","1":"product","2":"type-product","3":"status-publish","5":"product_cat-uncategorized-da","7":"first","8":"instock","9":"shipping-taxable","10":"purchasable","11":"product-type-simple"},"_links":{"self":[{"href":"https:\/\/nordicmart.andreevmaster.com\/da\/wp-json\/wp\/v2\/product\/26980","targetHints":{"allow":["GET"]}}],"collection":[{"href":"https:\/\/nordicmart.andreevmaster.com\/da\/wp-json\/wp\/v2\/product"}],"about":[{"href":"https:\/\/nordicmart.andreevmaster.com\/da\/wp-json\/wp\/v2\/types\/product"}],"replies":[{"embeddable":true,"href":"https:\/\/nordicmart.andreevmaster.com\/da\/wp-json\/wp\/v2\/comments?post=26980"}],"wp:attachment":[{"href":"https:\/\/nordicmart.andreevmaster.com\/da\/wp-json\/wp\/v2\/media?parent=26980"}],"wp:term":[{"taxonomy":"product_brand","embeddable":true,"href":"https:\/\/nordicmart.andreevmaster.com\/da\/wp-json\/wp\/v2\/product_brand?post=26980"},{"taxonomy":"product_cat","embeddable":true,"href":"https:\/\/nordicmart.andreevmaster.com\/da\/wp-json\/wp\/v2\/product_cat?post=26980"},{"taxonomy":"product_tag","embeddable":true,"href":"https:\/\/nordicmart.andreevmaster.com\/da\/wp-json\/wp\/v2\/product_tag?post=26980"}],"curies":[{"name":"wp","href":"https:\/\/api.w.org\/{rel}","templated":true}]}}