{"id":26978,"date":"2026-02-27T00:34:55","date_gmt":"2026-02-27T00:34:55","guid":{"rendered":"https:\/\/nordicmart.andreevmaster.com\/product\/injusa-mickey-mouse-ride-on-motor-balance-bike-2\/"},"modified":"2026-02-27T09:13:56","modified_gmt":"2026-02-27T09:13:56","slug":"injusa-mickey-mouse-ride-on-motor-balance-bike-2","status":"publish","type":"product","link":"https:\/\/nordicmart.andreevmaster.com\/da\/vare\/injusa-mickey-mouse-ride-on-motor-balance-bike-2\/","title":{"rendered":"INJUSA Mickey Mouse Ride-On Motor Balance Bike"},"content":{"rendered":"<p>Et sensationelt produkt fra Injusa \u2013 et ergonomisk, robust og imponerende ride-on leget\u00f8j med Mickey Mouse-licens. Ride-on leget\u00f8jet er designet til b\u00f8rn, der allerede har taget deres f\u00f8rste skridt. Det er konstrueret, s\u00e5 de kan afpr\u00f8ve og udvikle nye f\u00e6rdigheder \u2013 at stige op, stige af, skubbe fra og styre. Det er lavet af holdbart plast og er perfekt til b\u00f8rnehaver.<\/p>\n<p>Egenskaber:<\/p>\n<p>* &#8211; r\u00f8dt, bl\u00e5t og gult leget\u00f8j med Mickey Mouse-licens til b\u00f8rn fra 18 m\u00e5neder og opefter,<br \/>\n* &#8211; brede hjul giver mulighed for sikker og tryg l\u00e6ring af leget\u00f8jet,<br \/>\n* &#8211; leget\u00f8jet er udstyret med store hjul, der er perfekte til forskellige overflader. Derudover er forhjulet drejeligt for mere komfortabel styring og drejning,<br \/>\n* &#8211; leget\u00f8jet har ogs\u00e5 et praktisk b\u00e6reh\u00e5ndtag placeret ved siden af rattet,<br \/>\n* &#8211; Klisterm\u00e6rker indlejret i plasten ved hj\u00e6lp af IML-teknologi garanterer holdbarhed og kvalitet.* &#8211; den maksimale belastning er 30 kg,<br \/>\n* &#8211; k\u00f8ret\u00f8jet kr\u00e6ver ikke samling,<br \/>\n* &#8211; s\u00e6det er 33 cm h\u00f8jt,<br \/>\n* &#8211; hjulst\u00f8rrelse: 9 tommer.<\/p>\n","protected":false},"excerpt":{"rendered":"<p>Et sensationelt produkt fra Injusa \u2013 et ergonomisk, robust og imponerende ride-on leget\u00f8j med Mickey Mouse-licens. Ride-on leget\u00f8jet er designet til b\u00f8rn, der allerede har taget deres f\u00f8rste skridt. Det er konstrueret, s\u00e5 de kan afpr\u00f8ve og udvikle nye f\u00e6rdigheder \u2013 at stige op, stige af, skubbe fra og styre. Det er lavet af holdbart [&hellip;]<\/p>\n","protected":false},"featured_media":0,"comment_status":"open","ping_status":"closed","template":"","meta":[],"product_brand":[],"product_cat":[31],"product_tag":[],"class_list":{"0":"post-26978","1":"product","2":"type-product","3":"status-publish","5":"product_cat-uncategorized-da","7":"first","8":"instock","9":"shipping-taxable","10":"purchasable","11":"product-type-simple"},"_links":{"self":[{"href":"https:\/\/nordicmart.andreevmaster.com\/da\/wp-json\/wp\/v2\/product\/26978","targetHints":{"allow":["GET"]}}],"collection":[{"href":"https:\/\/nordicmart.andreevmaster.com\/da\/wp-json\/wp\/v2\/product"}],"about":[{"href":"https:\/\/nordicmart.andreevmaster.com\/da\/wp-json\/wp\/v2\/types\/product"}],"replies":[{"embeddable":true,"href":"https:\/\/nordicmart.andreevmaster.com\/da\/wp-json\/wp\/v2\/comments?post=26978"}],"wp:attachment":[{"href":"https:\/\/nordicmart.andreevmaster.com\/da\/wp-json\/wp\/v2\/media?parent=26978"}],"wp:term":[{"taxonomy":"product_brand","embeddable":true,"href":"https:\/\/nordicmart.andreevmaster.com\/da\/wp-json\/wp\/v2\/product_brand?post=26978"},{"taxonomy":"product_cat","embeddable":true,"href":"https:\/\/nordicmart.andreevmaster.com\/da\/wp-json\/wp\/v2\/product_cat?post=26978"},{"taxonomy":"product_tag","embeddable":true,"href":"https:\/\/nordicmart.andreevmaster.com\/da\/wp-json\/wp\/v2\/product_tag?post=26978"}],"curies":[{"name":"wp","href":"https:\/\/api.w.org\/{rel}","templated":true}]}}