{"id":26977,"date":"2026-02-27T00:34:55","date_gmt":"2026-02-27T00:34:55","guid":{"rendered":"https:\/\/nordicmart.andreevmaster.com\/product\/injusa-repsol-push-bike-2\/"},"modified":"2026-02-27T09:13:56","modified_gmt":"2026-02-27T09:13:56","slug":"injusa-repsol-push-bike-2","status":"publish","type":"product","link":"https:\/\/nordicmart.andreevmaster.com\/da\/vare\/injusa-repsol-push-bike-2\/","title":{"rendered":"INJUSA Repsol Push Bike"},"content":{"rendered":"<p>Dette leget\u00f8j fra det ber\u00f8mte spanske firma INJUSA er det perfekte valg til de yngste bilentusiaster. Takket v\u00e6re de brede hjul kan dit barn nemt holde balancen, mens det ergonomiske s\u00e6de og det drejelige forhjul sikrer en behagelig og sikker k\u00f8reoplevelse. Den officielle Repsol-licens og det sporty design i sort og orange giver k\u00f8ret\u00f8jet et unikt look. Den solide konstruktion og de holdbare klisterm\u00e6rker, der er fremstillet ved hj\u00e6lp af IML-teknologi, garanterer en lang levetid. Den er perfekt til b\u00e5de indend\u00f8rs og udend\u00f8rs brug, og takket v\u00e6re det praktiske h\u00e5ndtag er den nem at b\u00e6re.<\/p>\n<p>Egenskaber:<\/p>\n<p>* &#8211; til b\u00f8rn fra 18 m\u00e5neder.<br \/>\n* &#8211; Sort og orange motorcykel-ride-on-leget\u00f8j<br \/>\n* &#8211; Repsol-licens \u2013 sporty design inspireret af racerl\u00f8b<br \/>\n* &#8211; Brede hjul giver mulighed for sikker og tryg l\u00e6ring af ride-on-leget\u00f8jet.* &#8211; Leget\u00f8jet er udstyret med store hjul, der er perfekte til forskellige overflader. Derudover er forhjulet drejeligt for mere komfortabel styring og svingning. * &#8211; Leget\u00f8jet har ogs\u00e5 et praktisk b\u00e6reh\u00e5ndtag placeret ved siden af rattet. * &#8211; Klisterm\u00e6rker indlejret i plasten ved hj\u00e6lp af IML-teknologi garanterer holdbarhed og kvalitet.* &#8211; K\u00f8ret\u00f8jet kr\u00e6ver ingen samling.<br \/>\n* &#8211; Den maksimale belastning er 30 kg.<br \/>\n* &#8211; S\u00e6det er 32 cm h\u00f8jt.<br \/>\n* &#8211; Hjulst\u00f8rrelse: 9 tommer. <\/p>\n<p>INJUSA &#8211; Produkter fra et kendt spansk firma, der har v\u00e6ret p\u00e5 markedet siden 1947, kendetegnet ved h\u00f8j kvalitet og ekstraordin\u00e6r opm\u00e6rksomhed for detaljer. Alle produkter, s\u00e5som elektriske k\u00f8ret\u00f8jer, cykler, l\u00f8becykler, trehjulede cykler og legehuse, er designet med sikkerhed og uendelig sjov for \u00f8je, hvilket har en positiv indvirkning p\u00e5 b\u00f8rns motoriske udvikling og fantasi. Hvert produkt er testet og designet af et team af specialister, der er involveret i produktionen af leget\u00f8j til b\u00f8rn. Injusa-leget\u00f8j er den bedste gave, du kan give, og ikke kun til dine b\u00f8rn. Injusa vil g\u00f8re dit barns verden endnu mere munter og farverig med gl\u00e6delig leg. Advarsel: Personligt beskyttelsesudstyr skal bruges. M\u00e5 ikke bruges i trafikken.<\/p>\n","protected":false},"excerpt":{"rendered":"<p>Dette leget\u00f8j fra det ber\u00f8mte spanske firma INJUSA er det perfekte valg til de yngste bilentusiaster. Takket v\u00e6re de brede hjul kan dit barn nemt holde balancen, mens det ergonomiske s\u00e6de og det drejelige forhjul sikrer en behagelig og sikker k\u00f8reoplevelse. Den officielle Repsol-licens og det sporty design i sort og orange giver k\u00f8ret\u00f8jet et [&hellip;]<\/p>\n","protected":false},"featured_media":0,"comment_status":"open","ping_status":"closed","template":"","meta":[],"product_brand":[],"product_cat":[31],"product_tag":[],"class_list":{"0":"post-26977","1":"product","2":"type-product","3":"status-publish","5":"product_cat-uncategorized-da","7":"first","8":"instock","9":"shipping-taxable","10":"purchasable","11":"product-type-simple"},"_links":{"self":[{"href":"https:\/\/nordicmart.andreevmaster.com\/da\/wp-json\/wp\/v2\/product\/26977","targetHints":{"allow":["GET"]}}],"collection":[{"href":"https:\/\/nordicmart.andreevmaster.com\/da\/wp-json\/wp\/v2\/product"}],"about":[{"href":"https:\/\/nordicmart.andreevmaster.com\/da\/wp-json\/wp\/v2\/types\/product"}],"replies":[{"embeddable":true,"href":"https:\/\/nordicmart.andreevmaster.com\/da\/wp-json\/wp\/v2\/comments?post=26977"}],"wp:attachment":[{"href":"https:\/\/nordicmart.andreevmaster.com\/da\/wp-json\/wp\/v2\/media?parent=26977"}],"wp:term":[{"taxonomy":"product_brand","embeddable":true,"href":"https:\/\/nordicmart.andreevmaster.com\/da\/wp-json\/wp\/v2\/product_brand?post=26977"},{"taxonomy":"product_cat","embeddable":true,"href":"https:\/\/nordicmart.andreevmaster.com\/da\/wp-json\/wp\/v2\/product_cat?post=26977"},{"taxonomy":"product_tag","embeddable":true,"href":"https:\/\/nordicmart.andreevmaster.com\/da\/wp-json\/wp\/v2\/product_tag?post=26977"}],"curies":[{"name":"wp","href":"https:\/\/api.w.org\/{rel}","templated":true}]}}