{"id":26975,"date":"2026-02-27T00:34:54","date_gmt":"2026-02-27T00:34:54","guid":{"rendered":"https:\/\/nordicmart.andreevmaster.com\/product\/smoby-flextreme-neon-car-track-med-bilstarter-saet\/"},"modified":"2026-02-27T09:13:56","modified_gmt":"2026-02-27T09:13:56","slug":"smoby-flextreme-neon-car-track-med-bilstarter-saet","status":"publish","type":"product","link":"https:\/\/nordicmart.andreevmaster.com\/da\/vare\/smoby-flextreme-neon-car-track-med-bilstarter-saet\/","title":{"rendered":"SMOBY Flextreme Neon Car Track med bilstarter-s\u00e6t"},"content":{"rendered":"<p>Med dette s\u00e6t kan du skabe fleksible baner til halsbr\u00e6kkende nedk\u00f8rsler, utrolige loop, sp\u00e6ndende sving og meget mere. Uanset om det er loop, ekstreme skr\u00e5ninger, sp\u00e6ndende spiraler eller skarpe sving, vil du aldrig kede dig igen med Smoby Flextreme racerbanen. Den fleksible og modulopbyggede racerbane giver mulighed for vilde ruter og sp\u00e6ndende ture i dit barns v\u00e6relse.<\/p>\n<p>N\u00e5r alt banearbejdet er f\u00e6rdigt, placeres den lukkede racerbil i pole position. Turen p\u00e5 banen ventes med sp\u00e6nding. Vil den lille racerbil kunne klare alle udfordringerne?<\/p>\n<p>Egenskaber:<\/p>\n<p>* &#8211; S\u00e6ttet best\u00e5r af 112 farverige elementer, som kan bruges til at bygge en racerbane p\u00e5 op til 2,6 m.<br \/>\n* &#8211; S\u00e6ttet indeholder en racerbil med aftageligt karosseri.<br \/>\n* &#8211; Baner med et clip-on-system (s\u00e5 banerne ikke g\u00e5r fra hinanden, de kl\u00e6ber sammen, og hele konstruktionen er stabil og fleksibel).<br \/>\n* &#8211; Du kan til enhver tid ombygge banen for at skabe sp\u00e6ndende spiraler og ekstreme h\u00e6ldninger.<br \/>\n* &#8211; Banelementerne lyser op.* &#8211; Bilen startes med en start\/stop-knap. * &#8211; Takket v\u00e6re et specielt drev kan bilen ikke v\u00e6lte og kan nemt k\u00f8re p\u00e5 hovedet i loop. * &#8211; Oplyste for- og baglygter sikrer sp\u00e6ndende k\u00f8rsel om natten i et m\u00f8rkt rum.* &#8211; Bilen er 10 cm lang. * &#8211; Der medf\u00f8lger en LED-strip, som banen er bygget p\u00e5, s\u00e5 den lyser op langs hele banens l\u00e6ngde og tunnelen med det elektriske modul. * &#8211; Kr\u00e6ver 6 x AAA-batterier (3 til bilen, 3 til tunnelen) &#8211; testbatterier medf\u00f8lger i s\u00e6ttet.<\/p>\n","protected":false},"excerpt":{"rendered":"<p>Med dette s\u00e6t kan du skabe fleksible baner til halsbr\u00e6kkende nedk\u00f8rsler, utrolige loop, sp\u00e6ndende sving og meget mere. Uanset om det er loop, ekstreme skr\u00e5ninger, sp\u00e6ndende spiraler eller skarpe sving, vil du aldrig kede dig igen med Smoby Flextreme racerbanen. Den fleksible og modulopbyggede racerbane giver mulighed for vilde ruter og sp\u00e6ndende ture i dit [&hellip;]<\/p>\n","protected":false},"featured_media":0,"comment_status":"open","ping_status":"closed","template":"","meta":[],"product_brand":[],"product_cat":[31],"product_tag":[],"class_list":{"0":"post-26975","1":"product","2":"type-product","3":"status-publish","5":"product_cat-uncategorized-da","7":"first","8":"instock","9":"shipping-taxable","10":"purchasable","11":"product-type-simple"},"_links":{"self":[{"href":"https:\/\/nordicmart.andreevmaster.com\/da\/wp-json\/wp\/v2\/product\/26975","targetHints":{"allow":["GET"]}}],"collection":[{"href":"https:\/\/nordicmart.andreevmaster.com\/da\/wp-json\/wp\/v2\/product"}],"about":[{"href":"https:\/\/nordicmart.andreevmaster.com\/da\/wp-json\/wp\/v2\/types\/product"}],"replies":[{"embeddable":true,"href":"https:\/\/nordicmart.andreevmaster.com\/da\/wp-json\/wp\/v2\/comments?post=26975"}],"wp:attachment":[{"href":"https:\/\/nordicmart.andreevmaster.com\/da\/wp-json\/wp\/v2\/media?parent=26975"}],"wp:term":[{"taxonomy":"product_brand","embeddable":true,"href":"https:\/\/nordicmart.andreevmaster.com\/da\/wp-json\/wp\/v2\/product_brand?post=26975"},{"taxonomy":"product_cat","embeddable":true,"href":"https:\/\/nordicmart.andreevmaster.com\/da\/wp-json\/wp\/v2\/product_cat?post=26975"},{"taxonomy":"product_tag","embeddable":true,"href":"https:\/\/nordicmart.andreevmaster.com\/da\/wp-json\/wp\/v2\/product_tag?post=26975"}],"curies":[{"name":"wp","href":"https:\/\/api.w.org\/{rel}","templated":true}]}}