{"id":26974,"date":"2026-02-27T00:34:54","date_gmt":"2026-02-27T00:34:54","guid":{"rendered":"https:\/\/nordicmart.andreevmaster.com\/product\/berg-xl-strandvogn-til-born\/"},"modified":"2026-02-27T09:13:56","modified_gmt":"2026-02-27T09:13:56","slug":"berg-xl-strandvogn-til-born","status":"publish","type":"product","link":"https:\/\/nordicmart.andreevmaster.com\/da\/vare\/berg-xl-strandvogn-til-born\/","title":{"rendered":"BERG XL strandvogn til b\u00f8rn"},"content":{"rendered":"<p>Denne klapvogn fra det kendte firma Berg er perfekt til leg i haven. Den er altid klar til en dejlig tur rundt i byen eller en picnic i parken og kan bruges som vogn til redskaber og andet leget\u00f8j, s\u00e5 dine b\u00f8rn kan f\u00e5 endnu mere ud af at v\u00e6re ude. Produktet er lavet af holdbart materiale af h\u00f8j kvalitet, der kan holde til mere end \u00e9t eventyr. Vognen har et behageligt, praktisk h\u00e5ndtag, der er velegnet til sm\u00e5 b\u00f8rn at gribe fat i. Vognen er nem at samle og kan let opbevares i bagagerummet p\u00e5 en bil. En megaattraktion for alle sm\u00e5b\u00f8rn!<\/p>\n<p>Funktioner:<\/p>\n<p>* &#8211; praktisk og p\u00e5lideligt udstyr til sjov i haven,<br \/>\n* &#8211; h\u00f8jkvalitets, holdbart materiale,<br \/>\n* &#8211; behageligt, praktisk h\u00e5ndtag.<\/p>\n<p>Berg-leget\u00f8j er sportsudstyr af h\u00f8jeste kvalitet til b\u00f8rn og voksne. Den hollandske producents sortiment omfatter de bedste havetrampoliner, pedalgokarts og elektriske gokarts. Berg tilbyder modeller til b\u00f8rn, der kan tilpasses barnets behov og evner, men ogs\u00e5 trampoliner og gokarts, der kan bruges af voksne. Berg st\u00e5r for h\u00f8jeste kvalitet og omhyggeligt h\u00e5ndv\u00e6rk. Du kan altid stole p\u00e5 deres leget\u00f8j!<\/p>\n","protected":false},"excerpt":{"rendered":"<p>Denne klapvogn fra det kendte firma Berg er perfekt til leg i haven. Den er altid klar til en dejlig tur rundt i byen eller en picnic i parken og kan bruges som vogn til redskaber og andet leget\u00f8j, s\u00e5 dine b\u00f8rn kan f\u00e5 endnu mere ud af at v\u00e6re ude. Produktet er lavet af [&hellip;]<\/p>\n","protected":false},"featured_media":0,"comment_status":"open","ping_status":"closed","template":"","meta":[],"product_brand":[],"product_cat":[31],"product_tag":[],"class_list":{"0":"post-26974","1":"product","2":"type-product","3":"status-publish","5":"product_cat-uncategorized-da","7":"first","8":"instock","9":"shipping-taxable","10":"purchasable","11":"product-type-simple"},"_links":{"self":[{"href":"https:\/\/nordicmart.andreevmaster.com\/da\/wp-json\/wp\/v2\/product\/26974","targetHints":{"allow":["GET"]}}],"collection":[{"href":"https:\/\/nordicmart.andreevmaster.com\/da\/wp-json\/wp\/v2\/product"}],"about":[{"href":"https:\/\/nordicmart.andreevmaster.com\/da\/wp-json\/wp\/v2\/types\/product"}],"replies":[{"embeddable":true,"href":"https:\/\/nordicmart.andreevmaster.com\/da\/wp-json\/wp\/v2\/comments?post=26974"}],"wp:attachment":[{"href":"https:\/\/nordicmart.andreevmaster.com\/da\/wp-json\/wp\/v2\/media?parent=26974"}],"wp:term":[{"taxonomy":"product_brand","embeddable":true,"href":"https:\/\/nordicmart.andreevmaster.com\/da\/wp-json\/wp\/v2\/product_brand?post=26974"},{"taxonomy":"product_cat","embeddable":true,"href":"https:\/\/nordicmart.andreevmaster.com\/da\/wp-json\/wp\/v2\/product_cat?post=26974"},{"taxonomy":"product_tag","embeddable":true,"href":"https:\/\/nordicmart.andreevmaster.com\/da\/wp-json\/wp\/v2\/product_tag?post=26974"}],"curies":[{"name":"wp","href":"https:\/\/api.w.org\/{rel}","templated":true}]}}