{"id":26973,"date":"2026-02-27T00:34:54","date_gmt":"2026-02-27T00:34:54","guid":{"rendered":"https:\/\/nordicmart.andreevmaster.com\/product\/berg-xl-trailer-cart-for-children-2\/"},"modified":"2026-02-27T09:13:55","modified_gmt":"2026-02-27T09:13:55","slug":"berg-xl-trailer-cart-for-children-2","status":"publish","type":"product","link":"https:\/\/nordicmart.andreevmaster.com\/da\/vare\/berg-xl-trailer-cart-for-children-2\/","title":{"rendered":"BERG XL Trailer Cart for Children"},"content":{"rendered":"<p>Denne b\u00f8rnevogn fra det kendte firma Berg er perfekt til sjov i haven. Traileren kan bruges som vogn til redskaber og andet leget\u00f8j, s\u00e5 dine b\u00f8rn kan f\u00e5 endnu mere ud af deres tid udend\u00f8rs. Produktet er fremstillet af holdbart materiale af h\u00f8j kvalitet, der kan holde til mere end \u00e9t eventyr. Vognen har et behageligt, praktisk h\u00e5ndtag, der er velegnet til sm\u00e5 b\u00f8rn at holde fast i.<\/p>\n<p>Egenskaber:<\/p>\n<p>* &#8211; praktisk og p\u00e5lideligt udstyr til sjov i haven,<br \/>\n* &#8211; holdbart materiale af h\u00f8j kvalitet,<br \/>\n* &#8211; behageligt, praktisk h\u00e5ndtag.<\/p>\n","protected":false},"excerpt":{"rendered":"<p>Denne b\u00f8rnevogn fra det kendte firma Berg er perfekt til sjov i haven. Traileren kan bruges som vogn til redskaber og andet leget\u00f8j, s\u00e5 dine b\u00f8rn kan f\u00e5 endnu mere ud af deres tid udend\u00f8rs. Produktet er fremstillet af holdbart materiale af h\u00f8j kvalitet, der kan holde til mere end \u00e9t eventyr. Vognen har et [&hellip;]<\/p>\n","protected":false},"featured_media":0,"comment_status":"open","ping_status":"closed","template":"","meta":[],"product_brand":[],"product_cat":[31],"product_tag":[],"class_list":{"0":"post-26973","1":"product","2":"type-product","3":"status-publish","5":"product_cat-uncategorized-da","7":"first","8":"instock","9":"shipping-taxable","10":"purchasable","11":"product-type-simple"},"_links":{"self":[{"href":"https:\/\/nordicmart.andreevmaster.com\/da\/wp-json\/wp\/v2\/product\/26973","targetHints":{"allow":["GET"]}}],"collection":[{"href":"https:\/\/nordicmart.andreevmaster.com\/da\/wp-json\/wp\/v2\/product"}],"about":[{"href":"https:\/\/nordicmart.andreevmaster.com\/da\/wp-json\/wp\/v2\/types\/product"}],"replies":[{"embeddable":true,"href":"https:\/\/nordicmart.andreevmaster.com\/da\/wp-json\/wp\/v2\/comments?post=26973"}],"wp:attachment":[{"href":"https:\/\/nordicmart.andreevmaster.com\/da\/wp-json\/wp\/v2\/media?parent=26973"}],"wp:term":[{"taxonomy":"product_brand","embeddable":true,"href":"https:\/\/nordicmart.andreevmaster.com\/da\/wp-json\/wp\/v2\/product_brand?post=26973"},{"taxonomy":"product_cat","embeddable":true,"href":"https:\/\/nordicmart.andreevmaster.com\/da\/wp-json\/wp\/v2\/product_cat?post=26973"},{"taxonomy":"product_tag","embeddable":true,"href":"https:\/\/nordicmart.andreevmaster.com\/da\/wp-json\/wp\/v2\/product_tag?post=26973"}],"curies":[{"name":"wp","href":"https:\/\/api.w.org\/{rel}","templated":true}]}}