{"id":26972,"date":"2026-02-27T00:34:53","date_gmt":"2026-02-27T00:34:53","guid":{"rendered":"https:\/\/nordicmart.andreevmaster.com\/product\/little-tikes-picnic-house-med-terrasse-og-magisk-klokke-naturlig\/"},"modified":"2026-02-27T09:13:55","modified_gmt":"2026-02-27T09:13:55","slug":"little-tikes-picnic-house-med-terrasse-og-magisk-klokke-naturlig","status":"publish","type":"product","link":"https:\/\/nordicmart.andreevmaster.com\/da\/vare\/little-tikes-picnic-house-med-terrasse-og-magisk-klokke-naturlig\/","title":{"rendered":"Little Tikes Picnic House med terrasse og magisk klokke &#8211; naturlig"},"content":{"rendered":"<p>Udstyr:<\/p>\n<p>-Indvendigt er huset udstyret med en komfur med &#8220;br\u00e6ndere&#8221; og &#8220;klik-haner&#8221; samt en imiteret ovn, skab og pejs.-Huset har et integreret bord og to taburetter udenfor. -M\u00e5ltiderne kan serveres p\u00e5 denne unikke terrasse gennem vinduet. -S\u00e6ttet indeholder et 19-delt tilbeh\u00f8rss\u00e6t: &#8220;f\u00f8devarer&#8221;, k\u00f8kkenudstyr og en telefon.-S\u00e6ttet indeholder et 19-delt tilbeh\u00f8rss\u00e6t: &#8220;f\u00f8devarer&#8221;, k\u00f8kkenudstyr og en telefon.<\/p>\n<p>-Der er en brevkasse i d\u00f8ren til huset.<\/p>\n<p>-Huset har en magisk d\u00f8rklokke, der spiller 6 forskellige sjove lyde.<\/p>\n<p>Little Tikes-produkter er kendt og elsket p\u00e5 alle kontinenter, i mange hjem, af utallige smilende b\u00f8rn og tilfredse for\u00e6ldre. Little Tikes fremstiller produkter, der opfylder alle n\u00f8dvendige sikkerhedsstandarder. Med produktets holdbarhed for \u00f8je er leget\u00f8jet designet og fremstillet ved hj\u00e6lp af den mest passende teknologi, rotationsst\u00f8bning, hvilket garanterer mange \u00e5rs sjov.<\/p>\n","protected":false},"excerpt":{"rendered":"<p>Udstyr: -Indvendigt er huset udstyret med en komfur med &#8220;br\u00e6ndere&#8221; og &#8220;klik-haner&#8221; samt en imiteret ovn, skab og pejs.-Huset har et integreret bord og to taburetter udenfor. -M\u00e5ltiderne kan serveres p\u00e5 denne unikke terrasse gennem vinduet. -S\u00e6ttet indeholder et 19-delt tilbeh\u00f8rss\u00e6t: &#8220;f\u00f8devarer&#8221;, k\u00f8kkenudstyr og en telefon.-S\u00e6ttet indeholder et 19-delt tilbeh\u00f8rss\u00e6t: &#8220;f\u00f8devarer&#8221;, k\u00f8kkenudstyr og en telefon. [&hellip;]<\/p>\n","protected":false},"featured_media":0,"comment_status":"open","ping_status":"closed","template":"","meta":[],"product_brand":[],"product_cat":[31],"product_tag":[],"class_list":{"0":"post-26972","1":"product","2":"type-product","3":"status-publish","5":"product_cat-uncategorized-da","7":"first","8":"instock","9":"shipping-taxable","10":"purchasable","11":"product-type-simple"},"_links":{"self":[{"href":"https:\/\/nordicmart.andreevmaster.com\/da\/wp-json\/wp\/v2\/product\/26972","targetHints":{"allow":["GET"]}}],"collection":[{"href":"https:\/\/nordicmart.andreevmaster.com\/da\/wp-json\/wp\/v2\/product"}],"about":[{"href":"https:\/\/nordicmart.andreevmaster.com\/da\/wp-json\/wp\/v2\/types\/product"}],"replies":[{"embeddable":true,"href":"https:\/\/nordicmart.andreevmaster.com\/da\/wp-json\/wp\/v2\/comments?post=26972"}],"wp:attachment":[{"href":"https:\/\/nordicmart.andreevmaster.com\/da\/wp-json\/wp\/v2\/media?parent=26972"}],"wp:term":[{"taxonomy":"product_brand","embeddable":true,"href":"https:\/\/nordicmart.andreevmaster.com\/da\/wp-json\/wp\/v2\/product_brand?post=26972"},{"taxonomy":"product_cat","embeddable":true,"href":"https:\/\/nordicmart.andreevmaster.com\/da\/wp-json\/wp\/v2\/product_cat?post=26972"},{"taxonomy":"product_tag","embeddable":true,"href":"https:\/\/nordicmart.andreevmaster.com\/da\/wp-json\/wp\/v2\/product_tag?post=26972"}],"curies":[{"name":"wp","href":"https:\/\/api.w.org\/{rel}","templated":true}]}}