{"id":26971,"date":"2026-02-27T00:34:53","date_gmt":"2026-02-27T00:34:53","guid":{"rendered":"https:\/\/nordicmart.andreevmaster.com\/product\/little-tikes-playground-clubhouse-slide-swing-2\/"},"modified":"2026-02-27T09:13:55","modified_gmt":"2026-02-27T09:13:55","slug":"little-tikes-playground-clubhouse-slide-swing-2","status":"publish","type":"product","link":"https:\/\/nordicmart.andreevmaster.com\/da\/vare\/little-tikes-playground-clubhouse-slide-swing-2\/","title":{"rendered":"Little Tikes Playground Clubhouse Slide Swing"},"content":{"rendered":"<p>Denne klassiske legeplads med et unikt design vil gl\u00e6de alle b\u00f8rn og opmuntre dem til at tilbringe tid udend\u00f8rs.<\/p>\n<p>S\u00e6ttet indeholder 2 gynger og en rutsjebane med en l\u00e6ngde p\u00e5 116 cm. Den midterste del har et overd\u00e6kket rum, som man kan komme ind i via en klatrev\u00e6g eller en rebstige.<\/p>\n<p>Egenskaber:<\/p>\n<p>* &#8211; holdbarhed,<br \/>\n* &#8211; stabil konstruktion,<br \/>\n* &#8211; maksimal v\u00e6gt for et barn 27 kg, maksimalt for 4 b\u00f8rn,<br \/>\n* &#8211; rutsjebane med en l\u00e6ngde p\u00e5 116 cm,* &#8211; klatrev\u00e6g og rebstige,* &#8211; overd\u00e6kket platform med rat,* &#8211; legepladsen kr\u00e6ver ikke permanent fastg\u00f8relse til jorden. Little Tikes tilbyder kreative l\u00f8sninger og holdbarhed, der giver b\u00f8rnene mulighed for at nyde legen i mange \u00e5r. Derfor er et af virksomhedens flagskibsprodukter Cozy Coupe\u00ae-k\u00f8ret\u00f8jet, som har gl\u00e6det b\u00f8rn i over tredive \u00e5r. Det omfatter ogs\u00e5 leget\u00f8j fra f\u00f8lgende kategorier: legehuse, husholdningsartikler, gynger og legepladser, gyngestole og g\u00e5vogne, m\u00f8bler, haveleget\u00f8j, b\u00f8rnek\u00f8ret\u00f8jer, rutsjebaner og klatrestativer.<\/p>\n","protected":false},"excerpt":{"rendered":"<p>Denne klassiske legeplads med et unikt design vil gl\u00e6de alle b\u00f8rn og opmuntre dem til at tilbringe tid udend\u00f8rs. S\u00e6ttet indeholder 2 gynger og en rutsjebane med en l\u00e6ngde p\u00e5 116 cm. Den midterste del har et overd\u00e6kket rum, som man kan komme ind i via en klatrev\u00e6g eller en rebstige. Egenskaber: * &#8211; holdbarhed, [&hellip;]<\/p>\n","protected":false},"featured_media":0,"comment_status":"open","ping_status":"closed","template":"","meta":[],"product_brand":[],"product_cat":[31],"product_tag":[],"class_list":{"0":"post-26971","1":"product","2":"type-product","3":"status-publish","5":"product_cat-uncategorized-da","7":"first","8":"instock","9":"shipping-taxable","10":"purchasable","11":"product-type-simple"},"_links":{"self":[{"href":"https:\/\/nordicmart.andreevmaster.com\/da\/wp-json\/wp\/v2\/product\/26971","targetHints":{"allow":["GET"]}}],"collection":[{"href":"https:\/\/nordicmart.andreevmaster.com\/da\/wp-json\/wp\/v2\/product"}],"about":[{"href":"https:\/\/nordicmart.andreevmaster.com\/da\/wp-json\/wp\/v2\/types\/product"}],"replies":[{"embeddable":true,"href":"https:\/\/nordicmart.andreevmaster.com\/da\/wp-json\/wp\/v2\/comments?post=26971"}],"wp:attachment":[{"href":"https:\/\/nordicmart.andreevmaster.com\/da\/wp-json\/wp\/v2\/media?parent=26971"}],"wp:term":[{"taxonomy":"product_brand","embeddable":true,"href":"https:\/\/nordicmart.andreevmaster.com\/da\/wp-json\/wp\/v2\/product_brand?post=26971"},{"taxonomy":"product_cat","embeddable":true,"href":"https:\/\/nordicmart.andreevmaster.com\/da\/wp-json\/wp\/v2\/product_cat?post=26971"},{"taxonomy":"product_tag","embeddable":true,"href":"https:\/\/nordicmart.andreevmaster.com\/da\/wp-json\/wp\/v2\/product_tag?post=26971"}],"curies":[{"name":"wp","href":"https:\/\/api.w.org\/{rel}","templated":true}]}}