{"id":26970,"date":"2026-02-27T00:34:53","date_gmt":"2026-02-27T00:34:53","guid":{"rendered":"https:\/\/nordicmart.andreevmaster.com\/product\/little-tikes-stor-lyserod-rutsjebane-150-cm\/"},"modified":"2026-02-27T09:13:55","modified_gmt":"2026-02-27T09:13:55","slug":"little-tikes-stor-lyserod-rutsjebane-150-cm","status":"publish","type":"product","link":"https:\/\/nordicmart.andreevmaster.com\/da\/vare\/little-tikes-stor-lyserod-rutsjebane-150-cm\/","title":{"rendered":"Little Tikes stor lyser\u00f8d rutsjebane 150 cm"},"content":{"rendered":"<p>Udstyr:<\/p>\n<p>-150 cm lang rutsjebane<\/p>\n<p>-Udstyret med brede trin, der ender med en base, der sikrer stabilitet<\/p>\n<p>-Rutsjebanen kan foldes sammen for nem opbevaring<\/p>\n<p>Little Tikes-produkter er kendt og elsket p\u00e5 alle kontinenter, i mange hjem, af utallige smilende b\u00f8rn og tilfredse for\u00e6ldre. Little Tikes fremstiller produkter, der garanterer alle n\u00f8dvendige sikkerhedsstandarder. Med produktets holdbarhed for \u00f8je er leget\u00f8jet designet og fremstillet ved hj\u00e6lp af den mest passende teknologi, rotationsst\u00f8bning, der garanterer mange \u00e5rs sjov.<\/p>\n","protected":false},"excerpt":{"rendered":"<p>Udstyr: -150 cm lang rutsjebane -Udstyret med brede trin, der ender med en base, der sikrer stabilitet -Rutsjebanen kan foldes sammen for nem opbevaring Little Tikes-produkter er kendt og elsket p\u00e5 alle kontinenter, i mange hjem, af utallige smilende b\u00f8rn og tilfredse for\u00e6ldre. Little Tikes fremstiller produkter, der garanterer alle n\u00f8dvendige sikkerhedsstandarder. Med produktets holdbarhed [&hellip;]<\/p>\n","protected":false},"featured_media":0,"comment_status":"open","ping_status":"closed","template":"","meta":[],"product_brand":[],"product_cat":[31],"product_tag":[],"class_list":{"0":"post-26970","1":"product","2":"type-product","3":"status-publish","5":"product_cat-uncategorized-da","7":"first","8":"instock","9":"shipping-taxable","10":"purchasable","11":"product-type-simple"},"_links":{"self":[{"href":"https:\/\/nordicmart.andreevmaster.com\/da\/wp-json\/wp\/v2\/product\/26970","targetHints":{"allow":["GET"]}}],"collection":[{"href":"https:\/\/nordicmart.andreevmaster.com\/da\/wp-json\/wp\/v2\/product"}],"about":[{"href":"https:\/\/nordicmart.andreevmaster.com\/da\/wp-json\/wp\/v2\/types\/product"}],"replies":[{"embeddable":true,"href":"https:\/\/nordicmart.andreevmaster.com\/da\/wp-json\/wp\/v2\/comments?post=26970"}],"wp:attachment":[{"href":"https:\/\/nordicmart.andreevmaster.com\/da\/wp-json\/wp\/v2\/media?parent=26970"}],"wp:term":[{"taxonomy":"product_brand","embeddable":true,"href":"https:\/\/nordicmart.andreevmaster.com\/da\/wp-json\/wp\/v2\/product_brand?post=26970"},{"taxonomy":"product_cat","embeddable":true,"href":"https:\/\/nordicmart.andreevmaster.com\/da\/wp-json\/wp\/v2\/product_cat?post=26970"},{"taxonomy":"product_tag","embeddable":true,"href":"https:\/\/nordicmart.andreevmaster.com\/da\/wp-json\/wp\/v2\/product_tag?post=26970"}],"curies":[{"name":"wp","href":"https:\/\/api.w.org\/{rel}","templated":true}]}}