{"id":26968,"date":"2026-02-27T00:34:52","date_gmt":"2026-02-27T00:34:52","guid":{"rendered":"https:\/\/nordicmart.andreevmaster.com\/product\/berg-sideskorter-til-race-gokarts\/"},"modified":"2026-02-27T09:13:54","modified_gmt":"2026-02-27T09:13:54","slug":"berg-sideskorter-til-race-gokarts","status":"publish","type":"product","link":"https:\/\/nordicmart.andreevmaster.com\/da\/vare\/berg-sideskorter-til-race-gokarts\/","title":{"rendered":"BERG Sidesk\u00f8rter til Race gokarts"},"content":{"rendered":"<p>F\u00f8l dig som en rigtig rallyk\u00f8rer! Kompletter din Berg gokart med ekstra sidesk\u00f8rter, der er designet specielt til Race gokarts. Sk\u00f8rterne har klisterm\u00e6rker med sporty designs, der passer perfekt til resten af k\u00f8ret\u00f8jet. Dette tilbeh\u00f8r vil helt sikkert g\u00f8re din gokart mere imponerende. Produktv\u00e6gt: 5,68 kg. BERG er et hollandsk firma med over 30 \u00e5rs erfaring i produktion og salg af leget\u00f8j. Berg-k\u00f8ret\u00f8jer er udelukkende fremstillet af ekstremt holdbare og sikre materialer af h\u00f8jeste kvalitet. Hvert stykke leget\u00f8j er testet af b\u00f8rn, hvilket garanterer dets p\u00e5lidelighed i mange, mange \u00e5r!<\/p>\n","protected":false},"excerpt":{"rendered":"<p>F\u00f8l dig som en rigtig rallyk\u00f8rer! Kompletter din Berg gokart med ekstra sidesk\u00f8rter, der er designet specielt til Race gokarts. Sk\u00f8rterne har klisterm\u00e6rker med sporty designs, der passer perfekt til resten af k\u00f8ret\u00f8jet. Dette tilbeh\u00f8r vil helt sikkert g\u00f8re din gokart mere imponerende. Produktv\u00e6gt: 5,68 kg. BERG er et hollandsk firma med over 30 \u00e5rs [&hellip;]<\/p>\n","protected":false},"featured_media":0,"comment_status":"open","ping_status":"closed","template":"","meta":[],"product_brand":[],"product_cat":[31],"product_tag":[],"class_list":{"0":"post-26968","1":"product","2":"type-product","3":"status-publish","5":"product_cat-uncategorized-da","7":"first","8":"instock","9":"shipping-taxable","10":"purchasable","11":"product-type-simple"},"_links":{"self":[{"href":"https:\/\/nordicmart.andreevmaster.com\/da\/wp-json\/wp\/v2\/product\/26968","targetHints":{"allow":["GET"]}}],"collection":[{"href":"https:\/\/nordicmart.andreevmaster.com\/da\/wp-json\/wp\/v2\/product"}],"about":[{"href":"https:\/\/nordicmart.andreevmaster.com\/da\/wp-json\/wp\/v2\/types\/product"}],"replies":[{"embeddable":true,"href":"https:\/\/nordicmart.andreevmaster.com\/da\/wp-json\/wp\/v2\/comments?post=26968"}],"wp:attachment":[{"href":"https:\/\/nordicmart.andreevmaster.com\/da\/wp-json\/wp\/v2\/media?parent=26968"}],"wp:term":[{"taxonomy":"product_brand","embeddable":true,"href":"https:\/\/nordicmart.andreevmaster.com\/da\/wp-json\/wp\/v2\/product_brand?post=26968"},{"taxonomy":"product_cat","embeddable":true,"href":"https:\/\/nordicmart.andreevmaster.com\/da\/wp-json\/wp\/v2\/product_cat?post=26968"},{"taxonomy":"product_tag","embeddable":true,"href":"https:\/\/nordicmart.andreevmaster.com\/da\/wp-json\/wp\/v2\/product_tag?post=26968"}],"curies":[{"name":"wp","href":"https:\/\/api.w.org\/{rel}","templated":true}]}}