{"id":26967,"date":"2026-02-27T00:34:52","date_gmt":"2026-02-27T00:34:52","guid":{"rendered":"https:\/\/nordicmart.andreevmaster.com\/product\/berg-udstodningsror-til-gokarts-udstodningssystem\/"},"modified":"2026-02-27T09:13:54","modified_gmt":"2026-02-27T09:13:54","slug":"berg-udstodningsror-til-gokarts-udstodningssystem","status":"publish","type":"product","link":"https:\/\/nordicmart.andreevmaster.com\/da\/vare\/berg-udstodningsror-til-gokarts-udstodningssystem\/","title":{"rendered":"BERG Udst\u00f8dningsr\u00f8r til gokarts Udst\u00f8dningssystem"},"content":{"rendered":"<p>Berg udst\u00f8dningsr\u00f8ret g\u00f8r din gokart endnu sejere!<\/p>\n<p>Udst\u00f8dningssystemet er smukt designet og kan ikke skelnes fra det \u00e6gte. Delen kan nemt fastg\u00f8res til styrr\u00f8rsbeslaget.<\/p>\n<p>Den passer til FARM gokarts og andre store modeller.<\/p>\n<p>Giv den det rigtige design og tag afsted p\u00e5 din rejse!<\/p>\n<p>Berg leget\u00f8j er sportsudstyr af h\u00f8jeste kvalitet til b\u00f8rn og voksne. Den hollandske producents sortiment omfatter de bedste trampoliner til haven, pedalgokarts og elektriske gokarts. Berg tilbyder modeller til b\u00f8rn, der kan tilpasses til dit barns behov og evner, samt trampoliner og gokarts, der ogs\u00e5 kan bruges af voksne. Berg st\u00e5r for h\u00f8jeste kvalitet og omhyggeligt h\u00e5ndv\u00e6rk. Du kan altid stole p\u00e5 deres leget\u00f8j!<\/p>\n","protected":false},"excerpt":{"rendered":"<p>Berg udst\u00f8dningsr\u00f8ret g\u00f8r din gokart endnu sejere! Udst\u00f8dningssystemet er smukt designet og kan ikke skelnes fra det \u00e6gte. Delen kan nemt fastg\u00f8res til styrr\u00f8rsbeslaget. Den passer til FARM gokarts og andre store modeller. Giv den det rigtige design og tag afsted p\u00e5 din rejse! Berg leget\u00f8j er sportsudstyr af h\u00f8jeste kvalitet til b\u00f8rn og voksne. [&hellip;]<\/p>\n","protected":false},"featured_media":0,"comment_status":"open","ping_status":"closed","template":"","meta":[],"product_brand":[],"product_cat":[31],"product_tag":[],"class_list":{"0":"post-26967","1":"product","2":"type-product","3":"status-publish","5":"product_cat-uncategorized-da","7":"first","8":"instock","9":"shipping-taxable","10":"purchasable","11":"product-type-simple"},"_links":{"self":[{"href":"https:\/\/nordicmart.andreevmaster.com\/da\/wp-json\/wp\/v2\/product\/26967","targetHints":{"allow":["GET"]}}],"collection":[{"href":"https:\/\/nordicmart.andreevmaster.com\/da\/wp-json\/wp\/v2\/product"}],"about":[{"href":"https:\/\/nordicmart.andreevmaster.com\/da\/wp-json\/wp\/v2\/types\/product"}],"replies":[{"embeddable":true,"href":"https:\/\/nordicmart.andreevmaster.com\/da\/wp-json\/wp\/v2\/comments?post=26967"}],"wp:attachment":[{"href":"https:\/\/nordicmart.andreevmaster.com\/da\/wp-json\/wp\/v2\/media?parent=26967"}],"wp:term":[{"taxonomy":"product_brand","embeddable":true,"href":"https:\/\/nordicmart.andreevmaster.com\/da\/wp-json\/wp\/v2\/product_brand?post=26967"},{"taxonomy":"product_cat","embeddable":true,"href":"https:\/\/nordicmart.andreevmaster.com\/da\/wp-json\/wp\/v2\/product_cat?post=26967"},{"taxonomy":"product_tag","embeddable":true,"href":"https:\/\/nordicmart.andreevmaster.com\/da\/wp-json\/wp\/v2\/product_tag?post=26967"}],"curies":[{"name":"wp","href":"https:\/\/api.w.org\/{rel}","templated":true}]}}