{"id":26965,"date":"2026-02-27T00:34:52","date_gmt":"2026-02-27T00:34:52","guid":{"rendered":"https:\/\/nordicmart.andreevmaster.com\/product\/berg-passagersaede-til-race-gls-gokart-op-til-30-kg\/"},"modified":"2026-02-27T09:13:54","modified_gmt":"2026-02-27T09:13:54","slug":"berg-passagersaede-til-race-gls-gokart-op-til-30-kg","status":"publish","type":"product","link":"https:\/\/nordicmart.andreevmaster.com\/da\/vare\/berg-passagersaede-til-race-gls-gokart-op-til-30-kg\/","title":{"rendered":"BERG Passagers\u00e6de til Race GLS gokart Op til 30 kg"},"content":{"rendered":"<p>Ekstra passagers\u00e6de til Berg gokarts. Dette s\u00e6de er et fantastisk tilbeh\u00f8r til din gokart, n\u00e5r du vil give din ven, s\u00f8ster eller bror en tur! St\u00f8tten under s\u00e6det forhindrer k\u00f8ret\u00f8jet i at v\u00e6lte, n\u00e5r det er overbelastet. S\u00e6det er lavet af materialer af h\u00f8j kvalitet og af h\u00f8jeste tekniske standard. S\u00e6det er designet til, at to personer kan k\u00f8re i gokarten.<\/p>\n<p>Egenskaber:<\/p>\n<p>* S\u00e6dev\u00e6gt: 4,6 kg,<br \/>\n* Maksimal s\u00e6debelastning: 30 kg.<br \/>\n* S\u00e6det er designet til, at to personer kan k\u00f8re gokart<br \/>\n* S\u00e6det er ikke kompatibelt med gokarts fra Buddy- og Rally-serien og kan ikke monteres samtidig med Rollbar.<\/p>\n","protected":false},"excerpt":{"rendered":"<p>Ekstra passagers\u00e6de til Berg gokarts. Dette s\u00e6de er et fantastisk tilbeh\u00f8r til din gokart, n\u00e5r du vil give din ven, s\u00f8ster eller bror en tur! St\u00f8tten under s\u00e6det forhindrer k\u00f8ret\u00f8jet i at v\u00e6lte, n\u00e5r det er overbelastet. S\u00e6det er lavet af materialer af h\u00f8j kvalitet og af h\u00f8jeste tekniske standard. S\u00e6det er designet til, at [&hellip;]<\/p>\n","protected":false},"featured_media":0,"comment_status":"open","ping_status":"closed","template":"","meta":[],"product_brand":[],"product_cat":[31],"product_tag":[],"class_list":{"0":"post-26965","1":"product","2":"type-product","3":"status-publish","5":"product_cat-uncategorized-da","7":"first","8":"instock","9":"shipping-taxable","10":"purchasable","11":"product-type-simple"},"_links":{"self":[{"href":"https:\/\/nordicmart.andreevmaster.com\/da\/wp-json\/wp\/v2\/product\/26965","targetHints":{"allow":["GET"]}}],"collection":[{"href":"https:\/\/nordicmart.andreevmaster.com\/da\/wp-json\/wp\/v2\/product"}],"about":[{"href":"https:\/\/nordicmart.andreevmaster.com\/da\/wp-json\/wp\/v2\/types\/product"}],"replies":[{"embeddable":true,"href":"https:\/\/nordicmart.andreevmaster.com\/da\/wp-json\/wp\/v2\/comments?post=26965"}],"wp:attachment":[{"href":"https:\/\/nordicmart.andreevmaster.com\/da\/wp-json\/wp\/v2\/media?parent=26965"}],"wp:term":[{"taxonomy":"product_brand","embeddable":true,"href":"https:\/\/nordicmart.andreevmaster.com\/da\/wp-json\/wp\/v2\/product_brand?post=26965"},{"taxonomy":"product_cat","embeddable":true,"href":"https:\/\/nordicmart.andreevmaster.com\/da\/wp-json\/wp\/v2\/product_cat?post=26965"},{"taxonomy":"product_tag","embeddable":true,"href":"https:\/\/nordicmart.andreevmaster.com\/da\/wp-json\/wp\/v2\/product_tag?post=26965"}],"curies":[{"name":"wp","href":"https:\/\/api.w.org\/{rel}","templated":true}]}}